{"id":653,"date":"2025-02-20T15:27:01","date_gmt":"2025-02-20T15:27:01","guid":{"rendered":"https:\/\/maisonmathilde.artover.fr\/?post_type=product&#038;p=653"},"modified":"2025-03-28T08:29:01","modified_gmt":"2025-03-28T04:29:01","slug":"carte-cadeau","status":"publish","type":"product","link":"https:\/\/maisonmathilde.mu\/en\/produit\/carte-cadeau\/","title":{"rendered":"Carte cadeau"},"content":{"rendered":"<p><strong data-start=\"49\" data-end=\"117\">Sublimez chaque occasion avec nos cartes cadeaux Maison Mathilde<\/strong> \u2728<br data-start=\"119\" data-end=\"122\" \/>Offrez la libert\u00e9 de choisir parmi notre s\u00e9lection exclusive de soins, maquillages et produits cosm\u00e9tiques. Une touche d&#8217;\u00e9l\u00e9gance et de bien-\u00eatre, parfaite pour chaque moment sp\u00e9cial. \ud83c\udf81\ud83d\udc96<\/p>\n","protected":false},"excerpt":{"rendered":"<p>Sublimez chaque occasion avec nos cartes cadeaux Maison Mathilde \u2728Offrez la libert\u00e9 de choisir parmi notre s\u00e9lection exclusive de soins, maquillages et produits cosm\u00e9tiques. Une touche d&#8217;\u00e9l\u00e9gance et de bien-\u00eatre, parfaite pour chaque moment sp\u00e9cial. \ud83c\udf81\ud83d\udc96<\/p>\n","protected":false},"featured_media":1417,"template":"","meta":{"_acf_changed":false},"product_brand":[],"product_cat":[32],"product_tag":[],"class_list":{"0":"post-653","1":"product","2":"type-product","3":"status-publish","4":"has-post-thumbnail","6":"product_cat-mwb_wgm_giftcard","8":"first","9":"instock","10":"shipping-taxable","11":"purchasable","12":"product-type-wgm_gift_card"},"acf":[],"_links":{"self":[{"href":"https:\/\/maisonmathilde.mu\/en\/wp-json\/wp\/v2\/product\/653","targetHints":{"allow":["GET"]}}],"collection":[{"href":"https:\/\/maisonmathilde.mu\/en\/wp-json\/wp\/v2\/product"}],"about":[{"href":"https:\/\/maisonmathilde.mu\/en\/wp-json\/wp\/v2\/types\/product"}],"version-history":[{"count":5,"href":"https:\/\/maisonmathilde.mu\/en\/wp-json\/wp\/v2\/product\/653\/revisions"}],"predecessor-version":[{"id":1411,"href":"https:\/\/maisonmathilde.mu\/en\/wp-json\/wp\/v2\/product\/653\/revisions\/1411"}],"wp:featuredmedia":[{"embeddable":true,"href":"https:\/\/maisonmathilde.mu\/en\/wp-json\/wp\/v2\/media\/1417"}],"wp:attachment":[{"href":"https:\/\/maisonmathilde.mu\/en\/wp-json\/wp\/v2\/media?parent=653"}],"wp:term":[{"taxonomy":"product_brand","embeddable":true,"href":"https:\/\/maisonmathilde.mu\/en\/wp-json\/wp\/v2\/product_brand?post=653"},{"taxonomy":"product_cat","embeddable":true,"href":"https:\/\/maisonmathilde.mu\/en\/wp-json\/wp\/v2\/product_cat?post=653"},{"taxonomy":"product_tag","embeddable":true,"href":"https:\/\/maisonmathilde.mu\/en\/wp-json\/wp\/v2\/product_tag?post=653"}],"curies":[{"name":"wp","href":"https:\/\/api.w.org\/{rel}","templated":true}]}}