{"id":4862,"date":"2026-05-12T13:15:27","date_gmt":"2026-05-12T09:15:27","guid":{"rendered":"https:\/\/maisonmathilde.mu\/?post_type=product&#038;p=4862"},"modified":"2026-05-12T13:15:27","modified_gmt":"2026-05-12T09:15:27","slug":"coffret-jeunesse","status":"publish","type":"product","link":"https:\/\/maisonmathilde.mu\/en\/produit\/coffret-jeunesse\/","title":{"rendered":"Coffret Jeunesse"},"content":{"rendered":"<p data-start=\"29\" data-end=\"448\">Le temps, le stress, la pollution, le soleil, la fatigue ou encore le manque de sommeil laissent progressivement leur empreinte sur la peau. <strong>Le teint devient moins lumineux, les traits paraissent plus fatigu\u00e9s, la peau perd en souplesse et les premi\u00e8res ridules commencent \u00e0 s\u2019installer<\/strong>. Pourtant, pr\u00e9server une peau \u00e9clatante et rebondie ne passe pas forc\u00e9ment par une routine compliqu\u00e9e ou des dizaines de produits.<\/p>\n<p data-start=\"450\" data-end=\"771\">Le <strong>Coffret<\/strong> <strong>Jeunesse<\/strong> a \u00e9t\u00e9 imagin\u00e9 comme une <strong>routine<\/strong> <strong>visage<\/strong> compl\u00e8te, <strong>simple<\/strong> et <strong>ultra<\/strong> <strong>efficace<\/strong> pour nettoyer, prot\u00e9ger et pr\u00e9server la jeunesse de la peau au quotidien. <strong>Trois soins compl\u00e9mentaires travaillent en synergie<\/strong> pour aider la <strong>peau<\/strong> \u00e0 rester <strong>fra\u00eeche<\/strong>, <strong>lumineuse<\/strong>, <strong>hydrat\u00e9e<\/strong> et visiblement plus saine jour apr\u00e8s jour.<\/p>\n<p data-start=\"773\" data-end=\"1093\">Cette routine associe la <strong>Mousse<\/strong> <strong>Purifiante<\/strong> La Canop\u00e9e, la <strong>Brume<\/strong> <strong>Anti<\/strong>&#8211;<strong>Pollution<\/strong> La Canop\u00e9e et la <strong>Cr\u00e8me<\/strong> <strong>Anti<\/strong>&#8211;<strong>\u00c2ge<\/strong> Najel \u2014 trois soins aux actifs naturels puissants qui ciblent les principaux facteurs responsables du vieillissement cutan\u00e9 pr\u00e9matur\u00e9 : <strong>pollution<\/strong>, <strong>stress<\/strong> oxydatif, <strong>d\u00e9shydratation<\/strong> et <strong>accumulation<\/strong> <strong>d\u2019impuret\u00e9s<\/strong>.<\/p>\n<p data-start=\"1095\" data-end=\"1420\">La <strong>premi\u00e8re \u00e9tape de la routine commence avec la Mousse Purifiante<\/strong> La Canop\u00e9e. Beaucoup de nettoyants agressifs fragilisent la peau, perturbent son \u00e9quilibre naturel et provoquent inconfort, tiraillements ou exc\u00e8s de s\u00e9bum compensatoire. Cette mousse nettoyante naturelle adopte l\u2019approche inverse : purifier sans agresser.<\/p>\n<p data-start=\"1774\" data-end=\"2113\"><strong>La Brume Anti-Pollution<\/strong> La Canop\u00e9e agit ensuite comme un v\u00e9ritable <strong>bouclier<\/strong> urbain. Invisible mais omnipr\u00e9sente, la pollution est aujourd\u2019hui l\u2019un des principaux acc\u00e9l\u00e9rateurs du vieillissement cutan\u00e9. Particules fines, fum\u00e9e, climatisation et lumi\u00e8re bleue g\u00e9n\u00e8rent un stress oxydatif permanent qui ternit le teint et fragilise la peau.<\/p>\n<p data-start=\"2115\" data-end=\"2543\">Quelques vaporisations suffisent pour r\u00e9hydrater la peau, raviver l\u2019\u00e9clat du teint et cr\u00e9er une sensation imm\u00e9diate de fra\u00eecheur. Elle s\u2019utilise aussi bien le matin, apr\u00e8s le nettoyage, qu\u2019au cours de la journ\u00e9e pour prot\u00e9ger la peau des agressions urbaines.<\/p>\n<p data-start=\"2545\" data-end=\"2861\"><strong>Enfin, la Cr\u00e8me Anti-\u00c2ge Najel<\/strong> vient compl\u00e9ter la routine avec une action <strong>nourrissante<\/strong>, <strong>lissante<\/strong> et <strong>r\u00e9g\u00e9n\u00e9rante<\/strong>. Riche en huiles v\u00e9g\u00e9tales et actifs naturels reconnus pour leurs propri\u00e9t\u00e9s anti-\u00e2ge, elle aide \u00e0 pr\u00e9server l\u2019\u00e9lasticit\u00e9 de la peau, am\u00e9liorer sa souplesse et r\u00e9duire l\u2019apparence des premi\u00e8res ridules.<\/p>\n<p data-start=\"2863\" data-end=\"3082\">Sa texture confortable hydrate durablement sans effet lourd tout en laissant la peau plus douce, plus lumineuse et visiblement plus repos\u00e9e. Jour apr\u00e8s jour, la peau para\u00eet plus lisse, plus rebondie et plus \u00e9clatante.<\/p>\n<p data-start=\"3084\" data-end=\"3328\">Le <strong>Coffret Jeunesse est id\u00e9al pour celles et ceux qui souhaitent commencer une routine anti-\u00e2ge naturelle<\/strong>, prot\u00e9ger leur peau des agressions quotidiennes ou simplement retrouver une peau plus fra\u00eeche et lumineuse sans multiplier les produits.<\/p>\n<p data-start=\"3330\" data-end=\"3597\">\u2728 Nettoie sans agresser la peau<br data-start=\"3361\" data-end=\"3364\" \/>\ud83c\udf3f Prot\u00e8ge contre la pollution et le stress oxydatif<br data-start=\"3416\" data-end=\"3419\" \/>\ud83d\udca7 Hydrate et aide \u00e0 pr\u00e9server la jeunesse de la peau<br data-start=\"3472\" data-end=\"3475\" \/>\ud83d\udc86\u200d\u2640\ufe0f Routine compl\u00e8te simple et efficace<br data-start=\"3516\" data-end=\"3519\" \/>\ud83c\uddeb\ud83c\uddf7 Soins naturels &amp; clean beauty<br data-start=\"3553\" data-end=\"3556\" \/>\ud83c\udf81 Coffret id\u00e9al \u00e0 offrir ou \u00e0 s\u2019offrir<\/p>\n","protected":false},"excerpt":{"rendered":"<p data-start=\"3633\" data-end=\"3914\">Une routine compl\u00e8te pour nettoyer, prot\u00e9ger et pr\u00e9server la jeunesse de la peau. Le Coffret Jeunesse associe la Mousse Purifiante La Canop\u00e9e, la Brume Anti-Pollution La Canop\u00e9e et la Cr\u00e8me Anti-\u00c2ge Najel pour aider la peau \u00e0 rester fra\u00eeche, hydrat\u00e9e et lumineuse au quotidien.<\/p>\n<p data-start=\"3916\" data-end=\"4085\">\ud83c\udf3f Nettoie, hydrate et prot\u00e8ge contre la pollution<br data-start=\"3966\" data-end=\"3969\" \/>\ud83d\udca7 Aide \u00e0 pr\u00e9venir les signes du vieillissement cutan\u00e9<br data-start=\"4023\" data-end=\"4026\" \/>\u2728 Teint plus \u00e9clatant et peau plus souple jour apr\u00e8s jour<\/p>\n","protected":false},"featured_media":4867,"template":"","meta":{"_acf_changed":false},"product_brand":[],"product_cat":[37],"product_tag":[],"class_list":{"0":"post-4862","1":"product","2":"type-product","3":"status-publish","4":"has-post-thumbnail","6":"product_cat-coffrets-et-accessoires","8":"first","9":"instock","10":"sale","11":"shipping-taxable","12":"purchasable","13":"product-type-simple"},"acf":[],"_links":{"self":[{"href":"https:\/\/maisonmathilde.mu\/en\/wp-json\/wp\/v2\/product\/4862","targetHints":{"allow":["GET"]}}],"collection":[{"href":"https:\/\/maisonmathilde.mu\/en\/wp-json\/wp\/v2\/product"}],"about":[{"href":"https:\/\/maisonmathilde.mu\/en\/wp-json\/wp\/v2\/types\/product"}],"version-history":[{"count":3,"href":"https:\/\/maisonmathilde.mu\/en\/wp-json\/wp\/v2\/product\/4862\/revisions"}],"predecessor-version":[{"id":4873,"href":"https:\/\/maisonmathilde.mu\/en\/wp-json\/wp\/v2\/product\/4862\/revisions\/4873"}],"wp:featuredmedia":[{"embeddable":true,"href":"https:\/\/maisonmathilde.mu\/en\/wp-json\/wp\/v2\/media\/4867"}],"wp:attachment":[{"href":"https:\/\/maisonmathilde.mu\/en\/wp-json\/wp\/v2\/media?parent=4862"}],"wp:term":[{"taxonomy":"product_brand","embeddable":true,"href":"https:\/\/maisonmathilde.mu\/en\/wp-json\/wp\/v2\/product_brand?post=4862"},{"taxonomy":"product_cat","embeddable":true,"href":"https:\/\/maisonmathilde.mu\/en\/wp-json\/wp\/v2\/product_cat?post=4862"},{"taxonomy":"product_tag","embeddable":true,"href":"https:\/\/maisonmathilde.mu\/en\/wp-json\/wp\/v2\/product_tag?post=4862"}],"curies":[{"name":"wp","href":"https:\/\/api.w.org\/{rel}","templated":true}]}}