{"id":4853,"date":"2026-05-08T17:38:59","date_gmt":"2026-05-08T13:38:59","guid":{"rendered":"https:\/\/maisonmathilde.mu\/?post_type=product&#038;p=4853"},"modified":"2026-05-08T17:38:59","modified_gmt":"2026-05-08T13:38:59","slug":"baume-a-levres-cerise-oden","status":"publish","type":"product","link":"https:\/\/maisonmathilde.mu\/en\/produit\/baume-a-levres-cerise-oden\/","title":{"rendered":"Baume \u00e0 l\u00e8vres cerise &#8211; Oden"},"content":{"rendered":"<p data-start=\"29\" data-end=\"324\">Il y a des produits que l\u2019on garde au fond du sac \u201cau cas o\u00f9\u201d. Et puis il y a ceux qu\u2019on applique machinalement toute la journ\u00e9e, parce qu\u2019on ne supporte plus la sensation de l\u00e8vres s\u00e8ches d\u00e8s qu\u2019ils disparaissent. Le Baume \u00e0 L\u00e8vres Cerise Oden fait clairement partie de la deuxi\u00e8me cat\u00e9gorie.<\/p>\n<p data-start=\"326\" data-end=\"639\">Pens\u00e9 comme un v\u00e9ritable <strong>soin<\/strong> <strong>r\u00e9parateur<\/strong> quotidien, ce baume \u00e0 l\u00e8vres naturel <strong>nourrit<\/strong> intens\u00e9ment, <strong>prot\u00e8ge<\/strong> durablement et <strong>r\u00e9pare<\/strong> les l\u00e8vres fragilis\u00e9es d\u00e8s la premi\u00e8re application \u2014 tout en apportant une l\u00e9g\u00e8re touche ros\u00e9e ultra naturelle qui donne imm\u00e9diatement l\u2019air plus frais, plus lumineux et plus vivant.<\/p>\n<p data-start=\"641\" data-end=\"991\">Contrairement \u00e0 beaucoup de baumes conventionnels formul\u00e9s principalement \u00e0 base d\u2019huiles min\u00e9rales ou de cires occlusives qui cr\u00e9ent une sensation de confort temporaire sans r\u00e9ellement nourrir la peau, Oden mise sur une formule <strong>100 % d\u2019origine naturelle<\/strong> riche en <strong>huiles<\/strong> <strong>v\u00e9g\u00e9tales<\/strong> fran\u00e7aises aux propri\u00e9t\u00e9s nutritives, r\u00e9paratrices et protectrices.<\/p>\n<p data-start=\"993\" data-end=\"1371\"><strong>Son positionnement est unique<\/strong> : ce n\u2019est ni un simple baume transparent classique, ni un v\u00e9ritable produit de maquillage. C\u2019est le parfait \u00e9quilibre entre soin l\u00e8vres nourrissant et effet bonne mine naturel. Une formule qui <strong>prot\u00e8ge les l\u00e8vres du dess\u00e8chement tout en sublimant discr\u00e8tement leur couleur naturelle gr\u00e2ce \u00e0 un pigment v\u00e9g\u00e9ta<\/strong>l issu de l\u2019orcanette des teinturiers.<\/p>\n<p data-start=\"2906\" data-end=\"3258\">Mais ce qui rend ce baume particuli\u00e8rement addictif, c\u2019est surtout son <strong>exp\u00e9rience<\/strong> <strong>sensorielle<\/strong> : sa <strong>texture<\/strong> <strong>fondante<\/strong> qui <strong>glisse<\/strong> parfaitement <strong>sur<\/strong> <strong>les<\/strong> <strong>l\u00e8vres<\/strong>, sa <strong>senteur<\/strong> naturelle <strong>gourmande<\/strong> de cerise, et surtout ce fini \u201chealthy lips\u201d ultra naturel qui donne l\u2019impression d\u2019avoir des l\u00e8vres naturellement fra\u00eeches et rebondies \u2014 sans maquillage visible.<\/p>\n<p data-start=\"3260\" data-end=\"3554\">C\u2019est le produit parfait pour toutes celles qui veulent des <strong>l\u00e8vres<\/strong> <strong>belles<\/strong>, <strong>confortables<\/strong> et <strong>hydrat\u00e9es<\/strong> sans effet sophistiqu\u00e9. Celui qu\u2019on applique avant de sortir, avant de dormir, apr\u00e8s un rouge \u00e0 l\u00e8vres mat, pendant un voyage en avion ou simplement d\u00e8s que les l\u00e8vres commencent \u00e0 tirailler.<\/p>\n<p data-start=\"3556\" data-end=\"3755\">Les avis clients reviennent constamment sur les m\u00eames points : confort imm\u00e9diat, odeur gourmande, l\u00e8vres plus douces et effet bonne mine discret mais flatteur.<\/p>\n<p data-start=\"3757\" data-end=\"4029\">\ud83d\udc8b Nourrit intens\u00e9ment et prot\u00e8ge durablement<br data-start=\"3802\" data-end=\"3805\" \/>\ud83c\udf52 Laisse une l\u00e9g\u00e8re teinte ros\u00e9e naturelle<br data-start=\"3848\" data-end=\"3851\" \/>\ud83c\udf3f 100 % d\u2019origine naturelle<br data-start=\"3879\" data-end=\"3882\" \/>\u2728 Effet l\u00e8vres lisses, souples et confortables<br data-start=\"3928\" data-end=\"3931\" \/>\ud83c\uddeb\ud83c\uddf7 Fabriqu\u00e9 en France avec des ingr\u00e9dients fran\u00e7ais<br data-start=\"3984\" data-end=\"3987\" \/>\ud83d\udc84 Id\u00e9al seul ou avant un rouge \u00e0 l\u00e8vres<\/p>\n","protected":false},"excerpt":{"rendered":"<p data-start=\"4065\" data-end=\"4450\">\ud83c\udf52 Le baume \u00e0 l\u00e8vres qui combine soin r\u00e9parateur et effet bonne mine naturel. Le Baume \u00e0 L\u00e8vres Cerise Oden nourrit intens\u00e9ment les l\u00e8vres s\u00e8ches et gerc\u00e9es gr\u00e2ce \u00e0 l\u2019huile de cerise fran\u00e7aise, l\u2019huile d\u2019amande douce, le miel et la cire d\u2019abeille. Sa texture fondante prot\u00e8ge durablement sans effet lourd tandis que son pigment v\u00e9g\u00e9tal laisse une l\u00e9g\u00e8re teinte ros\u00e9e ultra naturelle.<\/p>\n<p data-start=\"4452\" data-end=\"4586\">\ud83d\udc8b L\u00e8vres nourries, douces et lumineuses<br data-start=\"4492\" data-end=\"4495\" \/>\u2728 Effet l\u00e8vres fra\u00eeches naturellement ros\u00e9es<br data-start=\"4539\" data-end=\"4542\" \/>\ud83c\udf3f 100 % naturel \u00b7 \ud83c\uddeb\ud83c\uddf7 Fabriqu\u00e9 en France<\/p>\n","protected":false},"featured_media":4847,"template":"","meta":{"_acf_changed":false},"product_brand":[38],"product_cat":[21,56],"product_tag":[],"class_list":{"0":"post-4853","1":"product","2":"type-product","3":"status-publish","4":"has-post-thumbnail","6":"product_brand-oden","7":"product_cat-visage","8":"product_cat-soins-des-levres","10":"first","11":"instock","12":"shipping-taxable","13":"purchasable","14":"product-type-simple"},"acf":[],"_links":{"self":[{"href":"https:\/\/maisonmathilde.mu\/en\/wp-json\/wp\/v2\/product\/4853","targetHints":{"allow":["GET"]}}],"collection":[{"href":"https:\/\/maisonmathilde.mu\/en\/wp-json\/wp\/v2\/product"}],"about":[{"href":"https:\/\/maisonmathilde.mu\/en\/wp-json\/wp\/v2\/types\/product"}],"version-history":[{"count":2,"href":"https:\/\/maisonmathilde.mu\/en\/wp-json\/wp\/v2\/product\/4853\/revisions"}],"predecessor-version":[{"id":4861,"href":"https:\/\/maisonmathilde.mu\/en\/wp-json\/wp\/v2\/product\/4853\/revisions\/4861"}],"wp:featuredmedia":[{"embeddable":true,"href":"https:\/\/maisonmathilde.mu\/en\/wp-json\/wp\/v2\/media\/4847"}],"wp:attachment":[{"href":"https:\/\/maisonmathilde.mu\/en\/wp-json\/wp\/v2\/media?parent=4853"}],"wp:term":[{"taxonomy":"product_brand","embeddable":true,"href":"https:\/\/maisonmathilde.mu\/en\/wp-json\/wp\/v2\/product_brand?post=4853"},{"taxonomy":"product_cat","embeddable":true,"href":"https:\/\/maisonmathilde.mu\/en\/wp-json\/wp\/v2\/product_cat?post=4853"},{"taxonomy":"product_tag","embeddable":true,"href":"https:\/\/maisonmathilde.mu\/en\/wp-json\/wp\/v2\/product_tag?post=4853"}],"curies":[{"name":"wp","href":"https:\/\/api.w.org\/{rel}","templated":true}]}}