{"id":4306,"date":"2026-03-07T15:07:54","date_gmt":"2026-03-07T11:07:54","guid":{"rendered":"https:\/\/maisonmathilde.mu\/?post_type=product&#038;p=4306"},"modified":"2026-03-30T16:23:38","modified_gmt":"2026-03-30T12:23:38","slug":"crayon-3-en-1-couleur-soin-coquelicot-eclo-copie","status":"publish","type":"product","link":"https:\/\/maisonmathilde.mu\/en\/produit\/crayon-3-en-1-couleur-soin-coquelicot-eclo-copie\/","title":{"rendered":"Crayon 3-en-1 Couleur &#038; Soin Rosewood \u2013 \u00c9clo"},"content":{"rendered":"<p>D\u00e9couvrez le Crayon 3-en-1 Couleur &amp; Soin de <a href=\"chatgpt:\/\/generic-entity?number=1\">\u00c9clo<\/a>, un maquillage innovant qui associe couleur intense et soin naturel pour sublimer votre peau en un seul geste.<\/p>\n<p>Con\u00e7u pour simplifier votre routine beaut\u00e9, ce crayon polyvalent peut s\u2019utiliser sur les l\u00e8vres, les joues et les paupi\u00e8res pour cr\u00e9er un maquillage naturel, lumineux et modulable. Sa texture fondante permet d\u2019obtenir un voile l\u00e9ger effet \u201cpeau nue\u201d ou une couleur plus intense selon vos envies.<span class=\"Apple-converted-space\">\u00a0<\/span><\/p>\n<p>Sa formule est enrichie en complexe d\u2019huiles v\u00e9g\u00e9tales et actifs naturels qui hydratent, prot\u00e8gent et adoucissent la peau tout en apportant une belle pigmentation.<span class=\"Apple-converted-space\">\u00a0<\/span><\/p>\n<p>R\u00e9sultat :<\/p>\n<p>\u2728 un teint frais et lumineux<\/p>\n<p>\ud83d\udc8b des l\u00e8vres confortables et nourries<\/p>\n<p>\ud83c\udf3f un maquillage clean qui respecte les peaux sensibles<\/p>\n<p>Avec jusqu\u2019\u00e0 99 % d\u2019ingr\u00e9dients d\u2019origine naturelle, ce crayon combine performance maquillage et bienfaits soin dans un format pratique \u00e0 emporter partout.<span class=\"Apple-converted-space\">\u00a0<\/span><\/p>\n<p>Un indispensable pour une routine beaut\u00e9 minimaliste, clean et efficace.<\/p>\n<p>&nbsp;<\/p>\n<p>100% naturel | V\u00e9gan | Made in France \ud83c\uddeb\ud83c\uddf7<\/p>\n","protected":false},"excerpt":{"rendered":"<p>Le<strong> Crayon 3-en-1 Couleur &amp; Soin \u00c9clo<\/strong> est un maquillage <strong>multifonction<\/strong> qui s\u2019utilise sur les l\u00e8vres, les joues et les yeux.<\/p>\n<p>Sa <strong>formule naturelle enrichie en huiles v\u00e9g\u00e9tales<\/strong>, vitamine E et jojoba hydrate la peau tout en apportant une couleur lumineuse au fini mat satin\u00e9.<span class=\"Apple-converted-space\">\u00a0<\/span><\/p>\n<p>Un produit parfait pour une routine beaut\u00e9 naturelle et minimaliste.<\/p>\n","protected":false},"featured_media":4307,"template":"","meta":{"_acf_changed":false},"product_brand":[34],"product_cat":[35,63,60,62],"product_tag":[],"class_list":{"0":"post-4306","1":"product","2":"type-product","3":"status-publish","4":"has-post-thumbnail","6":"product_brand-eclo","7":"product_cat-maquillage","8":"product_cat-blush","9":"product_cat-ombres-a-paupieres","10":"product_cat-rouge-a-levre","12":"first","13":"instock","14":"sale","15":"shipping-taxable","16":"purchasable","17":"product-type-simple"},"acf":[],"_links":{"self":[{"href":"https:\/\/maisonmathilde.mu\/en\/wp-json\/wp\/v2\/product\/4306","targetHints":{"allow":["GET"]}}],"collection":[{"href":"https:\/\/maisonmathilde.mu\/en\/wp-json\/wp\/v2\/product"}],"about":[{"href":"https:\/\/maisonmathilde.mu\/en\/wp-json\/wp\/v2\/types\/product"}],"version-history":[{"count":3,"href":"https:\/\/maisonmathilde.mu\/en\/wp-json\/wp\/v2\/product\/4306\/revisions"}],"predecessor-version":[{"id":4330,"href":"https:\/\/maisonmathilde.mu\/en\/wp-json\/wp\/v2\/product\/4306\/revisions\/4330"}],"wp:featuredmedia":[{"embeddable":true,"href":"https:\/\/maisonmathilde.mu\/en\/wp-json\/wp\/v2\/media\/4307"}],"wp:attachment":[{"href":"https:\/\/maisonmathilde.mu\/en\/wp-json\/wp\/v2\/media?parent=4306"}],"wp:term":[{"taxonomy":"product_brand","embeddable":true,"href":"https:\/\/maisonmathilde.mu\/en\/wp-json\/wp\/v2\/product_brand?post=4306"},{"taxonomy":"product_cat","embeddable":true,"href":"https:\/\/maisonmathilde.mu\/en\/wp-json\/wp\/v2\/product_cat?post=4306"},{"taxonomy":"product_tag","embeddable":true,"href":"https:\/\/maisonmathilde.mu\/en\/wp-json\/wp\/v2\/product_tag?post=4306"}],"curies":[{"name":"wp","href":"https:\/\/api.w.org\/{rel}","templated":true}]}}