{"id":4254,"date":"2026-03-07T12:30:33","date_gmt":"2026-03-07T08:30:33","guid":{"rendered":"https:\/\/maisonmathilde.mu\/?post_type=product&#038;p=4254"},"modified":"2026-03-30T16:24:08","modified_gmt":"2026-03-30T12:24:08","slug":"serum-levres-regenerant-a-lacide-hyaluronique-eclo","status":"publish","type":"product","link":"https:\/\/maisonmathilde.mu\/en\/produit\/serum-levres-regenerant-a-lacide-hyaluronique-eclo\/","title":{"rendered":"S\u00e9rum L\u00e8vres R\u00e9g\u00e9n\u00e9rant \u00e0 l\u2019Acide Hyaluronique \u2013 \u00c9clo"},"content":{"rendered":"<p>Offrez \u00e0 vos l\u00e8vres un v\u00e9ritable soin r\u00e9g\u00e9n\u00e9rant avec le S\u00e9rum L\u00e8vres \u00e0 l\u2019Acide Hyaluronique de la marque <a href=\"chatgpt:\/\/generic-entity?number=0\">\u00c9clo<\/a>.<\/p>\n<p>Ce soin combine l\u2019efficacit\u00e9 d\u2019un s\u00e9rum concentr\u00e9 et le confort d\u2019un baume nourrissant pour hydrater, r\u00e9parer et repulper les l\u00e8vres naturellement.<\/p>\n<p>Sa formule associe acide hyaluronique et algue Wakam\u00e9, deux actifs puissants qui agissent ensemble pour :<\/p>\n<p>\ud83d\udca7 hydrater intens\u00e9ment<\/p>\n<p>\ud83d\udc8b repulper les l\u00e8vres<\/p>\n<p>\u2728 lisser les ridules<\/p>\n<p>\ud83c\udf3f prot\u00e9ger contre la d\u00e9shydratation<\/p>\n<p>Sa texture unique huile-en-baume fond instantan\u00e9ment sur les l\u00e8vres et cr\u00e9e un effet pansement r\u00e9parateur qui apaise et prot\u00e8ge.<\/p>\n<p>Jour apr\u00e8s jour, les l\u00e8vres sont :<\/p>\n<p>\u2714\ufe0f plus douces<\/p>\n<p>\u2714\ufe0f plus lisses<\/p>\n<p>\u2714\ufe0f naturellement pulpeuses<\/p>\n<p>Un soin parfait pour les l\u00e8vres s\u00e8ches, d\u00e9shydrat\u00e9es ou ab\u00eem\u00e9es, mais aussi pour celles qui recherchent un effet glow naturel.<\/p>\n<p>100% naturel | V\u00e9gan | Made in France \ud83c\uddeb\ud83c\uddf7<\/p>\n","protected":false},"excerpt":{"rendered":"<p>Le S\u00e9rum L\u00e8vres R\u00e9g\u00e9n\u00e9rant \u00c9clo hydrate, repulpe et nourrit intens\u00e9ment gr\u00e2ce \u00e0 l\u2019acide hyaluronique et \u00e0 l\u2019algue Wakam\u00e9.<\/p>\n<p>Sa texture huile-en-baume r\u00e9pare les l\u00e8vres s\u00e8ches, lisse les ridules et r\u00e9v\u00e8le des l\u00e8vres naturellement plus pulpeuses et lumineuses.<\/p>\n","protected":false},"featured_media":4255,"template":"","meta":{"_acf_changed":false},"product_brand":[34],"product_cat":[21,56],"product_tag":[],"class_list":{"0":"post-4254","1":"product","2":"type-product","3":"status-publish","4":"has-post-thumbnail","6":"product_brand-eclo","7":"product_cat-visage","8":"product_cat-soins-des-levres","10":"first","11":"instock","12":"sale","13":"shipping-taxable","14":"purchasable","15":"product-type-simple"},"acf":[],"_links":{"self":[{"href":"https:\/\/maisonmathilde.mu\/en\/wp-json\/wp\/v2\/product\/4254","targetHints":{"allow":["GET"]}}],"collection":[{"href":"https:\/\/maisonmathilde.mu\/en\/wp-json\/wp\/v2\/product"}],"about":[{"href":"https:\/\/maisonmathilde.mu\/en\/wp-json\/wp\/v2\/types\/product"}],"version-history":[{"count":2,"href":"https:\/\/maisonmathilde.mu\/en\/wp-json\/wp\/v2\/product\/4254\/revisions"}],"predecessor-version":[{"id":4268,"href":"https:\/\/maisonmathilde.mu\/en\/wp-json\/wp\/v2\/product\/4254\/revisions\/4268"}],"wp:featuredmedia":[{"embeddable":true,"href":"https:\/\/maisonmathilde.mu\/en\/wp-json\/wp\/v2\/media\/4255"}],"wp:attachment":[{"href":"https:\/\/maisonmathilde.mu\/en\/wp-json\/wp\/v2\/media?parent=4254"}],"wp:term":[{"taxonomy":"product_brand","embeddable":true,"href":"https:\/\/maisonmathilde.mu\/en\/wp-json\/wp\/v2\/product_brand?post=4254"},{"taxonomy":"product_cat","embeddable":true,"href":"https:\/\/maisonmathilde.mu\/en\/wp-json\/wp\/v2\/product_cat?post=4254"},{"taxonomy":"product_tag","embeddable":true,"href":"https:\/\/maisonmathilde.mu\/en\/wp-json\/wp\/v2\/product_tag?post=4254"}],"curies":[{"name":"wp","href":"https:\/\/api.w.org\/{rel}","templated":true}]}}