{"id":3668,"date":"2025-09-29T13:43:30","date_gmt":"2025-09-29T09:43:30","guid":{"rendered":"https:\/\/maisonmathilde.mu\/?post_type=product&#038;p=3668"},"modified":"2026-05-02T11:31:27","modified_gmt":"2026-05-02T07:31:27","slug":"serum-bonne-mine-eclo-pre-make-up","status":"publish","type":"product","link":"https:\/\/maisonmathilde.mu\/en\/produit\/serum-bonne-mine-eclo-pre-make-up\/","title":{"rendered":"S\u00e9rum Bonne Mine &#8211; Eclo &#8211; Pr\u00e9 make-up"},"content":{"rendered":"<p>R\u00e9veillez votre peau avec le S\u00e9rum Bonne Mine \u00c9clo \u2728 \u2013 le soin pr\u00e9make-up qui fusionne maquillage &amp; soin clean beauty \ud83c\udf3f. Sa texture l\u00e9g\u00e8re, subtilement teint\u00e9e p\u00eache \ud83c\udf51, glisse sur la peau comme une caresse pour r\u00e9veiller instantan\u00e9ment l\u2019\u00e9clat du visage.<\/p>\n<p>\ud83d\udca7 Il hydrate, lisse et prot\u00e8ge tout en donnant un effet lumineux naturel, sans d\u00e9marcation ni lourdeur.<\/p>\n<p>\ud83c\udf1e R\u00e9sultat : un teint frais, d\u00e9fatigu\u00e9 et lumineux, pr\u00eat \u00e0 accueillir votre maquillage\u2026 ou \u00e0 rayonner au naturel \ud83c\udf38.<\/p>\n<p>Un indispensable clean &amp; vegan pour toutes celles qui veulent une peau \u00e9clatante et pleine de vie \ud83d\udc96.<\/p>\n<p>100% Naturel \/ V\u00e9gan \/ Bio \/ Made in France<\/p>\n","protected":false},"excerpt":{"rendered":"<p>Un s\u00e9rum bio &amp; vegan \ud83c\udf3f qui hydrate \ud83d\udca7, illumine \u2728 et pr\u00e9pare la peau pour un maquillage longue tenue \ud83d\udc84.<\/p>\n<p>Votre secret bonne mine au quotidien \ud83c\udf38.<\/p>\n","protected":false},"featured_media":3669,"template":"","meta":{"_acf_changed":false},"product_brand":[34],"product_cat":[51,35,21],"product_tag":[],"class_list":{"0":"post-3668","1":"product","2":"type-product","3":"status-publish","4":"has-post-thumbnail","6":"product_brand-eclo","7":"product_cat-serums-visages","8":"product_cat-maquillage","9":"product_cat-visage","11":"first","12":"outofstock","13":"shipping-taxable","14":"purchasable","15":"product-type-simple"},"acf":[],"_links":{"self":[{"href":"https:\/\/maisonmathilde.mu\/en\/wp-json\/wp\/v2\/product\/3668","targetHints":{"allow":["GET"]}}],"collection":[{"href":"https:\/\/maisonmathilde.mu\/en\/wp-json\/wp\/v2\/product"}],"about":[{"href":"https:\/\/maisonmathilde.mu\/en\/wp-json\/wp\/v2\/types\/product"}],"version-history":[{"count":3,"href":"https:\/\/maisonmathilde.mu\/en\/wp-json\/wp\/v2\/product\/3668\/revisions"}],"predecessor-version":[{"id":3893,"href":"https:\/\/maisonmathilde.mu\/en\/wp-json\/wp\/v2\/product\/3668\/revisions\/3893"}],"wp:featuredmedia":[{"embeddable":true,"href":"https:\/\/maisonmathilde.mu\/en\/wp-json\/wp\/v2\/media\/3669"}],"wp:attachment":[{"href":"https:\/\/maisonmathilde.mu\/en\/wp-json\/wp\/v2\/media?parent=3668"}],"wp:term":[{"taxonomy":"product_brand","embeddable":true,"href":"https:\/\/maisonmathilde.mu\/en\/wp-json\/wp\/v2\/product_brand?post=3668"},{"taxonomy":"product_cat","embeddable":true,"href":"https:\/\/maisonmathilde.mu\/en\/wp-json\/wp\/v2\/product_cat?post=3668"},{"taxonomy":"product_tag","embeddable":true,"href":"https:\/\/maisonmathilde.mu\/en\/wp-json\/wp\/v2\/product_tag?post=3668"}],"curies":[{"name":"wp","href":"https:\/\/api.w.org\/{rel}","templated":true}]}}