{"id":3613,"date":"2025-09-15T14:16:47","date_gmt":"2025-09-15T10:16:47","guid":{"rendered":"https:\/\/maisonmathilde.mu\/?post_type=product&#038;p=3613"},"modified":"2026-03-23T14:30:28","modified_gmt":"2026-03-23T10:30:28","slug":"blush-enlumineur-bronze-cuivre-eclo","status":"publish","type":"product","link":"https:\/\/maisonmathilde.mu\/en\/produit\/blush-enlumineur-bronze-cuivre-eclo\/","title":{"rendered":"Blush Enlumineur Bronze Cuivre \u2013 Eclo"},"content":{"rendered":"<p>Le Blush Enlumineur 006 Bronze Cuivre est un must-have 2-en-1 \ud83d\udc84\u2728<\/p>\n<ul>\n<li>\ud83d\udc9b Blush &amp; enlumineur pour un teint lumineux et bonne mine instantan\u00e9e<\/li>\n<li>\ud83c\udf3e Extrait de seigle \u2192 active le renouvellement de la peau &amp; booste l\u2019\u00e9clat<\/li>\n<li>\ud83e\uded2 Huile de ricin \u2192 nourrit, hydrate et adoucit<\/li>\n<li>\ud83d\udd6f\ufe0f Cires v\u00e9g\u00e9tales \u2192 texture fondante, fini seconde peau<\/li>\n<li>\ud83c\udf3f Vegan, bio et z\u00e9ro plastique \u267b\ufe0f<\/li>\n<\/ul>\n<p>Id\u00e9al pour les teints moyens \u00e0 fonc\u00e9s, il sublime le visage avec une touche chaude et iris\u00e9e \ud83c\udf05<\/p>\n","protected":false},"excerpt":{"rendered":"<p>Blush cr\u00e8me bronze-cuivre \ud83d\udc84\u2728 \u2013 Fini lumineux, naturel et fondant. Vegan \ud83c\udf3f, bio et z\u00e9ro plastique \u267b\ufe0f<\/p>\n<p>&nbsp;<\/p>\n","protected":false},"featured_media":3618,"template":"","meta":{"_acf_changed":false},"product_brand":[34],"product_cat":[35,63],"product_tag":[],"class_list":{"0":"post-3613","1":"product","2":"type-product","3":"status-publish","4":"has-post-thumbnail","6":"product_brand-eclo","7":"product_cat-maquillage","8":"product_cat-blush","10":"first","11":"instock","12":"sale","13":"shipping-taxable","14":"purchasable","15":"product-type-simple"},"acf":[],"_links":{"self":[{"href":"https:\/\/maisonmathilde.mu\/en\/wp-json\/wp\/v2\/product\/3613","targetHints":{"allow":["GET"]}}],"collection":[{"href":"https:\/\/maisonmathilde.mu\/en\/wp-json\/wp\/v2\/product"}],"about":[{"href":"https:\/\/maisonmathilde.mu\/en\/wp-json\/wp\/v2\/types\/product"}],"version-history":[{"count":4,"href":"https:\/\/maisonmathilde.mu\/en\/wp-json\/wp\/v2\/product\/3613\/revisions"}],"predecessor-version":[{"id":3880,"href":"https:\/\/maisonmathilde.mu\/en\/wp-json\/wp\/v2\/product\/3613\/revisions\/3880"}],"wp:featuredmedia":[{"embeddable":true,"href":"https:\/\/maisonmathilde.mu\/en\/wp-json\/wp\/v2\/media\/3618"}],"wp:attachment":[{"href":"https:\/\/maisonmathilde.mu\/en\/wp-json\/wp\/v2\/media?parent=3613"}],"wp:term":[{"taxonomy":"product_brand","embeddable":true,"href":"https:\/\/maisonmathilde.mu\/en\/wp-json\/wp\/v2\/product_brand?post=3613"},{"taxonomy":"product_cat","embeddable":true,"href":"https:\/\/maisonmathilde.mu\/en\/wp-json\/wp\/v2\/product_cat?post=3613"},{"taxonomy":"product_tag","embeddable":true,"href":"https:\/\/maisonmathilde.mu\/en\/wp-json\/wp\/v2\/product_tag?post=3613"}],"curies":[{"name":"wp","href":"https:\/\/api.w.org\/{rel}","templated":true}]}}