{"id":3605,"date":"2025-09-15T13:32:22","date_gmt":"2025-09-15T09:32:22","guid":{"rendered":"https:\/\/maisonmathilde.mu\/?post_type=product&#038;p=3605"},"modified":"2026-03-23T14:38:46","modified_gmt":"2026-03-23T10:38:46","slug":"liniment-a-la-lavande-la-canopee","status":"publish","type":"product","link":"https:\/\/maisonmathilde.mu\/en\/produit\/liniment-a-la-lavande-la-canopee\/","title":{"rendered":"Liniment \u00e0 la Lavande \u2013 La Canop\u00e9e"},"content":{"rendered":"<p>Le Liniment \u00e0 la Lavande transforme le change de b\u00e9b\u00e9 \ud83d\udc76 en un moment doux &amp; protecteur \ud83c\udf38<\/p>\n<p>Sa formule naturelle :<\/p>\n<ul>\n<li>\ud83e\uded2 Huile d\u2019olive bio \u2192 nourrit &amp; prot\u00e8ge la peau fragile<\/li>\n<li>\ud83c\udf3b Huile de cameline \u2192 renforce et adoucit<\/li>\n<li>\ud83d\udd6f\ufe0f Cire de candelilla \u2192 cr\u00e9e une barri\u00e8re protectrice<\/li>\n<li>\ud83c\udf38 Extrait de lavande fine \u2192 apaise et parfume d\u00e9licatement<\/li>\n<li>\ud83d\udca7 Eau de chaux \u2192 neutralise l\u2019acidit\u00e9 et pr\u00e9vient les rougeurs<\/li>\n<\/ul>\n<p>Vegan, naturel et ultra-doux, il laisse une peau prot\u00e9g\u00e9e sans rin\u00e7age \u2728<\/p>\n","protected":false},"excerpt":{"rendered":"<p>Liniment doux b\u00e9b\u00e9 \ud83d\udc76\ud83c\udf3f \u2013 nettoie, apaise et prot\u00e8ge le si\u00e8ge. Huile d\u2019olive bio, lavande fine &amp; cire v\u00e9g\u00e9tale \ud83d\udca7<\/p>\n","protected":false},"featured_media":3606,"template":"","meta":{"_acf_changed":false},"product_brand":[40],"product_cat":[50],"product_tag":[],"class_list":{"0":"post-3605","1":"product","2":"type-product","3":"status-publish","4":"has-post-thumbnail","6":"product_brand-la-canopee","7":"product_cat-soins-bebes","9":"first","10":"instock","11":"sale","12":"shipping-taxable","13":"purchasable","14":"product-type-simple"},"acf":[],"_links":{"self":[{"href":"https:\/\/maisonmathilde.mu\/en\/wp-json\/wp\/v2\/product\/3605","targetHints":{"allow":["GET"]}}],"collection":[{"href":"https:\/\/maisonmathilde.mu\/en\/wp-json\/wp\/v2\/product"}],"about":[{"href":"https:\/\/maisonmathilde.mu\/en\/wp-json\/wp\/v2\/types\/product"}],"version-history":[{"count":3,"href":"https:\/\/maisonmathilde.mu\/en\/wp-json\/wp\/v2\/product\/3605\/revisions"}],"predecessor-version":[{"id":3894,"href":"https:\/\/maisonmathilde.mu\/en\/wp-json\/wp\/v2\/product\/3605\/revisions\/3894"}],"wp:featuredmedia":[{"embeddable":true,"href":"https:\/\/maisonmathilde.mu\/en\/wp-json\/wp\/v2\/media\/3606"}],"wp:attachment":[{"href":"https:\/\/maisonmathilde.mu\/en\/wp-json\/wp\/v2\/media?parent=3605"}],"wp:term":[{"taxonomy":"product_brand","embeddable":true,"href":"https:\/\/maisonmathilde.mu\/en\/wp-json\/wp\/v2\/product_brand?post=3605"},{"taxonomy":"product_cat","embeddable":true,"href":"https:\/\/maisonmathilde.mu\/en\/wp-json\/wp\/v2\/product_cat?post=3605"},{"taxonomy":"product_tag","embeddable":true,"href":"https:\/\/maisonmathilde.mu\/en\/wp-json\/wp\/v2\/product_tag?post=3605"}],"curies":[{"name":"wp","href":"https:\/\/api.w.org\/{rel}","templated":true}]}}