{"id":3428,"date":"2025-06-11T13:03:03","date_gmt":"2025-06-11T09:03:03","guid":{"rendered":"https:\/\/maisonmathilde.mu\/?post_type=product&#038;p=3428"},"modified":"2026-03-28T10:21:05","modified_gmt":"2026-03-28T06:21:05","slug":"pack-routine-cheveux-plats-cut-by-fred","status":"publish","type":"product","link":"https:\/\/maisonmathilde.mu\/en\/produit\/pack-routine-cheveux-plats-cut-by-fred\/","title":{"rendered":"Pack Routine Cheveux Plats Cut by Fred"},"content":{"rendered":"<p data-start=\"716\" data-end=\"1063\">Les cheveux plats, souvent fins et sans tenue, peuvent vite para\u00eetre ternes ou raplapla, surtout sous un climat chaud ou humide comme celui de Maurice. Pour leur donner du corps, cette <strong data-start=\"901\" data-end=\"924\">routine en 3 \u00e9tapes<\/strong> r\u00e9unit des soins naturels et clean qui <strong data-start=\"964\" data-end=\"1004\">nettoient, texturisent et volumisent<\/strong> sans compromis sur la douceur ou la sant\u00e9 du cuir chevelu.<\/p>\n<h4 data-start=\"1065\" data-end=\"1103\">1. <strong data-start=\"1073\" data-end=\"1101\">VOLUME AYURVEDIC SHAMPOO<\/strong><\/h4>\n<p data-start=\"1104\" data-end=\"1339\">Une p\u00e2te lavante naturelle au rhassoul et aux poudres ayurv\u00e9diques. Ce shampoing apporte une sensation de l\u00e9g\u00e8ret\u00e9, de fra\u00eecheur et du volume d\u00e8s la racine. Il est id\u00e9al une \u00e0 deux fois par semaine en alternance avec un shampoing doux.<\/p>\n<h4 data-start=\"1341\" data-end=\"1370\">2. <strong data-start=\"1349\" data-end=\"1368\">VEGAN SURF MIST<\/strong><\/h4>\n<p data-start=\"1371\" data-end=\"1549\">Inspir\u00e9e de l\u2019effet \u201cretour de plage\u201d, cette brume sal\u00e9e texturise le cheveu tout en lui apportant du mouvement. Parfait pour cr\u00e9er un look d\u00e9coiff\u00e9 chic, naturel et sans effort.<\/p>\n<h4 data-start=\"1551\" data-end=\"1584\">3. <strong data-start=\"1559\" data-end=\"1582\">VEGAN VOLUME POWDER<\/strong><\/h4>\n<p data-start=\"1585\" data-end=\"1810\">Une poudre l\u00e9g\u00e8re \u00e0 tapoter en racines pour apporter <strong data-start=\"1638\" data-end=\"1665\">du gonflant et du corps<\/strong>, tout en absorbant l\u2019exc\u00e8s de s\u00e9bum. Elle fait aussi office de shampoing sec pour espacer les lavages et garder du volume entre deux shampoings.<\/p>\n","protected":false},"excerpt":{"rendered":"<p><strong data-start=\"423\" data-end=\"486\">Manque de volume ? Cheveux plats qui retombent rapidement ?<\/strong><br data-start=\"486\" data-end=\"489\" \/>Offre-leur un vrai coup de boost gr\u00e2ce \u00e0 cette routine compl\u00e8te sign\u00e9e Cut by Fred, pour des cheveux l\u00e9gers, volumineux et texturis\u00e9s naturellement, sans les alourdir ni les agresser.<\/p>\n","protected":false},"featured_media":3429,"template":"","meta":{"_acf_changed":false},"product_brand":[172],"product_cat":[20,37,175],"product_tag":[],"class_list":{"0":"post-3428","1":"product","2":"type-product","3":"status-publish","4":"has-post-thumbnail","6":"product_brand-cut-by-fred","7":"product_cat-cheveux","8":"product_cat-coffrets-et-accessoires","9":"product_cat-pack-routine-cheveux","11":"first","12":"outofstock","13":"sale","14":"shipping-taxable","15":"purchasable","16":"product-type-simple"},"acf":[],"_links":{"self":[{"href":"https:\/\/maisonmathilde.mu\/en\/wp-json\/wp\/v2\/product\/3428","targetHints":{"allow":["GET"]}}],"collection":[{"href":"https:\/\/maisonmathilde.mu\/en\/wp-json\/wp\/v2\/product"}],"about":[{"href":"https:\/\/maisonmathilde.mu\/en\/wp-json\/wp\/v2\/types\/product"}],"version-history":[{"count":2,"href":"https:\/\/maisonmathilde.mu\/en\/wp-json\/wp\/v2\/product\/3428\/revisions"}],"predecessor-version":[{"id":3432,"href":"https:\/\/maisonmathilde.mu\/en\/wp-json\/wp\/v2\/product\/3428\/revisions\/3432"}],"wp:featuredmedia":[{"embeddable":true,"href":"https:\/\/maisonmathilde.mu\/en\/wp-json\/wp\/v2\/media\/3429"}],"wp:attachment":[{"href":"https:\/\/maisonmathilde.mu\/en\/wp-json\/wp\/v2\/media?parent=3428"}],"wp:term":[{"taxonomy":"product_brand","embeddable":true,"href":"https:\/\/maisonmathilde.mu\/en\/wp-json\/wp\/v2\/product_brand?post=3428"},{"taxonomy":"product_cat","embeddable":true,"href":"https:\/\/maisonmathilde.mu\/en\/wp-json\/wp\/v2\/product_cat?post=3428"},{"taxonomy":"product_tag","embeddable":true,"href":"https:\/\/maisonmathilde.mu\/en\/wp-json\/wp\/v2\/product_tag?post=3428"}],"curies":[{"name":"wp","href":"https:\/\/api.w.org\/{rel}","templated":true}]}}