{"id":3418,"date":"2025-06-11T12:59:10","date_gmt":"2025-06-11T08:59:10","guid":{"rendered":"https:\/\/maisonmathilde.mu\/?post_type=product&#038;p=3418"},"modified":"2025-11-24T11:35:31","modified_gmt":"2025-11-24T07:35:31","slug":"pack-routine-cheveux-boucles-3b-a-4c-cut-by-fred","status":"publish","type":"product","link":"https:\/\/maisonmathilde.mu\/en\/produit\/pack-routine-cheveux-boucles-3b-a-4c-cut-by-fred\/","title":{"rendered":"Pack Routine Cheveux Boucl\u00e9s 3B \u00e0 4C Cut by Fred"},"content":{"rendered":"<p data-start=\"671\" data-end=\"1021\">Les cheveux de type 3B \u00e0 4C ont des boucles tr\u00e8s serr\u00e9es ou cr\u00e9pues. Ils sont naturellement plus secs car le s\u00e9bum ne parvient pas \u00e0 descendre le long de la fibre. Ce pack de 4 produits Cut by Fred a \u00e9t\u00e9 con\u00e7u pour r\u00e9pondre aux besoins sp\u00e9cifiques de ces textures avec une routine compl\u00e8te pour <strong data-start=\"966\" data-end=\"1008\">hydrater, nourrir, d\u00e9finir et prot\u00e9ger<\/strong> les boucles.<\/p>\n<h4 data-start=\"1023\" data-end=\"1056\">1. <strong data-start=\"1031\" data-end=\"1054\">STRONG CURL SHAMPOO<\/strong><\/h4>\n<p data-start=\"1057\" data-end=\"1243\">Un shampoing doux qui nettoie sans agresser, sp\u00e9cialement formul\u00e9 pour les cheveux tr\u00e8s boucl\u00e9s \u00e0 cr\u00e9pus. Il laisse les cheveux doux, brillants, et pr\u00e9pare la fibre \u00e0 recevoir les soins.<\/p>\n<h4 data-start=\"1245\" data-end=\"1275\">2. <strong data-start=\"1253\" data-end=\"1273\">STRONG CURL MASK<\/strong><\/h4>\n<p data-start=\"1276\" data-end=\"1423\">Un masque riche qui hydrate, d\u00e9m\u00eale et nourrit intens\u00e9ment. Il att\u00e9nue les frisottis et laisse les boucles souples, rebondies et faciles \u00e0 coiffer.<\/p>\n<h4 data-start=\"1425\" data-end=\"1456\">3. <strong data-start=\"1433\" data-end=\"1454\">STRONG CURL CREAM<\/strong><\/h4>\n<p data-start=\"1457\" data-end=\"1617\">Une cr\u00e8me onctueuse qui d\u00e9finit les boucles et contr\u00f4le les frisottis sans effet gras ni cartonn\u00e9. Elle apporte douceur, \u00e9lasticit\u00e9 et mouvement \u00e0 la chevelure.<\/p>\n<h4 data-start=\"1619\" data-end=\"1650\">4. <strong data-start=\"1627\" data-end=\"1648\">STRONG CURL SERUM<\/strong><\/h4>\n<p data-start=\"1651\" data-end=\"1819\">Le geste final pour <strong data-start=\"1671\" data-end=\"1696\">sceller l\u2019hydratation<\/strong>, nourrir le cuir chevelu et renforcer les cheveux. Il prot\u00e8ge contre les agressions ext\u00e9rieures et booste l\u2019\u00e9clat naturel.<\/p>\n","protected":false},"excerpt":{"rendered":"<p><strong data-start=\"388\" data-end=\"512\">Cheveux textur\u00e9s, boucl\u00e9s \u00e0 cr\u00e9pus ? D\u00e9couvrez la routine compl\u00e8te Cut by Fred con\u00e7ue pour les types de cheveux 3B \u00e0 4C.<\/strong><br data-start=\"512\" data-end=\"515\" \/>Un concentr\u00e9 d\u2019hydratation, de nutrition et de protection pour r\u00e9v\u00e9ler toute la beaut\u00e9 naturelle de vos boucles.<\/p>\n","protected":false},"featured_media":3419,"template":"","meta":{"_acf_changed":false},"product_brand":[172],"product_cat":[20,39,175],"product_tag":[],"class_list":{"0":"post-3418","1":"product","2":"type-product","3":"status-publish","4":"has-post-thumbnail","6":"product_brand-cut-by-fred","7":"product_cat-cheveux","8":"product_cat-complements-alimentaire","9":"product_cat-pack-routine-cheveux","11":"first","12":"outofstock","13":"sale","14":"shipping-taxable","15":"purchasable","16":"product-type-simple"},"acf":[],"_links":{"self":[{"href":"https:\/\/maisonmathilde.mu\/en\/wp-json\/wp\/v2\/product\/3418","targetHints":{"allow":["GET"]}}],"collection":[{"href":"https:\/\/maisonmathilde.mu\/en\/wp-json\/wp\/v2\/product"}],"about":[{"href":"https:\/\/maisonmathilde.mu\/en\/wp-json\/wp\/v2\/types\/product"}],"version-history":[{"count":2,"href":"https:\/\/maisonmathilde.mu\/en\/wp-json\/wp\/v2\/product\/3418\/revisions"}],"predecessor-version":[{"id":3426,"href":"https:\/\/maisonmathilde.mu\/en\/wp-json\/wp\/v2\/product\/3418\/revisions\/3426"}],"wp:featuredmedia":[{"embeddable":true,"href":"https:\/\/maisonmathilde.mu\/en\/wp-json\/wp\/v2\/media\/3419"}],"wp:attachment":[{"href":"https:\/\/maisonmathilde.mu\/en\/wp-json\/wp\/v2\/media?parent=3418"}],"wp:term":[{"taxonomy":"product_brand","embeddable":true,"href":"https:\/\/maisonmathilde.mu\/en\/wp-json\/wp\/v2\/product_brand?post=3418"},{"taxonomy":"product_cat","embeddable":true,"href":"https:\/\/maisonmathilde.mu\/en\/wp-json\/wp\/v2\/product_cat?post=3418"},{"taxonomy":"product_tag","embeddable":true,"href":"https:\/\/maisonmathilde.mu\/en\/wp-json\/wp\/v2\/product_tag?post=3418"}],"curies":[{"name":"wp","href":"https:\/\/api.w.org\/{rel}","templated":true}]}}