{"id":3405,"date":"2025-06-11T12:48:02","date_gmt":"2025-06-11T08:48:02","guid":{"rendered":"https:\/\/maisonmathilde.mu\/?post_type=product&#038;p=3405"},"modified":"2025-06-20T15:37:32","modified_gmt":"2025-06-20T11:37:32","slug":"pack-routine-cheveux-mixtes-cut-by-fred","status":"publish","type":"product","link":"https:\/\/maisonmathilde.mu\/en\/produit\/pack-routine-cheveux-mixtes-cut-by-fred\/","title":{"rendered":"Pack Routine Cheveux Mixtes | Cut by Fred"},"content":{"rendered":"<p data-start=\"895\" data-end=\"1025\">Ce pack cheveux mixtes comprend trois essentiels compl\u00e9mentaires pour cibler <strong data-start=\"972\" data-end=\"995\">les racines grasses<\/strong> et <strong data-start=\"999\" data-end=\"1023\">les longueurs s\u00e8ches<\/strong> :<\/p>\n<h4 data-start=\"1027\" data-end=\"1089\">1. <strong data-start=\"1035\" data-end=\"1087\">VEGAN DETOX SHAMPOO ou VEGAN STICK SHAMPOO DETOX<\/strong><\/h4>\n<p data-start=\"1090\" data-end=\"1543\">\ud83e\uddf4 Le <strong data-start=\"1096\" data-end=\"1119\">Vegan Detox Shampoo<\/strong>, riche en huiles essentielles de menthe poivr\u00e9e et tea tree, nettoie le cuir chevelu en douceur, purifie sans agresser et apaise les d\u00e9mangeaisons.<br data-start=\"1267\" data-end=\"1270\" \/>\ud83e\uddfc Le <strong data-start=\"1276\" data-end=\"1305\">Vegan Stick Shampoo Detox<\/strong>, quant \u00e0 lui, est id\u00e9al en cas de pellicules, de squames ou de cuir chevelu tr\u00e8s sensible. Son format solide est ultra pratique pour les voyages ou la salle de sport.<br data-start=\"1472\" data-end=\"1475\" \/>\ud83d\udca1 Astuce : alterner les deux en fonction de l\u2019\u00e9tat du cuir chevelu.<\/p>\n<h4 data-start=\"1545\" data-end=\"1600\">2. <strong data-start=\"1553\" data-end=\"1598\">VEGAN HYDRATATION MASK (Masque hydratant)<\/strong><\/h4>\n<p data-start=\"1601\" data-end=\"1807\">Un concentr\u00e9 de douceur \u00e0 appliquer uniquement sur les longueurs. Ce masque hydrate, nourrit, d\u00e9m\u00eale sans graisser ni alourdir. Il apporte souplesse, douceur et brillance, tout en r\u00e9parant les zones s\u00e8ches.<\/p>\n<h4 data-start=\"1809\" data-end=\"1860\">3. <strong data-start=\"1817\" data-end=\"1858\">VEGAN SERUM (S\u00e9rum huileux hydratant)<\/strong><\/h4>\n<p data-start=\"1861\" data-end=\"2091\">En finition, ce s\u00e9rum 100 % naturel s\u2019applique en petites touches sur les pointes pour sceller l\u2019hydratation, lisser les frisottis et prot\u00e9ger les longueurs. Il donne un bel effet \u00ab shiny \u00bb naturel et aide \u00e0 pr\u00e9venir les fourches.<\/p>\n","protected":false},"excerpt":{"rendered":"<p><strong data-start=\"399\" data-end=\"505\">Cuir chevelu gras, pointes s\u00e8ches ? Voici la routine naturelle qui \u00e9quilibre et hydrate l\u00e0 o\u00f9 il faut.<\/strong><br data-start=\"505\" data-end=\"508\" \/>Les cheveux mixtes sont souvent compliqu\u00e9s \u00e0 g\u00e9rer : racines qui regraissent vite, longueurs qui manquent de nutrition, parfois des pellicules ou un cuir chevelu irrit\u00e9. Ce pack 100 % clean sign\u00e9 Cut by Fred est pens\u00e9 pour r\u00e9\u00e9quilibrer le cuir chevelu sans alourdir les pointes. R\u00e9sultat : une chevelure saine, l\u00e9g\u00e8re, hydrat\u00e9e et disciplin\u00e9e.<\/p>\n","protected":false},"featured_media":3406,"template":"","meta":{"_acf_changed":false},"product_brand":[172],"product_cat":[20,37,175],"product_tag":[],"class_list":{"0":"post-3405","1":"product","2":"type-product","3":"status-publish","4":"has-post-thumbnail","6":"product_brand-cut-by-fred","7":"product_cat-cheveux","8":"product_cat-coffrets-et-accessoires","9":"product_cat-pack-routine-cheveux","11":"first","12":"instock","13":"sale","14":"shipping-taxable","15":"purchasable","16":"product-type-simple"},"acf":[],"_links":{"self":[{"href":"https:\/\/maisonmathilde.mu\/en\/wp-json\/wp\/v2\/product\/3405","targetHints":{"allow":["GET"]}}],"collection":[{"href":"https:\/\/maisonmathilde.mu\/en\/wp-json\/wp\/v2\/product"}],"about":[{"href":"https:\/\/maisonmathilde.mu\/en\/wp-json\/wp\/v2\/types\/product"}],"version-history":[{"count":3,"href":"https:\/\/maisonmathilde.mu\/en\/wp-json\/wp\/v2\/product\/3405\/revisions"}],"predecessor-version":[{"id":3411,"href":"https:\/\/maisonmathilde.mu\/en\/wp-json\/wp\/v2\/product\/3405\/revisions\/3411"}],"wp:featuredmedia":[{"embeddable":true,"href":"https:\/\/maisonmathilde.mu\/en\/wp-json\/wp\/v2\/media\/3406"}],"wp:attachment":[{"href":"https:\/\/maisonmathilde.mu\/en\/wp-json\/wp\/v2\/media?parent=3405"}],"wp:term":[{"taxonomy":"product_brand","embeddable":true,"href":"https:\/\/maisonmathilde.mu\/en\/wp-json\/wp\/v2\/product_brand?post=3405"},{"taxonomy":"product_cat","embeddable":true,"href":"https:\/\/maisonmathilde.mu\/en\/wp-json\/wp\/v2\/product_cat?post=3405"},{"taxonomy":"product_tag","embeddable":true,"href":"https:\/\/maisonmathilde.mu\/en\/wp-json\/wp\/v2\/product_tag?post=3405"}],"curies":[{"name":"wp","href":"https:\/\/api.w.org\/{rel}","templated":true}]}}