{"id":3373,"date":"2025-06-11T12:00:45","date_gmt":"2025-06-11T08:00:45","guid":{"rendered":"https:\/\/maisonmathilde.mu\/?post_type=product&#038;p=3373"},"modified":"2026-03-31T12:16:49","modified_gmt":"2026-03-31T08:16:49","slug":"recharge-detox-stick-shampoo-cut-by-fred","status":"publish","type":"product","link":"https:\/\/maisonmathilde.mu\/en\/produit\/recharge-detox-stick-shampoo-cut-by-fred\/","title":{"rendered":"RECHARGE DETOX STICK SHAMPOO CUT BY FRED"},"content":{"rendered":"<p data-start=\"507\" data-end=\"569\"><strong data-start=\"507\" data-end=\"569\">Une recharge solide pour un cuir chevelu frais et l\u00e9ger \ud83c\udf31<\/strong><\/p>\n<p data-start=\"571\" data-end=\"848\">La <strong data-start=\"574\" data-end=\"606\">Recharge Detox Stick Shampoo<\/strong> est l\u2019alternative \u00e9coresponsable et pratique \u00e0 ton stick purifiant pr\u00e9f\u00e9r\u00e9. Formul\u00e9e avec des ingr\u00e9dients naturels puissants, elle aide \u00e0 \u00e9liminer les impuret\u00e9s, l\u2019exc\u00e8s de s\u00e9bum et les r\u00e9sidus de pollution, tout en apaisant les irritations.<\/p>\n<p data-start=\"850\" data-end=\"1046\">Sa texture solide devient une mousse onctueuse au contact de l\u2019eau, pour un nettoyage doux mais profond. Gliss\u00e9e dans ton \u00e9tui en m\u00e9tal Cut by Fred, elle t\u2019accompagne partout \u2014 du bain \u00e0 la plage.<\/p>\n<p data-start=\"1048\" data-end=\"1123\">\ud83c\udf0d Recharge = z\u00e9ro plastique jetable = bon pour toi + bon pour la plan\u00e8te !<\/p>\n<p data-start=\"1048\" data-end=\"1123\">\u2714\ufe0f Cuirs chevelus gras ou d\u00e9s\u00e9quilibr\u00e9s<br data-start=\"2152\" data-end=\"2155\" \/>\u2714\ufe0f Cheveux expos\u00e9s \u00e0 la pollution, au sel ou au chlore<br data-start=\"2209\" data-end=\"2212\" \/>\u2714\ufe0f Racines ternes, alourdies ou sujettes aux d\u00e9mangeaisons<br data-start=\"2270\" data-end=\"2273\" \/>\u2714\ufe0f Adeptes de la clean beauty nomade et minimaliste<\/p>\n<p data-start=\"1048\" data-end=\"1123\">60g<\/p>\n","protected":false},"excerpt":{"rendered":"<p>Recharge du Detox Stick Shampoo Cut by Fred : nettoie et purifie le cuir chevelu gras, irrit\u00e9 ou pollu\u00e9 avec une formule vegan, naturelle et z\u00e9ro d\u00e9chet. Disponible \u00e0 l\u2019\u00eele Maurice chez Maison Mathilde.<\/p>\n","protected":false},"featured_media":3374,"template":"","meta":{"_acf_changed":false},"product_brand":[172],"product_cat":[20,68],"product_tag":[],"class_list":{"0":"post-3373","1":"product","2":"type-product","3":"status-publish","4":"has-post-thumbnail","6":"product_brand-cut-by-fred","7":"product_cat-cheveux","8":"product_cat-shampoing","10":"first","11":"instock","12":"shipping-taxable","13":"purchasable","14":"product-type-simple"},"acf":[],"_links":{"self":[{"href":"https:\/\/maisonmathilde.mu\/en\/wp-json\/wp\/v2\/product\/3373","targetHints":{"allow":["GET"]}}],"collection":[{"href":"https:\/\/maisonmathilde.mu\/en\/wp-json\/wp\/v2\/product"}],"about":[{"href":"https:\/\/maisonmathilde.mu\/en\/wp-json\/wp\/v2\/types\/product"}],"version-history":[{"count":2,"href":"https:\/\/maisonmathilde.mu\/en\/wp-json\/wp\/v2\/product\/3373\/revisions"}],"predecessor-version":[{"id":3381,"href":"https:\/\/maisonmathilde.mu\/en\/wp-json\/wp\/v2\/product\/3373\/revisions\/3381"}],"wp:featuredmedia":[{"embeddable":true,"href":"https:\/\/maisonmathilde.mu\/en\/wp-json\/wp\/v2\/media\/3374"}],"wp:attachment":[{"href":"https:\/\/maisonmathilde.mu\/en\/wp-json\/wp\/v2\/media?parent=3373"}],"wp:term":[{"taxonomy":"product_brand","embeddable":true,"href":"https:\/\/maisonmathilde.mu\/en\/wp-json\/wp\/v2\/product_brand?post=3373"},{"taxonomy":"product_cat","embeddable":true,"href":"https:\/\/maisonmathilde.mu\/en\/wp-json\/wp\/v2\/product_cat?post=3373"},{"taxonomy":"product_tag","embeddable":true,"href":"https:\/\/maisonmathilde.mu\/en\/wp-json\/wp\/v2\/product_tag?post=3373"}],"curies":[{"name":"wp","href":"https:\/\/api.w.org\/{rel}","templated":true}]}}