{"id":3303,"date":"2025-06-11T11:29:32","date_gmt":"2025-06-11T07:29:32","guid":{"rendered":"https:\/\/maisonmathilde.mu\/?post_type=product&#038;p=3303"},"modified":"2026-04-22T12:04:47","modified_gmt":"2026-04-22T08:04:47","slug":"stimulating-scalp-brush-brosse-cuir-chevelu-cut-by-fred","status":"publish","type":"product","link":"https:\/\/maisonmathilde.mu\/en\/produit\/stimulating-scalp-brush-brosse-cuir-chevelu-cut-by-fred\/","title":{"rendered":"STIMULATING SCALP BRUSH \u2013 BROSSE CUIR CHEVELU CUT BY FRED"},"content":{"rendered":"<p data-start=\"540\" data-end=\"590\"><strong data-start=\"540\" data-end=\"590\">La cl\u00e9 d\u2019un cuir chevelu sain et revitalis\u00e9 \ud83c\udf3f<\/strong><\/p>\n<p data-start=\"592\" data-end=\"950\">La <strong data-start=\"595\" data-end=\"622\">STIMULATING SCALP BRUSH<\/strong> est bien plus qu\u2019un accessoire : c\u2019est un geste beaut\u00e9 qui transforme votre routine capillaire. Gr\u00e2ce \u00e0 ses <strong data-start=\"731\" data-end=\"760\">picots en silicone souple<\/strong>, elle <strong data-start=\"767\" data-end=\"797\">active la microcirculation<\/strong>, stimule les racines, aide \u00e0 mieux faire p\u00e9n\u00e9trer les actifs de vos shampoings ou soins, et surtout\u2026 elle procure une sensation de <strong data-start=\"929\" data-end=\"949\">bien-\u00eatre absolu<\/strong>.<\/p>\n<p data-start=\"952\" data-end=\"1196\">Que vous ayez les cheveux fins, boucl\u00e9s, \u00e9pais ou cr\u00e9pus, cette brosse s\u2019adapte \u00e0 <strong data-start=\"1034\" data-end=\"1068\">tous les types de cuir chevelu<\/strong>. C\u2019est l\u2019alli\u00e9e id\u00e9ale pour accompagner vos produits clean beauty, tout en <strong data-start=\"1144\" data-end=\"1195\">r\u00e9duisant l\u2019accumulation de s\u00e9bum et de r\u00e9sidus<\/strong>.<\/p>\n<p data-start=\"952\" data-end=\"1196\">\u2714\ufe0f Cuirs chevelus secs, sensibles ou sujets aux d\u00e9mangeaisons<br data-start=\"2216\" data-end=\"2219\" \/>\u2714\ufe0f Cheveux boucl\u00e9s, fris\u00e9s, cr\u00e9pus, lisses ou color\u00e9s<br data-start=\"2272\" data-end=\"2275\" \/>\u2714\ufe0f Id\u00e9al pour les cuirs chevelus qui manquent de tonus ou pour stimuler la pousse<br data-start=\"2356\" data-end=\"2359\" \/>\u2714\ufe0f Parfait en <strong data-start=\"2373\" data-end=\"2438\">compl\u00e9ment d\u2019une routine capillaire naturelle \u00e0 l\u2019\u00eele Maurice<\/strong>, o\u00f9 la chaleur peut sensibiliser le cuir chevelu<\/p>\n","protected":false},"excerpt":{"rendered":"<p>La STIMULATING SCALP BRUSH de Cut by Fred stimule la microcirculation du cuir chevelu, optimise les soins et offre un massage relaxant. Id\u00e9ale pour une routine capillaire naturelle et clean \u00e0 l\u2019\u00eele Maurice.<\/p>\n","protected":false},"featured_media":3305,"template":"","meta":{"_acf_changed":false},"product_brand":[172],"product_cat":[20,176,37,173,70],"product_tag":[],"class_list":{"0":"post-3303","1":"product","2":"type-product","3":"status-publish","4":"has-post-thumbnail","6":"product_brand-cut-by-fred","7":"product_cat-cheveux","8":"product_cat-accessoires-cheveux","9":"product_cat-coffrets-et-accessoires","10":"product_cat-coiffants-cheveux","11":"product_cat-serums-et-huiles","13":"first","14":"instock","15":"sale","16":"shipping-taxable","17":"purchasable","18":"product-type-simple"},"acf":[],"_links":{"self":[{"href":"https:\/\/maisonmathilde.mu\/en\/wp-json\/wp\/v2\/product\/3303","targetHints":{"allow":["GET"]}}],"collection":[{"href":"https:\/\/maisonmathilde.mu\/en\/wp-json\/wp\/v2\/product"}],"about":[{"href":"https:\/\/maisonmathilde.mu\/en\/wp-json\/wp\/v2\/types\/product"}],"version-history":[{"count":2,"href":"https:\/\/maisonmathilde.mu\/en\/wp-json\/wp\/v2\/product\/3303\/revisions"}],"predecessor-version":[{"id":3327,"href":"https:\/\/maisonmathilde.mu\/en\/wp-json\/wp\/v2\/product\/3303\/revisions\/3327"}],"wp:featuredmedia":[{"embeddable":true,"href":"https:\/\/maisonmathilde.mu\/en\/wp-json\/wp\/v2\/media\/3305"}],"wp:attachment":[{"href":"https:\/\/maisonmathilde.mu\/en\/wp-json\/wp\/v2\/media?parent=3303"}],"wp:term":[{"taxonomy":"product_brand","embeddable":true,"href":"https:\/\/maisonmathilde.mu\/en\/wp-json\/wp\/v2\/product_brand?post=3303"},{"taxonomy":"product_cat","embeddable":true,"href":"https:\/\/maisonmathilde.mu\/en\/wp-json\/wp\/v2\/product_cat?post=3303"},{"taxonomy":"product_tag","embeddable":true,"href":"https:\/\/maisonmathilde.mu\/en\/wp-json\/wp\/v2\/product_tag?post=3303"}],"curies":[{"name":"wp","href":"https:\/\/api.w.org\/{rel}","templated":true}]}}