{"id":3235,"date":"2025-06-11T10:43:25","date_gmt":"2025-06-11T06:43:25","guid":{"rendered":"https:\/\/maisonmathilde.mu\/?post_type=product&#038;p=3235"},"modified":"2026-03-23T14:24:41","modified_gmt":"2026-03-23T10:24:41","slug":"strong-curl-shampoo-creme-lavante-boucles-cut-by-fred","status":"publish","type":"product","link":"https:\/\/maisonmathilde.mu\/en\/produit\/strong-curl-shampoo-creme-lavante-boucles-cut-by-fred\/","title":{"rendered":"STRONG CURL SHAMPOO \u2013 CR\u00c8ME LAVANTE BOUCLES CUT BY FRED"},"content":{"rendered":"<p data-start=\"529\" data-end=\"600\"><strong data-start=\"529\" data-end=\"600\">Un shampoing ultra-doux pens\u00e9 pour les textures boucl\u00e9es \u00e0 cr\u00e9pues.<\/strong><\/p>\n<p data-start=\"602\" data-end=\"839\">Le <strong data-start=\"605\" data-end=\"628\">Strong Curl Shampoo<\/strong> de Cut by Fred est une cr\u00e8me lavante non moussante \u2013 aussi appel\u00e9e <strong data-start=\"696\" data-end=\"707\">co-wash<\/strong> \u2013 con\u00e7ue pour <strong data-start=\"722\" data-end=\"753\">nettoyer tout en respectant<\/strong> la nature fragile et s\u00e8che des cheveux textur\u00e9s : <strong data-start=\"804\" data-end=\"838\">tr\u00e8s boucl\u00e9s, fris\u00e9s et cr\u00e9pus<\/strong>.<\/p>\n<p data-start=\"841\" data-end=\"1154\">Sa texture riche et fondante nettoie en douceur sans agresser ni ass\u00e9cher, et pr\u00e9pare les boucles \u00e0 recevoir les soins qui suivront. Sa formule \u00e0 <strong data-start=\"987\" data-end=\"1029\">98 % d\u2019ingr\u00e9dients d\u2019origine naturelle<\/strong> combine des beurres et huiles nourrissants qui renforcent, adoucissent et redonnent du ressort aux boucles d\u00e8s le shampoing.<\/p>\n<p data-start=\"1156\" data-end=\"1264\">Un indispensable de la routine <strong data-start=\"1187\" data-end=\"1198\">low-poo<\/strong> pour r\u00e9v\u00e9ler des cheveux doux, propres, l\u00e9gers, et ultra d\u00e9finis.<\/p>\n<p data-start=\"1266\" data-end=\"1443\">\ud83d\udc9a <strong data-start=\"1269\" data-end=\"1308\">Vegan, rechargeable, clean, efficace et sensoriel<\/strong>, avec un parfum 100 % naturel \u00e0 la <strong data-start=\"1344\" data-end=\"1385\">bergamote, miel, vanille et patchouli<\/strong> qui enveloppe les boucles dans une senteur r\u00e9confortante.<\/p>\n<p data-start=\"2808\" data-end=\"3005\">\u2714 Con\u00e7u pour les <strong data-start=\"2825\" data-end=\"2858\">cheveux tr\u00e8s boucl\u00e9s \u00e0 cr\u00e9pus<\/strong>, de type <strong data-start=\"2868\" data-end=\"2890\">3B, 3C, 4A, 4B, 4C<\/strong><br data-start=\"2890\" data-end=\"2893\" \/>\u2714 Convient aux cuirs chevelus sensibles et secs<br data-start=\"2940\" data-end=\"2943\" \/>\u2714 Id\u00e9al pour les routines <strong data-start=\"2969\" data-end=\"2978\">curly<\/strong>, <strong data-start=\"2980\" data-end=\"2991\">low-poo<\/strong> ou <strong data-start=\"2995\" data-end=\"3005\">no-poo<\/strong><\/p>\n<p data-start=\"3007\" data-end=\"3027\">Vous l\u2019adorerez si :<\/p>\n<ul data-start=\"3028\" data-end=\"3199\">\n<li data-start=\"3028\" data-end=\"3090\">\n<p data-start=\"3030\" data-end=\"3090\">Vous cherchez un shampoing qui <strong data-start=\"3061\" data-end=\"3090\">n&#8217;ass\u00e8che pas vos boucles<\/strong><\/p>\n<\/li>\n<li data-start=\"3091\" data-end=\"3148\">\n<p data-start=\"3093\" data-end=\"3148\">Vous souhaitez <strong data-start=\"3108\" data-end=\"3148\">espacer les shampoings traditionnels<\/strong><\/p>\n<\/li>\n<li data-start=\"3149\" data-end=\"3199\">\n<p data-start=\"3151\" data-end=\"3199\">Vous \u00eates adepte du <strong data-start=\"3171\" data-end=\"3199\">co-wash naturel et clean<\/strong><\/p>\n<\/li>\n<\/ul>\n","protected":false},"excerpt":{"rendered":"<p>Le Strong Curl Shampoo de Cut by Fred est une cr\u00e8me lavante non moussante (co-wash) id\u00e9ale pour cheveux tr\u00e8s boucl\u00e9s \u00e0 cr\u00e9pus. Nettoie en douceur et d\u00e9finit les boucles. Disponible chez Maison Mathilde \u00e0 l&#8217;\u00eele Maurice.<\/p>\n","protected":false},"featured_media":3236,"template":"","meta":{"_acf_changed":false},"product_brand":[172],"product_cat":[20,68],"product_tag":[],"class_list":{"0":"post-3235","1":"product","2":"type-product","3":"status-publish","4":"has-post-thumbnail","6":"product_brand-cut-by-fred","7":"product_cat-cheveux","8":"product_cat-shampoing","10":"first","11":"instock","12":"sale","13":"shipping-taxable","14":"purchasable","15":"product-type-simple"},"acf":[],"_links":{"self":[{"href":"https:\/\/maisonmathilde.mu\/en\/wp-json\/wp\/v2\/product\/3235","targetHints":{"allow":["GET"]}}],"collection":[{"href":"https:\/\/maisonmathilde.mu\/en\/wp-json\/wp\/v2\/product"}],"about":[{"href":"https:\/\/maisonmathilde.mu\/en\/wp-json\/wp\/v2\/types\/product"}],"version-history":[{"count":2,"href":"https:\/\/maisonmathilde.mu\/en\/wp-json\/wp\/v2\/product\/3235\/revisions"}],"predecessor-version":[{"id":3243,"href":"https:\/\/maisonmathilde.mu\/en\/wp-json\/wp\/v2\/product\/3235\/revisions\/3243"}],"wp:featuredmedia":[{"embeddable":true,"href":"https:\/\/maisonmathilde.mu\/en\/wp-json\/wp\/v2\/media\/3236"}],"wp:attachment":[{"href":"https:\/\/maisonmathilde.mu\/en\/wp-json\/wp\/v2\/media?parent=3235"}],"wp:term":[{"taxonomy":"product_brand","embeddable":true,"href":"https:\/\/maisonmathilde.mu\/en\/wp-json\/wp\/v2\/product_brand?post=3235"},{"taxonomy":"product_cat","embeddable":true,"href":"https:\/\/maisonmathilde.mu\/en\/wp-json\/wp\/v2\/product_cat?post=3235"},{"taxonomy":"product_tag","embeddable":true,"href":"https:\/\/maisonmathilde.mu\/en\/wp-json\/wp\/v2\/product_tag?post=3235"}],"curies":[{"name":"wp","href":"https:\/\/api.w.org\/{rel}","templated":true}]}}