{"id":3197,"date":"2025-06-05T14:54:42","date_gmt":"2025-06-05T10:54:42","guid":{"rendered":"https:\/\/maisonmathilde.mu\/?post_type=product&#038;p=3197"},"modified":"2026-05-04T18:12:48","modified_gmt":"2026-05-04T14:12:48","slug":"vegan-curl-cream-creme-definisseuse-de-boucles-cut-by-fred","status":"publish","type":"product","link":"https:\/\/maisonmathilde.mu\/en\/produit\/vegan-curl-cream-creme-definisseuse-de-boucles-cut-by-fred\/","title":{"rendered":"VEGAN CURL CREAM \u2013 D\u00c9FINISSEUSE BOUCLES CUT BY FRED"},"content":{"rendered":"<p data-start=\"487\" data-end=\"709\"><strong data-start=\"487\" data-end=\"551\">Des boucles d\u00e9finies, brillantes et rebondies naturellement.<\/strong><br data-start=\"551\" data-end=\"554\" \/>La <strong data-start=\"557\" data-end=\"577\">Vegan Curl Cream<\/strong> de Cut by Fred est une cr\u00e8me coiffante clean beauty sp\u00e9cialement con\u00e7ue pour r\u00e9v\u00e9ler toute la beaut\u00e9 des cheveux ondul\u00e9s \u00e0 boucl\u00e9s.<\/p>\n<p data-start=\"711\" data-end=\"1012\">Formul\u00e9e avec <strong data-start=\"725\" data-end=\"767\">99 % d\u2019ingr\u00e9dients d\u2019origine naturelle<\/strong>, elle enrobe chaque boucle sans coller ni laisser de fini gras, pour une d\u00e9finition parfaite et un toucher doux. Elle nourrit, prot\u00e8ge et booste l\u2019\u00e9clat des cheveux tout en laissant un <strong data-start=\"953\" data-end=\"997\">parfum frais d\u2019orange et de pamplemousse<\/strong> 100 % naturel.<\/p>\n<p data-start=\"1014\" data-end=\"1115\">Adieu les frisottis et le fini mousseux, bonjour les <strong data-start=\"1067\" data-end=\"1113\">boucles dessin\u00e9es, brillantes et rebondies<\/strong> !<\/p>\n<p data-start=\"1014\" data-end=\"1115\">\u2714 Cheveux <strong data-start=\"2194\" data-end=\"2215\">ondul\u00e9s \u00e0 boucl\u00e9s<\/strong> (types <strong data-start=\"2223\" data-end=\"2234\">2A \u00e0 3A<\/strong>)<br data-start=\"2235\" data-end=\"2238\" \/>\u2714 Parfait pour les cheveux <strong data-start=\"2265\" data-end=\"2273\">secs<\/strong>, <strong data-start=\"2275\" data-end=\"2287\">mousseux<\/strong> ou sujets aux <strong data-start=\"2302\" data-end=\"2315\">frisottis<\/strong><br data-start=\"2315\" data-end=\"2318\" \/>\u2714 Convient \u00e0 tous ceux qui veulent des boucles naturelles, brillantes et bien form\u00e9es, sans effet carton<\/p>\n<p data-start=\"1014\" data-end=\"1115\">Made in France \/ V\u00e9gane \/ 99% d&#8217;ingr\u00e9dients d&#8217;origine naturelle<\/p>\n","protected":false},"excerpt":{"rendered":"<p>Cr\u00e8me capillaire naturelle pour d\u00e9finir les boucles sans effet gras. La Vegan Curl Cream de Cut by Fred sublime les cheveux ondul\u00e9s \u00e0 boucl\u00e9s. Disponible \u00e0 l\u2019\u00eele Maurice chez Maison Mathilde, sp\u00e9cialiste clean beauty.<\/p>\n","protected":false},"featured_media":3198,"template":"","meta":{"_acf_changed":false},"product_brand":[172],"product_cat":[20,173],"product_tag":[],"class_list":{"0":"post-3197","1":"product","2":"type-product","3":"status-publish","4":"has-post-thumbnail","6":"product_brand-cut-by-fred","7":"product_cat-cheveux","8":"product_cat-coiffants-cheveux","10":"first","11":"instock","12":"shipping-taxable","13":"purchasable","14":"product-type-simple"},"acf":[],"_links":{"self":[{"href":"https:\/\/maisonmathilde.mu\/en\/wp-json\/wp\/v2\/product\/3197","targetHints":{"allow":["GET"]}}],"collection":[{"href":"https:\/\/maisonmathilde.mu\/en\/wp-json\/wp\/v2\/product"}],"about":[{"href":"https:\/\/maisonmathilde.mu\/en\/wp-json\/wp\/v2\/types\/product"}],"version-history":[{"count":4,"href":"https:\/\/maisonmathilde.mu\/en\/wp-json\/wp\/v2\/product\/3197\/revisions"}],"predecessor-version":[{"id":3223,"href":"https:\/\/maisonmathilde.mu\/en\/wp-json\/wp\/v2\/product\/3197\/revisions\/3223"}],"wp:featuredmedia":[{"embeddable":true,"href":"https:\/\/maisonmathilde.mu\/en\/wp-json\/wp\/v2\/media\/3198"}],"wp:attachment":[{"href":"https:\/\/maisonmathilde.mu\/en\/wp-json\/wp\/v2\/media?parent=3197"}],"wp:term":[{"taxonomy":"product_brand","embeddable":true,"href":"https:\/\/maisonmathilde.mu\/en\/wp-json\/wp\/v2\/product_brand?post=3197"},{"taxonomy":"product_cat","embeddable":true,"href":"https:\/\/maisonmathilde.mu\/en\/wp-json\/wp\/v2\/product_cat?post=3197"},{"taxonomy":"product_tag","embeddable":true,"href":"https:\/\/maisonmathilde.mu\/en\/wp-json\/wp\/v2\/product_tag?post=3197"}],"curies":[{"name":"wp","href":"https:\/\/api.w.org\/{rel}","templated":true}]}}