{"id":3096,"date":"2025-06-03T18:59:39","date_gmt":"2025-06-03T14:59:39","guid":{"rendered":"https:\/\/maisonmathilde.mu\/?post_type=product&#038;p=3096"},"modified":"2026-05-04T18:13:25","modified_gmt":"2026-05-04T14:13:25","slug":"volume-ayurvedic-shampoo-cut-by-fred","status":"publish","type":"product","link":"https:\/\/maisonmathilde.mu\/en\/produit\/volume-ayurvedic-shampoo-cut-by-fred\/","title":{"rendered":"VOLUME AYURVEDIC SHAMPOO &#8211; CUT BY FRED"},"content":{"rendered":"<p data-start=\"555\" data-end=\"892\">Le <strong data-start=\"558\" data-end=\"586\">Volume Ayurvedic Shampoo<\/strong> de <strong data-start=\"590\" data-end=\"605\">Cut by Fred<\/strong> est une p\u00e2te lavante innovante, formul\u00e9e pour offrir un coup de boost aux cheveux fins, plats ou sans tenue. Riche en poudres ayurv\u00e9diques fortifiantes et en rhassoul purifiant, ce shampoing volume naturel nettoie en douceur tout en apportant du corps, de la densit\u00e9 et de la brillance.<\/p>\n<p data-start=\"894\" data-end=\"1186\">Con\u00e7u pour transformer chaque lavage en un moment de soin, il associe la tradition indienne \u00e0 la modernit\u00e9 de la formulation clean beauty. Sa texture p\u00e2teuse se transforme en une mousse onctueuse au contact de l\u2019eau, pour un massage sensoriel du cuir chevelu qui redonne vie aux cheveux fins.<\/p>\n<p data-start=\"1188\" data-end=\"1487\">Avec <strong data-start=\"1193\" data-end=\"1235\">97 % d\u2019ingr\u00e9dients d\u2019origine naturelle<\/strong>, cette formule vegan, sans sulfates ni silicones, respecte votre cuir chevelu et la plan\u00e8te. Ce shampoing naturel pour cheveux fins est d\u00e9sormais disponible \u00e0 <strong data-start=\"1395\" data-end=\"1406\">Maurice<\/strong> chez <strong data-start=\"1412\" data-end=\"1431\">Maison Mathilde<\/strong>, votre r\u00e9f\u00e9rence en <strong data-start=\"1452\" data-end=\"1486\">soins naturels et clean beauty<\/strong>.<\/p>\n","protected":false},"excerpt":{"rendered":"<p data-start=\"555\" data-end=\"892\">Le <strong data-start=\"558\" data-end=\"586\">Volume Ayurvedic Shampoo<\/strong> de <strong data-start=\"590\" data-end=\"605\">Cut by Fred<\/strong> est une p\u00e2te lavante innovante, formul\u00e9e pour offrir un coup de boost aux cheveux fins, plats ou sans tenue. Riche en poudres ayurv\u00e9diques fortifiantes et en rhassoul purifiant, ce shampoing volume naturel nettoie en douceur tout en apportant du corps, de la densit\u00e9 et de la brillance.<\/p>\n<p data-start=\"894\" data-end=\"1186\">Con\u00e7u pour transformer chaque lavage en un moment de soin, il associe la tradition indienne \u00e0 la modernit\u00e9 de la formulation clean beauty. Sa texture p\u00e2teuse se transforme en une mousse onctueuse au contact de l\u2019eau, pour un massage sensoriel du cuir chevelu qui redonne vie aux cheveux fins.<\/p>\n","protected":false},"featured_media":3099,"template":"","meta":{"_acf_changed":false},"product_brand":[172],"product_cat":[20,68],"product_tag":[],"class_list":{"0":"post-3096","1":"product","2":"type-product","3":"status-publish","4":"has-post-thumbnail","6":"product_brand-cut-by-fred","7":"product_cat-cheveux","8":"product_cat-shampoing","10":"first","11":"instock","12":"shipping-taxable","13":"purchasable","14":"product-type-simple"},"acf":[],"_links":{"self":[{"href":"https:\/\/maisonmathilde.mu\/en\/wp-json\/wp\/v2\/product\/3096","targetHints":{"allow":["GET"]}}],"collection":[{"href":"https:\/\/maisonmathilde.mu\/en\/wp-json\/wp\/v2\/product"}],"about":[{"href":"https:\/\/maisonmathilde.mu\/en\/wp-json\/wp\/v2\/types\/product"}],"version-history":[{"count":2,"href":"https:\/\/maisonmathilde.mu\/en\/wp-json\/wp\/v2\/product\/3096\/revisions"}],"predecessor-version":[{"id":3106,"href":"https:\/\/maisonmathilde.mu\/en\/wp-json\/wp\/v2\/product\/3096\/revisions\/3106"}],"wp:featuredmedia":[{"embeddable":true,"href":"https:\/\/maisonmathilde.mu\/en\/wp-json\/wp\/v2\/media\/3099"}],"wp:attachment":[{"href":"https:\/\/maisonmathilde.mu\/en\/wp-json\/wp\/v2\/media?parent=3096"}],"wp:term":[{"taxonomy":"product_brand","embeddable":true,"href":"https:\/\/maisonmathilde.mu\/en\/wp-json\/wp\/v2\/product_brand?post=3096"},{"taxonomy":"product_cat","embeddable":true,"href":"https:\/\/maisonmathilde.mu\/en\/wp-json\/wp\/v2\/product_cat?post=3096"},{"taxonomy":"product_tag","embeddable":true,"href":"https:\/\/maisonmathilde.mu\/en\/wp-json\/wp\/v2\/product_tag?post=3096"}],"curies":[{"name":"wp","href":"https:\/\/api.w.org\/{rel}","templated":true}]}}