{"id":3084,"date":"2025-06-03T16:42:20","date_gmt":"2025-06-03T12:42:20","guid":{"rendered":"https:\/\/maisonmathilde.mu\/?post_type=product&#038;p=3084"},"modified":"2026-05-02T11:41:08","modified_gmt":"2026-05-02T07:41:08","slug":"depolluting-salt-scrub-gommage-cuir-chevelu-naturel-cut-by-fred","status":"publish","type":"product","link":"https:\/\/maisonmathilde.mu\/en\/produit\/depolluting-salt-scrub-gommage-cuir-chevelu-naturel-cut-by-fred\/","title":{"rendered":"DEPOLLUTING SALT SCRUB CUT BY FRED"},"content":{"rendered":"<p data-start=\"573\" data-end=\"1046\">Le <strong data-start=\"576\" data-end=\"602\">Depolluting Salt Scrub<\/strong> de <strong data-start=\"606\" data-end=\"621\">Cut by Fred<\/strong> est un gommage lavant purifiant et naturel, sp\u00e9cialement con\u00e7u pour les cuirs chevelus encombr\u00e9s par l\u2019accumulation de pollution, de s\u00e9bum, ou de r\u00e9sidus de produits capillaires. Gr\u00e2ce \u00e0 sa formule douce mais puissante \u00e0 base de <strong data-start=\"851\" data-end=\"864\">sel marin<\/strong> et d\u2019ingr\u00e9dients d\u2019origine naturelle, ce soin d\u00e9toxifie efficacement le cuir chevelu tout en stimulant la microcirculation, pour une sensation de fra\u00eecheur et de l\u00e9g\u00e8ret\u00e9 imm\u00e9diate.<\/p>\n<p data-start=\"1048\" data-end=\"1430\">Fabriqu\u00e9 en France et d\u00e9sormais disponible \u00e0 Maurice chez <strong data-start=\"1106\" data-end=\"1125\">Maison Mathilde<\/strong>, ce soin incarne parfaitement l\u2019esprit <strong data-start=\"1165\" data-end=\"1181\">clean beauty<\/strong> : des ingr\u00e9dients simples, efficaces, v\u00e9g\u00e9taux, sans compromis sur la sensorialit\u00e9. Le Depolluting Salt Scrub est vegan, cruelty-free et contient <strong data-start=\"1328\" data-end=\"1370\">98 % d\u2019ingr\u00e9dients d\u2019origine naturelle<\/strong>, respectueux de la peau, des cheveux et de l\u2019environnement.<\/p>\n<p data-start=\"1432\" data-end=\"1740\">Il est id\u00e9al pour tous les types de cuir chevelu, en particulier les cuirs chevelus normaux \u00e0 gras, sujets aux d\u00e9mangeaisons, aux pellicules ou simplement ternis par l\u2019environnement urbain. Apr\u00e8s utilisation, les cheveux sont plus l\u00e9gers, le cuir chevelu apais\u00e9 et le rituel capillaire profond\u00e9ment r\u00e9g\u00e9n\u00e9r\u00e9.<\/p>\n<p data-start=\"1742\" data-end=\"1860\">\ud83d\udca1 <strong data-start=\"1745\" data-end=\"1795\">Un incontournable des soins naturels \u00e0 Maurice<\/strong>, pour celles et ceux qui veulent allier bien-\u00eatre et efficacit\u00e9.<\/p>\n","protected":false},"excerpt":{"rendered":"<p data-start=\"573\" data-end=\"1046\">Le <strong data-start=\"576\" data-end=\"602\">Depolluting Salt Scrub<\/strong> de <strong data-start=\"606\" data-end=\"621\">Cut by Fred<\/strong> est un gommage lavant purifiant et naturel, sp\u00e9cialement con\u00e7u pour les cuirs chevelus encombr\u00e9s par l\u2019accumulation de pollution, de s\u00e9bum, ou de r\u00e9sidus de produits capillaires. Gr\u00e2ce \u00e0 sa formule douce mais puissante \u00e0 base de <strong data-start=\"851\" data-end=\"864\">sel marin<\/strong> et d\u2019ingr\u00e9dients d\u2019origine naturelle, ce soin d\u00e9toxifie efficacement le cuir chevelu tout en stimulant la microcirculation, pour une sensation de fra\u00eecheur et de l\u00e9g\u00e8ret\u00e9 imm\u00e9diate.<\/p>\n<p data-start=\"1048\" data-end=\"1430\">Fabriqu\u00e9 en France et d\u00e9sormais disponible \u00e0 Maurice chez <strong data-start=\"1106\" data-end=\"1125\">Maison Mathilde<\/strong>, ce soin incarne parfaitement l\u2019esprit <strong data-start=\"1165\" data-end=\"1181\">clean beauty<\/strong> : des ingr\u00e9dients simples, efficaces, v\u00e9g\u00e9taux, sans compromis sur la sensorialit\u00e9. Le Depolluting Salt Scrub est vegan, cruelty-free et contient <strong data-start=\"1328\" data-end=\"1370\">98 % d\u2019ingr\u00e9dients d\u2019origine naturelle<\/strong>, respectueux de la peau, des cheveux et de l\u2019environnement.<\/p>\n","protected":false},"featured_media":3085,"template":"","meta":{"_acf_changed":false},"product_brand":[172],"product_cat":[20,68],"product_tag":[],"class_list":{"0":"post-3084","1":"product","2":"type-product","3":"status-publish","4":"has-post-thumbnail","6":"product_brand-cut-by-fred","7":"product_cat-cheveux","8":"product_cat-shampoing","10":"first","11":"outofstock","12":"shipping-taxable","13":"purchasable","14":"product-type-simple"},"acf":[],"_links":{"self":[{"href":"https:\/\/maisonmathilde.mu\/en\/wp-json\/wp\/v2\/product\/3084","targetHints":{"allow":["GET"]}}],"collection":[{"href":"https:\/\/maisonmathilde.mu\/en\/wp-json\/wp\/v2\/product"}],"about":[{"href":"https:\/\/maisonmathilde.mu\/en\/wp-json\/wp\/v2\/types\/product"}],"version-history":[{"count":5,"href":"https:\/\/maisonmathilde.mu\/en\/wp-json\/wp\/v2\/product\/3084\/revisions"}],"predecessor-version":[{"id":3095,"href":"https:\/\/maisonmathilde.mu\/en\/wp-json\/wp\/v2\/product\/3084\/revisions\/3095"}],"wp:featuredmedia":[{"embeddable":true,"href":"https:\/\/maisonmathilde.mu\/en\/wp-json\/wp\/v2\/media\/3085"}],"wp:attachment":[{"href":"https:\/\/maisonmathilde.mu\/en\/wp-json\/wp\/v2\/media?parent=3084"}],"wp:term":[{"taxonomy":"product_brand","embeddable":true,"href":"https:\/\/maisonmathilde.mu\/en\/wp-json\/wp\/v2\/product_brand?post=3084"},{"taxonomy":"product_cat","embeddable":true,"href":"https:\/\/maisonmathilde.mu\/en\/wp-json\/wp\/v2\/product_cat?post=3084"},{"taxonomy":"product_tag","embeddable":true,"href":"https:\/\/maisonmathilde.mu\/en\/wp-json\/wp\/v2\/product_tag?post=3084"}],"curies":[{"name":"wp","href":"https:\/\/api.w.org\/{rel}","templated":true}]}}