{"id":3068,"date":"2025-06-03T15:33:06","date_gmt":"2025-06-03T11:33:06","guid":{"rendered":"https:\/\/maisonmathilde.mu\/?post_type=product&#038;p=3068"},"modified":"2026-03-23T14:28:05","modified_gmt":"2026-03-23T10:28:05","slug":"shampoing-solide-detox-cuir-chevelu-sensible-vegan-stick-shampoo-detox-cut-by-fred","status":"publish","type":"product","link":"https:\/\/maisonmathilde.mu\/en\/produit\/shampoing-solide-detox-cuir-chevelu-sensible-vegan-stick-shampoo-detox-cut-by-fred\/","title":{"rendered":"Shampoing solide cuir chevelu sensible \u2013 Stick Detox Cut by Fred"},"content":{"rendered":"<p data-start=\"775\" data-end=\"1152\">Le <strong data-start=\"778\" data-end=\"822\">Vegan Stick Shampoo Detox de Cut by Fred<\/strong> est un shampoing solide innovant formul\u00e9 pour <strong data-start=\"869\" data-end=\"894\">d\u00e9toxifier en douceur<\/strong>les cuirs chevelus sensibles, irrit\u00e9s ou sujets aux pellicules. Ultra pratique, ce stick offre une <strong data-start=\"994\" data-end=\"1032\">application cibl\u00e9e sur les racines<\/strong> et une <strong data-start=\"1040\" data-end=\"1076\">sensation de fra\u00eecheur imm\u00e9diate<\/strong> gr\u00e2ce \u00e0 son parfum 100 % naturel aux notes de menthe poivr\u00e9e et eucalyptus.<\/p>\n<p data-start=\"1154\" data-end=\"1387\">\ud83d\udc9a 100 % d&#8217;origine naturelle, vegan, sans sulfates ni silicones, ce soin capillaire clean beauty respecte le cuir chevelu tout en le d\u00e9barrassant des impuret\u00e9s, des exc\u00e8s de s\u00e9bum et des r\u00e9sidus de pollution ou de produits coiffants.<\/p>\n<p data-start=\"1389\" data-end=\"1561\">\ud83e\uddf4 Format solide rechargeable = z\u00e9ro d\u00e9chet + \u00e9conomique<br data-start=\"1445\" data-end=\"1448\" \/>\ud83c\udf3f Parfaitement adapt\u00e9 au climat tropical de Maurice o\u00f9 chaleur et humidit\u00e9 peuvent sensibiliser le cuir chevelu.<\/p>\n<h3 data-start=\"1568\" data-end=\"1585\">\ud83d\udc64 Pour qui ?<\/h3>\n<p data-start=\"1587\" data-end=\"1774\">\u2714\ufe0f Cuirs chevelus sensibles, irrit\u00e9s ou sujets aux d\u00e9mangeaisons<br data-start=\"1651\" data-end=\"1654\" \/>\u2714\ufe0f Cheveux fins regraissant vite<br data-start=\"1686\" data-end=\"1689\" \/>\u2714\ufe0f Personnes souhaitant une routine capillaire clean, minimaliste et \u00e9coresponsable<\/p>\n<p data-start=\"1587\" data-end=\"1774\">Made in France \/ Vegan \/ 100% d&#8217;origine naturelle<\/p>\n","protected":false},"excerpt":{"rendered":"<p>Purifiez en douceur votre cuir chevelu avec le Vegan Stick Shampoo Detox Cut by Fred. Shampoing solide 100 % naturel, apaisant et rafra\u00eechissant. Id\u00e9al pour les cuirs chevelus sensibles ou sujets aux pellicules. Disponible \u00e0 Maurice chez Maison Mathilde.<\/p>\n","protected":false},"featured_media":3073,"template":"","meta":{"_acf_changed":false},"product_brand":[172],"product_cat":[20,68],"product_tag":[],"class_list":{"0":"post-3068","1":"product","2":"type-product","3":"status-publish","4":"has-post-thumbnail","6":"product_brand-cut-by-fred","7":"product_cat-cheveux","8":"product_cat-shampoing","10":"first","11":"instock","12":"sale","13":"shipping-taxable","14":"purchasable","15":"product-type-simple"},"acf":[],"_links":{"self":[{"href":"https:\/\/maisonmathilde.mu\/en\/wp-json\/wp\/v2\/product\/3068","targetHints":{"allow":["GET"]}}],"collection":[{"href":"https:\/\/maisonmathilde.mu\/en\/wp-json\/wp\/v2\/product"}],"about":[{"href":"https:\/\/maisonmathilde.mu\/en\/wp-json\/wp\/v2\/types\/product"}],"version-history":[{"count":7,"href":"https:\/\/maisonmathilde.mu\/en\/wp-json\/wp\/v2\/product\/3068\/revisions"}],"predecessor-version":[{"id":3083,"href":"https:\/\/maisonmathilde.mu\/en\/wp-json\/wp\/v2\/product\/3068\/revisions\/3083"}],"wp:featuredmedia":[{"embeddable":true,"href":"https:\/\/maisonmathilde.mu\/en\/wp-json\/wp\/v2\/media\/3073"}],"wp:attachment":[{"href":"https:\/\/maisonmathilde.mu\/en\/wp-json\/wp\/v2\/media?parent=3068"}],"wp:term":[{"taxonomy":"product_brand","embeddable":true,"href":"https:\/\/maisonmathilde.mu\/en\/wp-json\/wp\/v2\/product_brand?post=3068"},{"taxonomy":"product_cat","embeddable":true,"href":"https:\/\/maisonmathilde.mu\/en\/wp-json\/wp\/v2\/product_cat?post=3068"},{"taxonomy":"product_tag","embeddable":true,"href":"https:\/\/maisonmathilde.mu\/en\/wp-json\/wp\/v2\/product_tag?post=3068"}],"curies":[{"name":"wp","href":"https:\/\/api.w.org\/{rel}","templated":true}]}}