{"id":1272,"date":"2025-03-08T14:36:35","date_gmt":"2025-03-08T14:36:35","guid":{"rendered":"https:\/\/maisonmathilde.artover.fr\/produit\/creme-de-nuit-aux-actifs-oxygenants\/"},"modified":"2026-05-02T11:46:07","modified_gmt":"2026-05-02T07:46:07","slug":"creme-de-nuit-aux-actifs-oxygenants","status":"publish","type":"product","link":"https:\/\/maisonmathilde.mu\/en\/produit\/creme-de-nuit-aux-actifs-oxygenants\/","title":{"rendered":"Cr\u00e8me de nuit aux actifs oxyg\u00e9nants"},"content":{"rendered":"<p>Ce soin <strong>riche<\/strong> en <strong>actifs oxyg\u00e9nants<\/strong> agit la nuit pour <strong>renouveler<\/strong> et <strong>r\u00e9g\u00e9n\u00e9rer<\/strong> l\u2019\u00e9piderme par <strong>l\u2019oxyg\u00e9nation<\/strong> des <strong>cellules<\/strong> cutan\u00e9es.<\/p>\n<p>Il agit en <strong>profondeur<\/strong> pour combattre les <strong>signes de l\u2019\u00e2ge<\/strong> mais aussi <strong>l\u2019impact de la pollution<\/strong>. Cr\u00e8me <strong>onctueuse<\/strong>, elle <strong>r\u00e9pare<\/strong> et <strong>apaise<\/strong> imm\u00e9diatement la <strong>peau tiraill\u00e9e<\/strong>. Au r\u00e9veil le <strong>teint<\/strong> est <strong>frais<\/strong>, <strong>pur<\/strong>, vous \u00eates pr\u00eat \u00e0 affronter une nouvelle journ\u00e9e.<\/p>\n<p>En <strong>facilitant l\u2019oxyg\u00e9nation des cellules<\/strong> cutan\u00e9es celles-ci se <strong>r\u00e9g\u00e9n\u00e8rent<\/strong> plus <strong>rapidement<\/strong> et le <strong>teint<\/strong> se r\u00e9v\u00e8le plus <strong>\u00e9clatant<\/strong>.<\/p>\n<p><span style=\"text-decoration: underline;\">Type de peau :<\/span><br \/>\n\u2705 Peaux matures<br \/>\n\u2705 Peaux expos\u00e9es \u00e0 la pollution<br \/>\n\u2705 Peaux s\u00e8ches et d\u00e9shydrat\u00e9es<\/p>\n<p>Ecocertification \/ 100% naturel \/ Vegan \/ Made in France \ud83c\uddeb\ud83c\uddf7<\/p>\n","protected":false},"excerpt":{"rendered":"<p>Ce soin <strong>riche<\/strong> en <strong>actifs oxyg\u00e9nants<\/strong> agit la nuit pour <strong>renouveler<\/strong> et <strong>r\u00e9g\u00e9n\u00e9rer<\/strong> l\u2019\u00e9piderme par <strong>l\u2019oxyg\u00e9nation<\/strong> des <strong>cellules<\/strong> cutan\u00e9es.<\/p>\n<p><span style=\"text-decoration: underline;\">Type de peau :<\/span><br \/>\n\u2705 Peaux matures<br \/>\n\u2705 Peaux expos\u00e9es \u00e0 la pollution<br \/>\n\u2705 Peaux s\u00e8ches et d\u00e9shydrat\u00e9es<\/p>\n","protected":false},"featured_media":1302,"template":"","meta":{"_acf_changed":false},"product_brand":[40],"product_cat":[49,21],"product_tag":[],"class_list":{"0":"post-1272","1":"product","2":"type-product","3":"status-publish","4":"has-post-thumbnail","6":"product_brand-la-canopee","7":"product_cat-cremes-visage","8":"product_cat-visage","10":"first","11":"outofstock","12":"purchasable","13":"product-type-simple"},"acf":[],"_links":{"self":[{"href":"https:\/\/maisonmathilde.mu\/en\/wp-json\/wp\/v2\/product\/1272","targetHints":{"allow":["GET"]}}],"collection":[{"href":"https:\/\/maisonmathilde.mu\/en\/wp-json\/wp\/v2\/product"}],"about":[{"href":"https:\/\/maisonmathilde.mu\/en\/wp-json\/wp\/v2\/types\/product"}],"version-history":[{"count":4,"href":"https:\/\/maisonmathilde.mu\/en\/wp-json\/wp\/v2\/product\/1272\/revisions"}],"predecessor-version":[{"id":2058,"href":"https:\/\/maisonmathilde.mu\/en\/wp-json\/wp\/v2\/product\/1272\/revisions\/2058"}],"wp:featuredmedia":[{"embeddable":true,"href":"https:\/\/maisonmathilde.mu\/en\/wp-json\/wp\/v2\/media\/1302"}],"wp:attachment":[{"href":"https:\/\/maisonmathilde.mu\/en\/wp-json\/wp\/v2\/media?parent=1272"}],"wp:term":[{"taxonomy":"product_brand","embeddable":true,"href":"https:\/\/maisonmathilde.mu\/en\/wp-json\/wp\/v2\/product_brand?post=1272"},{"taxonomy":"product_cat","embeddable":true,"href":"https:\/\/maisonmathilde.mu\/en\/wp-json\/wp\/v2\/product_cat?post=1272"},{"taxonomy":"product_tag","embeddable":true,"href":"https:\/\/maisonmathilde.mu\/en\/wp-json\/wp\/v2\/product_tag?post=1272"}],"curies":[{"name":"wp","href":"https:\/\/api.w.org\/{rel}","templated":true}]}}