{"id":1270,"date":"2025-03-08T14:36:35","date_gmt":"2025-03-08T14:36:35","guid":{"rendered":"https:\/\/maisonmathilde.artover.fr\/produit\/creme-concentree-repulpante\/"},"modified":"2026-04-08T10:46:42","modified_gmt":"2026-04-08T06:46:42","slug":"creme-concentree-repulpante","status":"publish","type":"product","link":"https:\/\/maisonmathilde.mu\/en\/produit\/creme-concentree-repulpante\/","title":{"rendered":"Cr\u00e8me concentr\u00e9e repulpante"},"content":{"rendered":"<p><strong>Le soin repulpant ultime par La Canop\u00e9e !<\/strong><\/p>\n<p>Cette cr\u00e8me gorg\u00e9e d\u2019<strong>actifs anti-\u00e2ge<\/strong>, est un v\u00e9ritable soin pour une <strong>peau repulp\u00e9e<\/strong> et <strong>intens\u00e9ment hydrat\u00e9e<\/strong>.<br \/>\nGr\u00e2ce \u00e0 son <strong>acide hyaluronique de faible poids mol\u00e9culaire<\/strong>, d\u2019une qualit\u00e9 exceptionnelle, cette cr\u00e8me p\u00e9n\u00e8tre <strong>profond\u00e9ment<\/strong> dans la peau pour <strong>combler les rides et ridules<\/strong> tout en apportant un <strong>effet rebondi visible<\/strong>. Associ\u00e9 \u00e0 la <strong>glyc\u00e9rine<\/strong>, qui retient durablement l\u2019eau dans les cellules, ce duo assure une <strong>hydratation intense<\/strong> et un <strong>confort imm\u00e9diat<\/strong>.<\/p>\n<p><span style=\"text-decoration: underline;\">Les r\u00e9sultats parlent d\u2019eux-m\u00eames :<\/span><br \/>\n&#8211; <strong>61%<\/strong> des testeurs ressentent un effet <strong>liftant d\u00e8s la premi\u00e8re application<\/strong>.<br \/>\n&#8211; <strong>97,7%<\/strong> constatent une peau <strong>hydrat\u00e9e imm\u00e9diatement<\/strong>.<br \/>\n&#8211; <strong>67,7%<\/strong> observent une <strong>diminution des ridules apr\u00e8s une semaine d\u2019utilisation<\/strong>.<br \/>\n<em>Donn\u00e9es issues d\u2019un test panel de 31 personnes apr\u00e8s 1 semaine d\u2019utilisation.<\/em><\/p>\n<p><span style=\"text-decoration: underline;\">Type de peau :<\/span><br \/>\n\u2705 Peaux s\u00e8ches<br \/>\n\u2705 Peaux d\u00e9shydrat\u00e9es<br \/>\n\u2705 Peaux matures<br \/>\n\u2705 Peaux sensibles<\/p>\n<p>Ecocertification \/ 100% naturel \/ Vegan<\/p>\n","protected":false},"excerpt":{"rendered":"<p><strong>Le soin repulpant ultime par La Canop\u00e9e !<\/strong><\/p>\n<p>Cette cr\u00e8me gorg\u00e9e d\u2019<strong>actifs anti-\u00e2ge<\/strong>, est un v\u00e9ritable soin pour une <strong>peau repulp\u00e9e<\/strong> et <strong>intens\u00e9ment hydrat\u00e9e<\/strong>.<br \/>\nGr\u00e2ce \u00e0 son <strong>acide hyaluronique de faible poids mol\u00e9culaire<\/strong>, d\u2019une qualit\u00e9 exceptionnelle, cette cr\u00e8me p\u00e9n\u00e8tre <strong>profond\u00e9ment<\/strong> dans la peau pour <strong>combler les rides et ridules<\/strong> tout en apportant un <strong>effet rebondi visible<\/strong>. Associ\u00e9 \u00e0 la <strong>glyc\u00e9rine<\/strong>, qui retient durablement l\u2019eau dans les cellules, ce duo assure une <strong>hydratation intense<\/strong> et un <strong>confort imm\u00e9diat<\/strong>.<\/p>\n<p><span style=\"text-decoration: underline;\">Type de peau :<\/span><br \/>\n\u2705 Peaux s\u00e8ches<br \/>\n\u2705 Peaux d\u00e9shydrat\u00e9es<br \/>\n\u2705 Peaux matures<br \/>\n\u2705 Peaux sensibles<\/p>\n","protected":false},"featured_media":2050,"template":"","meta":{"_acf_changed":false},"product_brand":[40],"product_cat":[49,21],"product_tag":[],"class_list":{"0":"post-1270","1":"product","2":"type-product","3":"status-publish","4":"has-post-thumbnail","6":"product_brand-la-canopee","7":"product_cat-cremes-visage","8":"product_cat-visage","10":"first","11":"instock","12":"sale","13":"purchasable","14":"product-type-simple"},"acf":[],"_links":{"self":[{"href":"https:\/\/maisonmathilde.mu\/en\/wp-json\/wp\/v2\/product\/1270","targetHints":{"allow":["GET"]}}],"collection":[{"href":"https:\/\/maisonmathilde.mu\/en\/wp-json\/wp\/v2\/product"}],"about":[{"href":"https:\/\/maisonmathilde.mu\/en\/wp-json\/wp\/v2\/types\/product"}],"version-history":[{"count":3,"href":"https:\/\/maisonmathilde.mu\/en\/wp-json\/wp\/v2\/product\/1270\/revisions"}],"predecessor-version":[{"id":2054,"href":"https:\/\/maisonmathilde.mu\/en\/wp-json\/wp\/v2\/product\/1270\/revisions\/2054"}],"wp:featuredmedia":[{"embeddable":true,"href":"https:\/\/maisonmathilde.mu\/en\/wp-json\/wp\/v2\/media\/2050"}],"wp:attachment":[{"href":"https:\/\/maisonmathilde.mu\/en\/wp-json\/wp\/v2\/media?parent=1270"}],"wp:term":[{"taxonomy":"product_brand","embeddable":true,"href":"https:\/\/maisonmathilde.mu\/en\/wp-json\/wp\/v2\/product_brand?post=1270"},{"taxonomy":"product_cat","embeddable":true,"href":"https:\/\/maisonmathilde.mu\/en\/wp-json\/wp\/v2\/product_cat?post=1270"},{"taxonomy":"product_tag","embeddable":true,"href":"https:\/\/maisonmathilde.mu\/en\/wp-json\/wp\/v2\/product_tag?post=1270"}],"curies":[{"name":"wp","href":"https:\/\/api.w.org\/{rel}","templated":true}]}}