{"id":1238,"date":"2025-03-08T14:36:15","date_gmt":"2025-03-08T14:36:15","guid":{"rendered":"https:\/\/maisonmathilde.artover.fr\/produit\/gelule-onagre-bourrache\/"},"modified":"2025-11-15T12:59:51","modified_gmt":"2025-11-15T08:59:51","slug":"gelule-onagre-bourrache","status":"publish","type":"product","link":"https:\/\/maisonmathilde.mu\/en\/produit\/gelule-onagre-bourrache\/","title":{"rendered":"G\u00e9lule Onagre\/Bourrache &#8211; ODEN"},"content":{"rendered":"<p>Les G\u00e9lules Onagre &amp; Bourrache <strong>nourrissent la peau de l\u2019int\u00e9rieur<\/strong> tout en <strong>limitant le vieillissement cutan\u00e9<\/strong> ce qui en fait un v\u00e9ritable <strong>soin \u00e0 manger<\/strong>.<\/p>\n<p>Les huiles v\u00e9g\u00e9tales d\u2019Onagre et Bourrache sont r\u00e9put\u00e9es pour leurs propri\u00e9t\u00e9s :<\/p>\n<p>\u2714\ufe0f <span style=\"text-decoration: underline;\">Tonifiante<\/span> : renforce <strong>l\u2019\u00e9lasticit\u00e9<\/strong> et la <strong>souplesse<\/strong> de la peau<\/p>\n<p>\u2714\ufe0f <span style=\"text-decoration: underline;\">Revitalisante<\/span> : fortifie la <strong>fibre capillaire<\/strong>, redonnant <strong>brillance aux cheveux<\/strong><\/p>\n<p>\u2714\ufe0f <span style=\"text-decoration: underline;\">Fortifiante<\/span> : renforce les <strong>ongles mous et cassants<\/strong><\/p>\n<p><strong>1 \u00e0 2 g\u00e9lules par jour<\/strong> suffisent \u00e0 sublimer la peau.<\/p>\n<p>Ces deux huiles sont vierges, de premi\u00e8re pression \u00e0 froid, issues de plantes cultiv\u00e9es et transform\u00e9es en France.<\/p>\n<p>Ecocertification \/ 100% naturel \/ Vegan \/ 100% FRAN\u00c7AIS \ud83c\uddeb\ud83c\uddf7<\/p>\n","protected":false},"excerpt":{"rendered":"<p>Les G\u00e9lules Onagre &amp; Bourrache <strong>nourrissent la peau de l\u2019int\u00e9rieur<\/strong> tout en <strong>limitant le vieillissement cutan\u00e9<\/strong> ce qui en fait un v\u00e9ritable <strong>soin \u00e0 manger<\/strong>.<\/p>\n<p>Les huiles v\u00e9g\u00e9tales d\u2019Onagre et Bourrache sont r\u00e9put\u00e9es pour leurs propri\u00e9t\u00e9s :<\/p>\n<p>\u2714\ufe0f <span style=\"text-decoration: underline;\">Tonifiante<\/span> : renforce <strong>l\u2019\u00e9lasticit\u00e9<\/strong> et la <strong>souplesse<\/strong> de la peau<\/p>\n<p>\u2714\ufe0f <span style=\"text-decoration: underline;\">Revitalisante<\/span> : fortifie la <strong>fibre capillaire<\/strong>, redonnant <strong>brillance aux cheveux<\/strong><\/p>\n<p>\u2714\ufe0f <span style=\"text-decoration: underline;\">Fortifiante<\/span> : renforce les <strong>ongles mous et cassants<\/strong><\/p>\n","protected":false},"featured_media":933,"template":"","meta":{"_acf_changed":false},"product_brand":[38],"product_cat":[39],"product_tag":[],"class_list":{"0":"post-1238","1":"product","2":"type-product","3":"status-publish","4":"has-post-thumbnail","6":"product_brand-oden","7":"product_cat-complements-alimentaire","9":"first","10":"outofstock","11":"purchasable","12":"product-type-simple"},"acf":[],"_links":{"self":[{"href":"https:\/\/maisonmathilde.mu\/en\/wp-json\/wp\/v2\/product\/1238","targetHints":{"allow":["GET"]}}],"collection":[{"href":"https:\/\/maisonmathilde.mu\/en\/wp-json\/wp\/v2\/product"}],"about":[{"href":"https:\/\/maisonmathilde.mu\/en\/wp-json\/wp\/v2\/types\/product"}],"version-history":[{"count":5,"href":"https:\/\/maisonmathilde.mu\/en\/wp-json\/wp\/v2\/product\/1238\/revisions"}],"predecessor-version":[{"id":2900,"href":"https:\/\/maisonmathilde.mu\/en\/wp-json\/wp\/v2\/product\/1238\/revisions\/2900"}],"wp:featuredmedia":[{"embeddable":true,"href":"https:\/\/maisonmathilde.mu\/en\/wp-json\/wp\/v2\/media\/933"}],"wp:attachment":[{"href":"https:\/\/maisonmathilde.mu\/en\/wp-json\/wp\/v2\/media?parent=1238"}],"wp:term":[{"taxonomy":"product_brand","embeddable":true,"href":"https:\/\/maisonmathilde.mu\/en\/wp-json\/wp\/v2\/product_brand?post=1238"},{"taxonomy":"product_cat","embeddable":true,"href":"https:\/\/maisonmathilde.mu\/en\/wp-json\/wp\/v2\/product_cat?post=1238"},{"taxonomy":"product_tag","embeddable":true,"href":"https:\/\/maisonmathilde.mu\/en\/wp-json\/wp\/v2\/product_tag?post=1238"}],"curies":[{"name":"wp","href":"https:\/\/api.w.org\/{rel}","templated":true}]}}