{"id":1234,"date":"2025-03-08T14:36:15","date_gmt":"2025-03-08T14:36:15","guid":{"rendered":"https:\/\/maisonmathilde.artover.fr\/produit\/gommage-corps-100ml\/"},"modified":"2026-03-31T12:10:05","modified_gmt":"2026-03-31T08:10:05","slug":"gommage-corps-100ml","status":"publish","type":"product","link":"https:\/\/maisonmathilde.mu\/en\/produit\/gommage-corps-100ml\/","title":{"rendered":"Gommage Corps 100ml &#8211; ODEN"},"content":{"rendered":"<p>Le Gommage Corps fran\u00e7ais <strong>exfolie<\/strong> la peau en douceur tout en la <strong>nourrissant<\/strong> pour la laisser <strong>souple<\/strong>, <strong>lisse<\/strong> et <strong>\u00e9clatante<\/strong>.<\/p>\n<p>La <strong>poudre de coquillage<\/strong> est connue pour ses propri\u00e9t\u00e9s :<\/p>\n<p>\u2714\ufe0f <span style=\"text-decoration: underline;\">Exfoliante<\/span> : <strong>\u00e9limine les cellules mortes<\/strong> et impuret\u00e9s<\/p>\n<p>\u2714\ufe0f <span style=\"text-decoration: underline;\">R\u00e9g\u00e9n\u00e9rante<\/span> : favorise le <strong>renouvellement<\/strong> <strong>cellulaire<\/strong><\/p>\n<p>\u2714\ufe0f <span style=\"text-decoration: underline;\">\u00c9claircissante<\/span> : <strong>redonne de l\u2019\u00e9clat<\/strong> \u00e0 la peau<\/p>\n<p>Sa <strong>texture fondante<\/strong> et son <strong>parfum gourmand<\/strong> aux notes de fleurs d\u2019oranger laisseront votre peau aussi douce qu\u2019une peau de b\u00e9b\u00e9.<\/p>\n<p>Tous les ingr\u00e9dients sont fran\u00e7ais.<\/p>\n<p>Ecocertification \/ 100% naturel \/ 100% FRAN\u00c7AIS \ud83c\uddeb\ud83c\uddf7<\/p>\n","protected":false},"excerpt":{"rendered":"<p>Le Gommage Corps fran\u00e7ais <strong>exfolie<\/strong> la peau en douceur tout en la <strong>nourrissant<\/strong> pour la laisser <strong>souple<\/strong>, <strong>lisse<\/strong> et <strong>\u00e9clatante<\/strong>.<\/p>\n<p>La <strong>poudre de coquillage<\/strong> est connue pour ses propri\u00e9t\u00e9s :<\/p>\n<p>\u2714\ufe0f <span style=\"text-decoration: underline;\">Exfoliante<\/span> : <strong>\u00e9limine les cellules mortes<\/strong> et impuret\u00e9s<\/p>\n<p>\u2714\ufe0f <span style=\"text-decoration: underline;\">R\u00e9g\u00e9n\u00e9rante<\/span> : favorise le <strong>renouvellement<\/strong> <strong>cellulaire<\/strong><\/p>\n<p>\u2714\ufe0f <span style=\"text-decoration: underline;\">\u00c9claircissante<\/span> : <strong>redonne de l\u2019\u00e9clat<\/strong> \u00e0 la peau<\/p>\n","protected":false},"featured_media":2876,"template":"","meta":{"_acf_changed":false},"product_brand":[38],"product_cat":[16,65],"product_tag":[],"class_list":{"0":"post-1234","1":"product","2":"type-product","3":"status-publish","4":"has-post-thumbnail","6":"product_brand-oden","7":"product_cat-corps","8":"product_cat-gommage","10":"first","11":"instock","12":"sale","13":"purchasable","14":"product-type-simple"},"acf":[],"_links":{"self":[{"href":"https:\/\/maisonmathilde.mu\/en\/wp-json\/wp\/v2\/product\/1234","targetHints":{"allow":["GET"]}}],"collection":[{"href":"https:\/\/maisonmathilde.mu\/en\/wp-json\/wp\/v2\/product"}],"about":[{"href":"https:\/\/maisonmathilde.mu\/en\/wp-json\/wp\/v2\/types\/product"}],"version-history":[{"count":5,"href":"https:\/\/maisonmathilde.mu\/en\/wp-json\/wp\/v2\/product\/1234\/revisions"}],"predecessor-version":[{"id":2902,"href":"https:\/\/maisonmathilde.mu\/en\/wp-json\/wp\/v2\/product\/1234\/revisions\/2902"}],"wp:featuredmedia":[{"embeddable":true,"href":"https:\/\/maisonmathilde.mu\/en\/wp-json\/wp\/v2\/media\/2876"}],"wp:attachment":[{"href":"https:\/\/maisonmathilde.mu\/en\/wp-json\/wp\/v2\/media?parent=1234"}],"wp:term":[{"taxonomy":"product_brand","embeddable":true,"href":"https:\/\/maisonmathilde.mu\/en\/wp-json\/wp\/v2\/product_brand?post=1234"},{"taxonomy":"product_cat","embeddable":true,"href":"https:\/\/maisonmathilde.mu\/en\/wp-json\/wp\/v2\/product_cat?post=1234"},{"taxonomy":"product_tag","embeddable":true,"href":"https:\/\/maisonmathilde.mu\/en\/wp-json\/wp\/v2\/product_tag?post=1234"}],"curies":[{"name":"wp","href":"https:\/\/api.w.org\/{rel}","templated":true}]}}