{"id":1228,"date":"2025-03-08T14:36:15","date_gmt":"2025-03-08T14:36:15","guid":{"rendered":"https:\/\/maisonmathilde.artover.fr\/produit\/concentre-deglantier-6-ml\/"},"modified":"2026-05-02T11:48:23","modified_gmt":"2026-05-02T07:48:23","slug":"concentre-deglantier-6-ml","status":"publish","type":"product","link":"https:\/\/maisonmathilde.mu\/en\/produit\/concentre-deglantier-6-ml\/","title":{"rendered":"Concentr\u00e9 d&#8217;\u00e9glantier 6 ml &#8211; ODEN"},"content":{"rendered":"<p>Le Concentr\u00e9 d\u2019\u00c9glantier est reconnu <strong>Victoire de la Beaut\u00e9 Responsable 2024-2025<\/strong> avec une excellente note de <strong>18,7\/20<\/strong> !<\/p>\n<p>Adapt\u00e9 \u00e0 tous les types de peau, le Concentr\u00e9 d\u2019\u00c9glantier <strong>pr\u00e9vient le vieillissement cutan\u00e9<\/strong> tout en <strong>tonifiant<\/strong> <strong>la peau<\/strong>.<\/p>\n<p>\u2714\ufe0f <strong>Stimule<\/strong> la synth\u00e8se de <strong>collag\u00e8ne<\/strong> : jusqu\u2019\u00e0 <strong>93% de collag\u00e8ne re-synth\u00e9tis\u00e9*<\/strong><\/p>\n<p>\u2714\ufe0f Favorise la <strong>r\u00e9g\u00e9n\u00e9ration cellulaire<\/strong><\/p>\n<p>\u2714\ufe0f <strong>Lisse les rides et ridules<\/strong><\/p>\n<p>Soin \u00e0 la <strong>texture s\u00e8che<\/strong> et au <strong>toucher soyeux<\/strong>. Il est formul\u00e9 sans <strong>parfum ni huiles essentielles<\/strong>.<\/p>\n<p><strong>\u00c0 diluer<\/strong> dans une huile ou dans une cr\u00e8me.<\/p>\n<p><span style=\"text-decoration: underline;\">Types de peau :<\/span><br \/>\n\u2705 Peaux matures<br \/>\n\u2705 Peaux sensibles<br \/>\n\u2705 Peaux avec signes de vieillissement<\/p>\n<p>Ecocertification \/ 100% naturel \/ Vegan \/ 100% FRAN\u00c7AIS \ud83c\uddeb\ud83c\uddf7<\/p>\n<p>*Lorsque le soin est dilu\u00e9 \u00e0 50%. Tests in vitro. Id\u00e9al pour les peaux matures<\/p>\n<p>&nbsp;<\/p>\n","protected":false},"excerpt":{"rendered":"<p>Le Concentr\u00e9 d\u2019\u00c9glantier est reconnu <strong>Victoire de la Beaut\u00e9 Responsable 2024-2025<\/strong> avec une excellente note de <strong>18,7\/20<\/strong> !<\/p>\n<p>Adapt\u00e9 \u00e0 tous les types de peau, le Concentr\u00e9 d\u2019\u00c9glantier <strong>pr\u00e9vient le vieillissement cutan\u00e9<\/strong> tout en <strong>tonifiant<\/strong> <strong>la peau<\/strong>.<\/p>\n<p>\u2714\ufe0f <strong>Stimule<\/strong> la synth\u00e8se de <strong>collag\u00e8ne<\/strong> : jusqu\u2019\u00e0 <strong>93% de collag\u00e8ne re-synth\u00e9tis\u00e9*<\/strong><\/p>\n<p>\u2714\ufe0f Favorise la <strong>r\u00e9g\u00e9n\u00e9ration cellulaire<\/strong><\/p>\n<p>\u2714\ufe0f <strong>Lisse les rides et ridules<\/strong><\/p>\n","protected":false},"featured_media":927,"template":"","meta":{"_acf_changed":false},"product_brand":[38],"product_cat":[51,21],"product_tag":[],"class_list":{"0":"post-1228","1":"product","2":"type-product","3":"status-publish","4":"has-post-thumbnail","6":"product_brand-oden","7":"product_cat-serums-visages","8":"product_cat-visage","10":"first","11":"outofstock","12":"purchasable","13":"product-type-simple"},"acf":[],"_links":{"self":[{"href":"https:\/\/maisonmathilde.mu\/en\/wp-json\/wp\/v2\/product\/1228","targetHints":{"allow":["GET"]}}],"collection":[{"href":"https:\/\/maisonmathilde.mu\/en\/wp-json\/wp\/v2\/product"}],"about":[{"href":"https:\/\/maisonmathilde.mu\/en\/wp-json\/wp\/v2\/types\/product"}],"version-history":[{"count":5,"href":"https:\/\/maisonmathilde.mu\/en\/wp-json\/wp\/v2\/product\/1228\/revisions"}],"predecessor-version":[{"id":2978,"href":"https:\/\/maisonmathilde.mu\/en\/wp-json\/wp\/v2\/product\/1228\/revisions\/2978"}],"wp:featuredmedia":[{"embeddable":true,"href":"https:\/\/maisonmathilde.mu\/en\/wp-json\/wp\/v2\/media\/927"}],"wp:attachment":[{"href":"https:\/\/maisonmathilde.mu\/en\/wp-json\/wp\/v2\/media?parent=1228"}],"wp:term":[{"taxonomy":"product_brand","embeddable":true,"href":"https:\/\/maisonmathilde.mu\/en\/wp-json\/wp\/v2\/product_brand?post=1228"},{"taxonomy":"product_cat","embeddable":true,"href":"https:\/\/maisonmathilde.mu\/en\/wp-json\/wp\/v2\/product_cat?post=1228"},{"taxonomy":"product_tag","embeddable":true,"href":"https:\/\/maisonmathilde.mu\/en\/wp-json\/wp\/v2\/product_tag?post=1228"}],"curies":[{"name":"wp","href":"https:\/\/api.w.org\/{rel}","templated":true}]}}