{"id":1224,"date":"2025-03-08T14:36:15","date_gmt":"2025-03-08T14:36:15","guid":{"rendered":"https:\/\/maisonmathilde.artover.fr\/produit\/baume-a-levres-7-ml\/"},"modified":"2026-05-02T11:47:47","modified_gmt":"2026-05-02T07:47:47","slug":"baume-a-levres-7-ml","status":"publish","type":"product","link":"https:\/\/maisonmathilde.mu\/en\/produit\/baume-a-levres-7-ml\/","title":{"rendered":"Baume \u00e0 l\u00e8vres 7 ml &#8211; ODEN"},"content":{"rendered":"<p><strong>Ultra-nourrissant<\/strong>, notre baume \u00e0 l\u00e8vres fran\u00e7ais <strong>nourrit<\/strong> et r\u00e9pare les <strong>l\u00e8vres abim\u00e9es<\/strong> et <strong>gerc\u00e9es<\/strong>. Il convient \u00e0 toute la famille, petits et grands.<\/p>\n<p>L\u2019huile <strong>d\u2019Amande douce<\/strong> est reconnue ses propri\u00e9t\u00e9s :<\/p>\n<p>\u2714\ufe0f <span style=\"text-decoration: underline;\">Nourrissante<\/span> : <strong>prot\u00e8ge<\/strong> du <strong>dess\u00e8chement<\/strong> cutan\u00e9<\/p>\n<p>\u2714\ufe0f <span style=\"text-decoration: underline;\">R\u00e9paratrice<\/span> : <strong>r\u00e9pare<\/strong> les l\u00e8vres ab\u00eem\u00e9es et gerc\u00e9es<\/p>\n<p>\u2714\ufe0f <span style=\"text-decoration: underline;\">\u00c9molliente<\/span> : <strong>adoucit<\/strong> et <strong>assouplit<\/strong> la peau<\/p>\n<p>Baume \u00e0 la <strong>texture fondante<\/strong> et \u00e0 la <strong>douce odeur de noisettes<\/strong>.<\/p>\n<p><span style=\"text-decoration: underline;\">Types de peau<\/span> :<br \/>\n\u2705 L\u00e8vres s\u00e8ches et gerc\u00e9es<br \/>\n\u2705 Peaux sensibles<br \/>\n\u2705 Tous types de peau (convient \u00e0 toute la famille)<\/p>\n<p>Ecocertification \/ 100% naturel \/ 100% FRAN\u00c7AIS \ud83c\uddeb\ud83c\uddf7<\/p>\n<p>Ce baume \u00e0 l\u00e8vres artisanal est fabriqu\u00e9 par nos soins \u00e0 La Maison Botanique, notre laboratoire parisien.<\/p>\n<p>Tous les ingr\u00e9dients sont fran\u00e7ais. 4 \u00e0 6 mois d&#8217;utilisation<\/p>\n","protected":false},"excerpt":{"rendered":"<p><strong>Ultra-nourrissant<\/strong>, notre baume \u00e0 l\u00e8vres fran\u00e7ais <strong>nourrit<\/strong> et r\u00e9pare les <strong>l\u00e8vres abim\u00e9es<\/strong> et <strong>gerc\u00e9es<\/strong>. Il convient \u00e0 toute la famille, petits et grands.<\/p>\n","protected":false},"featured_media":914,"template":"","meta":{"_acf_changed":false},"product_brand":[38],"product_cat":[56,21],"product_tag":[],"class_list":{"0":"post-1224","1":"product","2":"type-product","3":"status-publish","4":"has-post-thumbnail","6":"product_brand-oden","7":"product_cat-soins-des-levres","8":"product_cat-visage","10":"first","11":"outofstock","12":"purchasable","13":"product-type-simple"},"acf":[],"_links":{"self":[{"href":"https:\/\/maisonmathilde.mu\/en\/wp-json\/wp\/v2\/product\/1224","targetHints":{"allow":["GET"]}}],"collection":[{"href":"https:\/\/maisonmathilde.mu\/en\/wp-json\/wp\/v2\/product"}],"about":[{"href":"https:\/\/maisonmathilde.mu\/en\/wp-json\/wp\/v2\/types\/product"}],"version-history":[{"count":5,"href":"https:\/\/maisonmathilde.mu\/en\/wp-json\/wp\/v2\/product\/1224\/revisions"}],"predecessor-version":[{"id":2907,"href":"https:\/\/maisonmathilde.mu\/en\/wp-json\/wp\/v2\/product\/1224\/revisions\/2907"}],"wp:featuredmedia":[{"embeddable":true,"href":"https:\/\/maisonmathilde.mu\/en\/wp-json\/wp\/v2\/media\/914"}],"wp:attachment":[{"href":"https:\/\/maisonmathilde.mu\/en\/wp-json\/wp\/v2\/media?parent=1224"}],"wp:term":[{"taxonomy":"product_brand","embeddable":true,"href":"https:\/\/maisonmathilde.mu\/en\/wp-json\/wp\/v2\/product_brand?post=1224"},{"taxonomy":"product_cat","embeddable":true,"href":"https:\/\/maisonmathilde.mu\/en\/wp-json\/wp\/v2\/product_cat?post=1224"},{"taxonomy":"product_tag","embeddable":true,"href":"https:\/\/maisonmathilde.mu\/en\/wp-json\/wp\/v2\/product_tag?post=1224"}],"curies":[{"name":"wp","href":"https:\/\/api.w.org\/{rel}","templated":true}]}}