{"id":1212,"date":"2025-03-08T14:36:15","date_gmt":"2025-03-08T14:36:15","guid":{"rendered":"https:\/\/maisonmathilde.artover.fr\/produit\/brume-botanique-rose-50-ml\/"},"modified":"2026-02-02T12:47:35","modified_gmt":"2026-02-02T08:47:35","slug":"brume-botanique-rose-50-ml","status":"publish","type":"product","link":"https:\/\/maisonmathilde.mu\/en\/produit\/brume-botanique-rose-50-ml\/","title":{"rendered":"Brume botanique\u00a0Rose 50 ml"},"content":{"rendered":"<p>La Brume Botanique Rose <strong>hydrate<\/strong> et <strong>apaise<\/strong> les <strong>peaux matures<\/strong> tout en <strong>luttant<\/strong> contre les signes du <strong>vieillissement cutan\u00e9<\/strong>.<\/p>\n<p>Les hydrolats de Rose, G\u00e9ranium et Reine des pr\u00e9s sont reconnus pour leurs propri\u00e9t\u00e9s :<\/p>\n<p>\u2714\ufe0f <span style=\"text-decoration: underline;\">R\u00e9g\u00e9n\u00e9rante<\/span> : favorise la <strong>r\u00e9g\u00e9n\u00e9ration<\/strong> cellulaire<\/p>\n<p>\u2714\ufe0f <span style=\"text-decoration: underline;\">Tonifiante<\/span> : redonne <strong>souplesse<\/strong> et <strong>\u00e9lasticit\u00e9<\/strong> \u00e0 la peau<\/p>\n<p>\u2714\ufe0f <span style=\"text-decoration: underline;\">Apaisante<\/span> : soulage les <strong>s\u00e9cheresses<\/strong> et <strong>tiraillements<\/strong> cutan\u00e9s<\/p>\n<p>Tout en procurant une sensation de <strong>fra\u00eecheur<\/strong> \u00e0 votre peau, elle l\u2019enveloppe d\u2019une <strong>fragrance<\/strong> <strong>fleurie<\/strong> et <strong>enivrante<\/strong>.<\/p>\n<p><span style=\"text-decoration: underline;\">Types de peau<\/span> :<br \/>\n\u2705 Peaux matures<br \/>\n\u2705 Peaux s\u00e8ches<br \/>\n\u2705 Peaux sensibles<br \/>\n\u2705 Peaux d\u00e9shydrat\u00e9es<br \/>\n\u2705 Peaux ternes et fatigu\u00e9es<\/p>\n<p>Ecocertification \/ 100% naturel \/ Vegan \/ 100% FRAN\u00c7AIS \ud83c\uddeb\ud83c\uddf7<\/p>\n<p>Toutes les plantes sont issues de l\u2019Agriculture Biologique Fran\u00e7aise.<\/p>\n","protected":false},"excerpt":{"rendered":"<p>La Brume Botanique Rose <strong>hydrate<\/strong> et <strong>apaise<\/strong> les <strong>peaux matures<\/strong> tout en <strong>luttant<\/strong> contre les signes du <strong>vieillissement cutan\u00e9<\/strong>.<\/p>\n<p><span style=\"text-decoration: underline;\">Types de peau<\/span> :<br \/>\n\u2705 Peaux matures<br \/>\n\u2705 Peaux s\u00e8ches<br \/>\n\u2705 Peaux sensibles<br \/>\n\u2705 Peaux d\u00e9shydrat\u00e9es<br \/>\n\u2705 Peaux ternes et fatigu\u00e9es<\/p>\n<p>&nbsp;<\/p>\n","protected":false},"featured_media":920,"template":"","meta":{"_acf_changed":false},"product_brand":[38],"product_cat":[52,21],"product_tag":[],"class_list":{"0":"post-1212","1":"product","2":"type-product","3":"status-publish","4":"has-post-thumbnail","6":"product_brand-oden","7":"product_cat-brumes-et-toniques","8":"product_cat-visage","10":"first","11":"outofstock","12":"purchasable","13":"product-type-simple"},"acf":[],"_links":{"self":[{"href":"https:\/\/maisonmathilde.mu\/en\/wp-json\/wp\/v2\/product\/1212","targetHints":{"allow":["GET"]}}],"collection":[{"href":"https:\/\/maisonmathilde.mu\/en\/wp-json\/wp\/v2\/product"}],"about":[{"href":"https:\/\/maisonmathilde.mu\/en\/wp-json\/wp\/v2\/types\/product"}],"version-history":[{"count":4,"href":"https:\/\/maisonmathilde.mu\/en\/wp-json\/wp\/v2\/product\/1212\/revisions"}],"predecessor-version":[{"id":2093,"href":"https:\/\/maisonmathilde.mu\/en\/wp-json\/wp\/v2\/product\/1212\/revisions\/2093"}],"wp:featuredmedia":[{"embeddable":true,"href":"https:\/\/maisonmathilde.mu\/en\/wp-json\/wp\/v2\/media\/920"}],"wp:attachment":[{"href":"https:\/\/maisonmathilde.mu\/en\/wp-json\/wp\/v2\/media?parent=1212"}],"wp:term":[{"taxonomy":"product_brand","embeddable":true,"href":"https:\/\/maisonmathilde.mu\/en\/wp-json\/wp\/v2\/product_brand?post=1212"},{"taxonomy":"product_cat","embeddable":true,"href":"https:\/\/maisonmathilde.mu\/en\/wp-json\/wp\/v2\/product_cat?post=1212"},{"taxonomy":"product_tag","embeddable":true,"href":"https:\/\/maisonmathilde.mu\/en\/wp-json\/wp\/v2\/product_tag?post=1212"}],"curies":[{"name":"wp","href":"https:\/\/api.w.org\/{rel}","templated":true}]}}