{"id":1210,"date":"2025-03-08T14:36:15","date_gmt":"2025-03-08T14:36:15","guid":{"rendered":"https:\/\/maisonmathilde.artover.fr\/produit\/brume-botanique-romarin-50-ml\/"},"modified":"2026-02-02T12:47:47","modified_gmt":"2026-02-02T08:47:47","slug":"brume-botanique-romarin-50-ml","status":"publish","type":"product","link":"https:\/\/maisonmathilde.mu\/en\/produit\/brume-botanique-romarin-50-ml\/","title":{"rendered":"Brume botanique\u00a0Romarin 50 ml"},"content":{"rendered":"<p>La Brume Botanique Romarin <strong>purifie<\/strong> en <strong>douceur<\/strong> et <strong>r\u00e9\u00e9quilibre les peaux mixtes \u00e0 grasses<\/strong>.<\/p>\n<p>Les hydrolats de Romarin, Sarriette et Lavande sont reconnus pour leurs propri\u00e9t\u00e9s :<\/p>\n<p>\u2714\ufe0f<span style=\"text-decoration: underline;\"> S\u00e9bo-r\u00e9gulatrice<\/span> : <strong>\u00e9quilibre<\/strong> la production de <strong>s\u00e9bum<\/strong><\/p>\n<p>\u2714\ufe0f <span style=\"text-decoration: underline;\">Purifiante<\/span> : <strong>d\u00e9sincruste<\/strong> les pores en <strong>\u00e9liminant les impuret\u00e9s<\/strong><\/p>\n<p>\u2714\ufe0f <span style=\"text-decoration: underline;\">Astringente<\/span> : <strong>resserre<\/strong> <strong>les<\/strong> <strong>pores<\/strong>, pour un <strong>teint<\/strong> <strong>lisse<\/strong> et <strong>uniforme<\/strong><\/p>\n<p>Tout en procurant une <strong>sensation de fra\u00eecheur<\/strong> \u00e0 votre peau.<\/p>\n<p><span style=\"text-decoration: underline;\">Types de peau<\/span> :<br \/>\n\u2705 Peaux mixtes<br \/>\n\u2705 Peaux grasses<br \/>\n\u2705 Peaux \u00e0 tendance acn\u00e9ique<br \/>\n\u2705 Peaux avec pores dilat\u00e9s<br \/>\n\u2705 Peaux sujettes aux imperfections<\/p>\n<p>Ecocertification \/ 100% naturel \/\u00a0 Vegan \/ Made in France \ud83c\uddeb\ud83c\uddf7<\/p>\n<p>Toutes les plantes sont issues de l\u2019Agriculture Biologique Fran\u00e7aise.<\/p>\n","protected":false},"excerpt":{"rendered":"<p>La Brume Botanique Romarin <strong>purifie<\/strong> en <strong>douceur<\/strong> et <strong>r\u00e9\u00e9quilibre les peaux mixtes \u00e0 grasses<\/strong>.<\/p>\n<p><span style=\"text-decoration: underline;\">Types de peau<\/span> :<br \/>\n\u2705 Peaux mixtes<br \/>\n\u2705 Peaux grasses<br \/>\n\u2705 Peaux \u00e0 tendance acn\u00e9ique<br \/>\n\u2705 Peaux avec pores dilat\u00e9s<br \/>\n\u2705 Peaux sujettes aux imperfections<\/p>\n","protected":false},"featured_media":2088,"template":"","meta":{"_acf_changed":false},"product_brand":[38],"product_cat":[52,21],"product_tag":[],"class_list":{"0":"post-1210","1":"product","2":"type-product","3":"status-publish","4":"has-post-thumbnail","6":"product_brand-oden","7":"product_cat-brumes-et-toniques","8":"product_cat-visage","10":"first","11":"outofstock","12":"purchasable","13":"product-type-simple"},"acf":[],"_links":{"self":[{"href":"https:\/\/maisonmathilde.mu\/en\/wp-json\/wp\/v2\/product\/1210","targetHints":{"allow":["GET"]}}],"collection":[{"href":"https:\/\/maisonmathilde.mu\/en\/wp-json\/wp\/v2\/product"}],"about":[{"href":"https:\/\/maisonmathilde.mu\/en\/wp-json\/wp\/v2\/types\/product"}],"version-history":[{"count":3,"href":"https:\/\/maisonmathilde.mu\/en\/wp-json\/wp\/v2\/product\/1210\/revisions"}],"predecessor-version":[{"id":2087,"href":"https:\/\/maisonmathilde.mu\/en\/wp-json\/wp\/v2\/product\/1210\/revisions\/2087"}],"wp:featuredmedia":[{"embeddable":true,"href":"https:\/\/maisonmathilde.mu\/en\/wp-json\/wp\/v2\/media\/2088"}],"wp:attachment":[{"href":"https:\/\/maisonmathilde.mu\/en\/wp-json\/wp\/v2\/media?parent=1210"}],"wp:term":[{"taxonomy":"product_brand","embeddable":true,"href":"https:\/\/maisonmathilde.mu\/en\/wp-json\/wp\/v2\/product_brand?post=1210"},{"taxonomy":"product_cat","embeddable":true,"href":"https:\/\/maisonmathilde.mu\/en\/wp-json\/wp\/v2\/product_cat?post=1210"},{"taxonomy":"product_tag","embeddable":true,"href":"https:\/\/maisonmathilde.mu\/en\/wp-json\/wp\/v2\/product_tag?post=1210"}],"curies":[{"name":"wp","href":"https:\/\/api.w.org\/{rel}","templated":true}]}}