{"id":1186,"date":"2025-03-08T14:36:04","date_gmt":"2025-03-08T14:36:04","guid":{"rendered":"https:\/\/maisonmathilde.artover.fr\/produit\/deodorant-the-vert\/"},"modified":"2026-05-02T12:17:48","modified_gmt":"2026-05-02T08:17:48","slug":"deodorant-the-vert","status":"publish","type":"product","link":"https:\/\/maisonmathilde.mu\/en\/produit\/deodorant-the-vert\/","title":{"rendered":"D\u00e9odorant Th\u00e9 Vert &#8211; Z&#038;Ma"},"content":{"rendered":"<p>Le D\u00e9odorant Th\u00e9 Vert Zetma allie <strong>fra\u00eecheur<\/strong> et <strong>protection<\/strong> avec une formule <strong>100% naturelle<\/strong>. <strong>Sans aluminium<\/strong>, <strong>sans parab\u00e8nes<\/strong> et <strong>sans parfum de synth\u00e8se<\/strong>, il respecte votre peau tout en luttant efficacement c<strong>ontre les bact\u00e9ries responsables des mauvaises odeurs<\/strong>.<\/p>\n<p><strong>L\u2019alcool bio<\/strong> <strong>purifie<\/strong> et <strong>rafra\u00eechit<\/strong> instantan\u00e9ment, tandis que le <strong>ch\u00eane<\/strong> apporte une touche <strong>bois\u00e9e<\/strong> et <strong>apaisante<\/strong>. <strong>L\u2019Aloe Vera<\/strong> <strong>hydrate<\/strong> et <strong>adoucit<\/strong> la peau, et le <strong>Triethyl Citrate<\/strong> combat les bact\u00e9ries sans laisser de r\u00e9sidu.<\/p>\n<p>Ce d\u00e9odorant vous garantit une <strong>protection longue dur\u00e9e<\/strong>, tout en \u00e9tant <strong>doux<\/strong> et <strong>respectueux<\/strong> de votre corps et de l\u2019environnement.<\/p>\n<p>\u00c9cocertifi\u00e9 \/ 99% naturel \/ Cruelty free \/ Vegan \/30% issu de l&#8217;agriculture biologique \/ Made in France \ud83c\uddeb\ud83c\uddf7<\/p>\n","protected":false},"excerpt":{"rendered":"<p>Le D\u00e9odorant Th\u00e9 Vert Zetma allie <strong>fra\u00eecheur<\/strong> et <strong>protection<\/strong> avec une formule <strong>100% naturelle<\/strong>. <strong>Sans aluminium<\/strong>, <strong>sans parab\u00e8nes<\/strong> et <strong>sans parfum de synth\u00e8se<\/strong>, il respecte votre peau tout en luttant efficacement c<strong>ontre les bact\u00e9ries responsables des mauvaises odeurs<\/strong>.<\/p>\n<p>Ce d\u00e9odorant vous garantit une <strong>protection longue dur\u00e9e<\/strong>, tout en \u00e9tant <strong>doux<\/strong> et <strong>respectueux<\/strong> de votre corps et de l\u2019environnement.<\/p>\n","protected":false},"featured_media":1323,"template":"","meta":{"_acf_changed":false},"product_brand":[36],"product_cat":[16,26],"product_tag":[],"class_list":{"0":"post-1186","1":"product","2":"type-product","3":"status-publish","4":"has-post-thumbnail","6":"product_brand-zetma","7":"product_cat-corps","8":"product_cat-deodorant","10":"first","11":"outofstock","12":"purchasable","13":"product-type-simple"},"acf":[],"_links":{"self":[{"href":"https:\/\/maisonmathilde.mu\/en\/wp-json\/wp\/v2\/product\/1186","targetHints":{"allow":["GET"]}}],"collection":[{"href":"https:\/\/maisonmathilde.mu\/en\/wp-json\/wp\/v2\/product"}],"about":[{"href":"https:\/\/maisonmathilde.mu\/en\/wp-json\/wp\/v2\/types\/product"}],"version-history":[{"count":6,"href":"https:\/\/maisonmathilde.mu\/en\/wp-json\/wp\/v2\/product\/1186\/revisions"}],"predecessor-version":[{"id":2892,"href":"https:\/\/maisonmathilde.mu\/en\/wp-json\/wp\/v2\/product\/1186\/revisions\/2892"}],"wp:featuredmedia":[{"embeddable":true,"href":"https:\/\/maisonmathilde.mu\/en\/wp-json\/wp\/v2\/media\/1323"}],"wp:attachment":[{"href":"https:\/\/maisonmathilde.mu\/en\/wp-json\/wp\/v2\/media?parent=1186"}],"wp:term":[{"taxonomy":"product_brand","embeddable":true,"href":"https:\/\/maisonmathilde.mu\/en\/wp-json\/wp\/v2\/product_brand?post=1186"},{"taxonomy":"product_cat","embeddable":true,"href":"https:\/\/maisonmathilde.mu\/en\/wp-json\/wp\/v2\/product_cat?post=1186"},{"taxonomy":"product_tag","embeddable":true,"href":"https:\/\/maisonmathilde.mu\/en\/wp-json\/wp\/v2\/product_tag?post=1186"}],"curies":[{"name":"wp","href":"https:\/\/api.w.org\/{rel}","templated":true}]}}