{"id":1100,"date":"2025-03-08T14:35:21","date_gmt":"2025-03-08T14:35:21","guid":{"rendered":"https:\/\/maisonmathilde.artover.fr\/produit\/blush-005-pink-nude\/"},"modified":"2026-03-23T14:33:14","modified_gmt":"2026-03-23T10:33:14","slug":"blush-005-pink-nude","status":"publish","type":"product","link":"https:\/\/maisonmathilde.mu\/en\/produit\/blush-005-pink-nude\/","title":{"rendered":"Blush 005 Pink nude Highlighter"},"content":{"rendered":"<p>L&#8217;Highlighter Pink Nude d\u2019Eclo, <strong>aux cires v\u00e9g\u00e9tales et \u00e0 l\u2019extrait de seigle bio de Haute-Loire, connu pour sa capacit\u00e9 \u00e0 redonner tonicit\u00e9 et \u00e9lasticit\u00e9 \u00e0 la peau<\/strong>. Un <strong>Blush Enlumineur<\/strong> qui capture d\u00e9licatement la lumi\u00e8re, donnant \u00e0 votre visage un <strong>\u00e9clat naturel et radieux<\/strong>.<\/p>\n<p>Ce blush vous procurera une <strong>exp\u00e9rience sensorielle unique<\/strong> gr\u00e2ce \u00e0 sa formule <strong>semi-solide \u00e0 base de cire v\u00e9g\u00e9tale<\/strong>. Sa couleur <strong>charg\u00e9e en pigments<\/strong> min\u00e9raux se fondra instantan\u00e9ment pour un <strong>effet \u00e0 la fois seconde peau et sans mati\u00e8re<\/strong>.<\/p>\n<p>Un blush qui <strong>ravive naturellement votre teint<\/strong> en laissant un fini glowy et lumineux.<\/p>\n<p>&nbsp;<\/p>\n<p>COSMOSOrganic GreenLife \/ 100% naturel \/ Vegan \/ Made in France \ud83c\uddeb\ud83c\uddf7<\/p>\n","protected":false},"excerpt":{"rendered":"<p>L&#8217;Highlighter Pink Nude d\u2019Eclo, <strong>aux cires v\u00e9g\u00e9tales et \u00e0 l\u2019extrait de seigle bio de Haute-Loire, connu pour sa capacit\u00e9 \u00e0 redonner tonicit\u00e9 et \u00e9lasticit\u00e9 \u00e0 la peau<\/strong>. Un <strong>Blush Enlumineur<\/strong> qui capture d\u00e9licatement la lumi\u00e8re, donnant \u00e0 votre visage un <strong>\u00e9clat naturel et radieux<\/strong>.<\/p>\n","protected":false},"featured_media":1341,"template":"","meta":{"_acf_changed":false},"product_brand":[34],"product_cat":[63,35],"product_tag":[],"class_list":{"0":"post-1100","1":"product","2":"type-product","3":"status-publish","4":"has-post-thumbnail","6":"product_brand-eclo","7":"product_cat-blush","8":"product_cat-maquillage","10":"first","11":"instock","12":"sale","13":"purchasable","14":"product-type-simple"},"acf":[],"_links":{"self":[{"href":"https:\/\/maisonmathilde.mu\/en\/wp-json\/wp\/v2\/product\/1100","targetHints":{"allow":["GET"]}}],"collection":[{"href":"https:\/\/maisonmathilde.mu\/en\/wp-json\/wp\/v2\/product"}],"about":[{"href":"https:\/\/maisonmathilde.mu\/en\/wp-json\/wp\/v2\/types\/product"}],"version-history":[{"count":5,"href":"https:\/\/maisonmathilde.mu\/en\/wp-json\/wp\/v2\/product\/1100\/revisions"}],"predecessor-version":[{"id":2603,"href":"https:\/\/maisonmathilde.mu\/en\/wp-json\/wp\/v2\/product\/1100\/revisions\/2603"}],"wp:featuredmedia":[{"embeddable":true,"href":"https:\/\/maisonmathilde.mu\/en\/wp-json\/wp\/v2\/media\/1341"}],"wp:attachment":[{"href":"https:\/\/maisonmathilde.mu\/en\/wp-json\/wp\/v2\/media?parent=1100"}],"wp:term":[{"taxonomy":"product_brand","embeddable":true,"href":"https:\/\/maisonmathilde.mu\/en\/wp-json\/wp\/v2\/product_brand?post=1100"},{"taxonomy":"product_cat","embeddable":true,"href":"https:\/\/maisonmathilde.mu\/en\/wp-json\/wp\/v2\/product_cat?post=1100"},{"taxonomy":"product_tag","embeddable":true,"href":"https:\/\/maisonmathilde.mu\/en\/wp-json\/wp\/v2\/product_tag?post=1100"}],"curies":[{"name":"wp","href":"https:\/\/api.w.org\/{rel}","templated":true}]}}