{"id":1090,"date":"2025-03-08T14:35:21","date_gmt":"2025-03-08T14:35:21","guid":{"rendered":"https:\/\/maisonmathilde.artover.fr\/produit\/brosse-anti-cellulite\/"},"modified":"2026-05-02T11:55:30","modified_gmt":"2026-05-02T07:55:30","slug":"brosse-anti-cellulite","status":"publish","type":"product","link":"https:\/\/maisonmathilde.mu\/en\/produit\/brosse-anti-cellulite\/","title":{"rendered":"Brosse anti cellulite"},"content":{"rendered":"<p>La brosse anti-cellulite Najel est l\u2019outil <strong>id\u00e9al pour un massage raffermissant et relaxant<\/strong>. Con\u00e7ue pour <strong>stimuler la circulation<\/strong> sanguine et favoriser <strong>l\u2019\u00e9limination des toxines<\/strong>, elle aide \u00e9galement \u00e0 <strong>r\u00e9duire l\u2019apparence de la cellulite<\/strong> en tonifiant et lissant la peau. Son utilisation r\u00e9guli\u00e8re offre des <strong>r\u00e9sultats visibles<\/strong>, pour une peau plus ferme et plus douce.<\/p>\n<p>&nbsp;<\/p>\n","protected":false},"excerpt":{"rendered":"<p>La brosse anti-cellulite Najel est l\u2019outil <strong>id\u00e9al pour un massage raffermissant et relaxant<\/strong>. Con\u00e7ue pour <strong>stimuler la circulation<\/strong> sanguine et favoriser <strong>l\u2019\u00e9limination des toxines<\/strong>, elle aide \u00e9galement \u00e0 <strong>r\u00e9duire l\u2019apparence de la cellulite<\/strong> en tonifiant et lissant la peau. Son utilisation r\u00e9guli\u00e8re offre des <strong>r\u00e9sultats visibles<\/strong>, pour une peau plus ferme et plus douce.<\/p>\n","protected":false},"featured_media":860,"template":"","meta":{"_acf_changed":false},"product_brand":[24],"product_cat":[66,37,16],"product_tag":[],"class_list":{"0":"post-1090","1":"product","2":"type-product","3":"status-publish","4":"has-post-thumbnail","6":"product_brand-najel","7":"product_cat-accessoires-corps","8":"product_cat-coffrets-et-accessoires","9":"product_cat-corps","11":"first","12":"outofstock","13":"purchasable","14":"product-type-simple"},"acf":[],"_links":{"self":[{"href":"https:\/\/maisonmathilde.mu\/en\/wp-json\/wp\/v2\/product\/1090","targetHints":{"allow":["GET"]}}],"collection":[{"href":"https:\/\/maisonmathilde.mu\/en\/wp-json\/wp\/v2\/product"}],"about":[{"href":"https:\/\/maisonmathilde.mu\/en\/wp-json\/wp\/v2\/types\/product"}],"version-history":[{"count":4,"href":"https:\/\/maisonmathilde.mu\/en\/wp-json\/wp\/v2\/product\/1090\/revisions"}],"predecessor-version":[{"id":2580,"href":"https:\/\/maisonmathilde.mu\/en\/wp-json\/wp\/v2\/product\/1090\/revisions\/2580"}],"wp:featuredmedia":[{"embeddable":true,"href":"https:\/\/maisonmathilde.mu\/en\/wp-json\/wp\/v2\/media\/860"}],"wp:attachment":[{"href":"https:\/\/maisonmathilde.mu\/en\/wp-json\/wp\/v2\/media?parent=1090"}],"wp:term":[{"taxonomy":"product_brand","embeddable":true,"href":"https:\/\/maisonmathilde.mu\/en\/wp-json\/wp\/v2\/product_brand?post=1090"},{"taxonomy":"product_cat","embeddable":true,"href":"https:\/\/maisonmathilde.mu\/en\/wp-json\/wp\/v2\/product_cat?post=1090"},{"taxonomy":"product_tag","embeddable":true,"href":"https:\/\/maisonmathilde.mu\/en\/wp-json\/wp\/v2\/product_tag?post=1090"}],"curies":[{"name":"wp","href":"https:\/\/api.w.org\/{rel}","templated":true}]}}