{"id":1088,"date":"2025-03-08T14:35:05","date_gmt":"2025-03-08T14:35:05","guid":{"rendered":"https:\/\/maisonmathilde.artover.fr\/produit\/gant-noir\/"},"modified":"2026-04-22T12:04:47","modified_gmt":"2026-04-22T08:04:47","slug":"gant-noir","status":"publish","type":"product","link":"https:\/\/maisonmathilde.mu\/en\/produit\/gant-noir\/","title":{"rendered":"Gant noir de Kessa"},"content":{"rendered":"<p>Le gant noir, \u00e9galement connu sous le nom de <strong>gant de kessa<\/strong>, est l\u2019outil incontournable pour un <strong>gommage oriental traditionnel<\/strong>. Utilis\u00e9 en combinaison avec le savon noir, il permet d\u2019effectuer un <strong>gommage doux et efficace<\/strong>, \u00e9liminant les <strong>cellules mortes<\/strong> et <strong>stimulant la circulation sanguine<\/strong> pour une peau plus <strong>lisse<\/strong> et <strong>\u00e9clatante<\/strong>. Ce gant est con\u00e7u pour offrir un massage vigoureux qui laisse la peau incroyablement douce et d\u00e9barrass\u00e9e de toutes les impuret\u00e9s.<\/p>\n<p>&nbsp;<\/p>\n","protected":false},"excerpt":{"rendered":"<p>Le gant noir, \u00e9galement connu sous le nom de <strong>gant de kessa<\/strong>, est l\u2019outil incontournable pour un <strong>gommage oriental traditionnel<\/strong>. Utilis\u00e9 en combinaison avec le savon noir, il permet d\u2019effectuer un <strong>gommage doux et efficace<\/strong>, \u00e9liminant les <strong>cellules mortes<\/strong> et <strong>stimulant la circulation sanguine<\/strong> pour une peau plus <strong>lisse<\/strong> et <strong>\u00e9clatante<\/strong>. Ce gant est con\u00e7u pour offrir un massage vigoureux qui laisse la peau incroyablement douce et d\u00e9barrass\u00e9e de toutes les impuret\u00e9s.<\/p>\n<p>&nbsp;<\/p>\n","protected":false},"featured_media":1367,"template":"","meta":{"_acf_changed":false},"product_brand":[24],"product_cat":[66,16,65],"product_tag":[],"class_list":{"0":"post-1088","1":"product","2":"type-product","3":"status-publish","4":"has-post-thumbnail","6":"product_brand-najel","7":"product_cat-accessoires-corps","8":"product_cat-corps","9":"product_cat-gommage","11":"first","12":"outofstock","13":"sale","14":"purchasable","15":"product-type-simple"},"acf":[],"_links":{"self":[{"href":"https:\/\/maisonmathilde.mu\/en\/wp-json\/wp\/v2\/product\/1088","targetHints":{"allow":["GET"]}}],"collection":[{"href":"https:\/\/maisonmathilde.mu\/en\/wp-json\/wp\/v2\/product"}],"about":[{"href":"https:\/\/maisonmathilde.mu\/en\/wp-json\/wp\/v2\/types\/product"}],"version-history":[{"count":5,"href":"https:\/\/maisonmathilde.mu\/en\/wp-json\/wp\/v2\/product\/1088\/revisions"}],"predecessor-version":[{"id":2698,"href":"https:\/\/maisonmathilde.mu\/en\/wp-json\/wp\/v2\/product\/1088\/revisions\/2698"}],"wp:featuredmedia":[{"embeddable":true,"href":"https:\/\/maisonmathilde.mu\/en\/wp-json\/wp\/v2\/media\/1367"}],"wp:attachment":[{"href":"https:\/\/maisonmathilde.mu\/en\/wp-json\/wp\/v2\/media?parent=1088"}],"wp:term":[{"taxonomy":"product_brand","embeddable":true,"href":"https:\/\/maisonmathilde.mu\/en\/wp-json\/wp\/v2\/product_brand?post=1088"},{"taxonomy":"product_cat","embeddable":true,"href":"https:\/\/maisonmathilde.mu\/en\/wp-json\/wp\/v2\/product_cat?post=1088"},{"taxonomy":"product_tag","embeddable":true,"href":"https:\/\/maisonmathilde.mu\/en\/wp-json\/wp\/v2\/product_tag?post=1088"}],"curies":[{"name":"wp","href":"https:\/\/api.w.org\/{rel}","templated":true}]}}