{"id":1074,"date":"2025-03-08T14:35:05","date_gmt":"2025-03-08T14:35:05","guid":{"rendered":"https:\/\/maisonmathilde.artover.fr\/produit\/savon-solide-dalep-5\/"},"modified":"2026-03-23T14:50:34","modified_gmt":"2026-03-23T10:50:34","slug":"savon-solide-dalep-5","status":"publish","type":"product","link":"https:\/\/maisonmathilde.mu\/en\/produit\/savon-solide-dalep-5\/","title":{"rendered":"Savon solide d&#8217;Alep 5%"},"content":{"rendered":"<p>Le savon d\u2019<strong>Alep 5%<\/strong> Najel est un savon <strong>doux<\/strong> et <strong>naturel<\/strong>, <strong>fabriqu\u00e9 selon la m\u00e9thode traditionnelle de saponification \u00e0 chaud<\/strong> avec des huiles v\u00e9g\u00e9tales d\u2019olive et de baies de laurier. Avec une <strong>concentration de 5% d\u2019huile de baies de laurier<\/strong>, ce savon <strong>nettoie<\/strong> parfaitement la peau tout en la nourrissant et la <strong>prot\u00e9geant<\/strong>. Il convient aux peaux normales et s\u00e8ches, offrant un nettoyage respectueux et une hydratation l\u00e9g\u00e8re.<\/p>\n<p><span style=\"text-decoration: underline;\">Types de peaux :<\/span><\/p>\n<p>\u2705<strong> Peaux normales<\/strong> : Pour un nettoyage doux sans dess\u00e9cher la peau.<br \/>\n\u2705 <strong>Peaux s\u00e8ches<\/strong> : Apporte une hydratation l\u00e9g\u00e8re tout en nettoyant efficacement.<br \/>\n\u2705 <strong>Peaux sensibles<\/strong> : Respecte les peaux d\u00e9licates avec son faible pourcentage d\u2019huile de baies de laurier.<\/p>\n<p>Ecocertification \/ Vegan \/ 100% d\u2019ingr\u00e9dients d\u2019origine naturelle<br \/>\n\u267b Packaging en rPET recycl\u00e9 et recyclable<br \/>\nMade in France \ud83c\uddeb\ud83c\uddf7<\/p>\n","protected":false},"excerpt":{"rendered":"<p>Le savon d\u2019<strong>Alep 5%<\/strong> Najel est un savon <strong>doux<\/strong> et <strong>naturel<\/strong>, <strong>fabriqu\u00e9 selon la m\u00e9thode traditionnelle de saponification \u00e0 chaud<\/strong> avec des huiles v\u00e9g\u00e9tales d\u2019olive et de baies de laurier. Avec une <strong>concentration de 5% d\u2019huile de baies de laurier<\/strong>, ce savon <strong>nettoie<\/strong> parfaitement la peau tout en la nourrissant et la <strong>prot\u00e9geant<\/strong>. Il convient aux peaux normales et s\u00e8ches, offrant un nettoyage respectueux et une hydratation l\u00e9g\u00e8re.<\/p>\n","protected":false},"featured_media":2330,"template":"","meta":{"_acf_changed":false},"product_brand":[24],"product_cat":[16,59],"product_tag":[],"class_list":{"0":"post-1074","1":"product","2":"type-product","3":"status-publish","4":"has-post-thumbnail","6":"product_brand-najel","7":"product_cat-corps","8":"product_cat-gel-douche-et-savon","10":"first","11":"outofstock","12":"purchasable","13":"product-type-simple"},"acf":[],"_links":{"self":[{"href":"https:\/\/maisonmathilde.mu\/en\/wp-json\/wp\/v2\/product\/1074","targetHints":{"allow":["GET"]}}],"collection":[{"href":"https:\/\/maisonmathilde.mu\/en\/wp-json\/wp\/v2\/product"}],"about":[{"href":"https:\/\/maisonmathilde.mu\/en\/wp-json\/wp\/v2\/types\/product"}],"version-history":[{"count":4,"href":"https:\/\/maisonmathilde.mu\/en\/wp-json\/wp\/v2\/product\/1074\/revisions"}],"predecessor-version":[{"id":2683,"href":"https:\/\/maisonmathilde.mu\/en\/wp-json\/wp\/v2\/product\/1074\/revisions\/2683"}],"wp:featuredmedia":[{"embeddable":true,"href":"https:\/\/maisonmathilde.mu\/en\/wp-json\/wp\/v2\/media\/2330"}],"wp:attachment":[{"href":"https:\/\/maisonmathilde.mu\/en\/wp-json\/wp\/v2\/media?parent=1074"}],"wp:term":[{"taxonomy":"product_brand","embeddable":true,"href":"https:\/\/maisonmathilde.mu\/en\/wp-json\/wp\/v2\/product_brand?post=1074"},{"taxonomy":"product_cat","embeddable":true,"href":"https:\/\/maisonmathilde.mu\/en\/wp-json\/wp\/v2\/product_cat?post=1074"},{"taxonomy":"product_tag","embeddable":true,"href":"https:\/\/maisonmathilde.mu\/en\/wp-json\/wp\/v2\/product_tag?post=1074"}],"curies":[{"name":"wp","href":"https:\/\/api.w.org\/{rel}","templated":true}]}}