{"id":1072,"date":"2025-03-08T14:35:05","date_gmt":"2025-03-08T14:35:05","guid":{"rendered":"https:\/\/maisonmathilde.artover.fr\/produit\/savon-solide-dalep-40\/"},"modified":"2026-03-18T13:15:32","modified_gmt":"2026-03-18T09:15:32","slug":"savon-solide-dalep-40","status":"publish","type":"product","link":"https:\/\/maisonmathilde.mu\/en\/produit\/savon-solide-dalep-40\/","title":{"rendered":"Savon solide d&#8217;Alep 40%"},"content":{"rendered":"<p>Le savon d\u2019<strong>Alep 40%<\/strong> Najel est un savon <strong>d\u2019exception<\/strong>, fabriqu\u00e9 selon la <strong>m\u00e9thode traditionnelle de saponification \u00e0 chaud avec 100% d\u2019huiles v\u00e9g\u00e9tales d\u2019olive et de baies de laurier<\/strong>. Tr\u00e8s riche en huile de baies de laurier, il est sp\u00e9cialement con\u00e7u pour <strong>apaiser<\/strong> et <strong>traiter les peaux sensibles<\/strong>, r\u00e9actives et <strong>sujettes \u00e0 des irritations<\/strong>. Ce savon est reconnu pour ses vertus <strong>hydratantes<\/strong> et <strong>r\u00e9paratrices<\/strong>, offrant un soin naturel et doux pour votre peau.<\/p>\n<p><span style=\"text-decoration: underline;\">Types de peaux :<\/span><\/p>\n<p>\u2705<strong> Peaux sensibles et r\u00e9actives<\/strong> : Calme les irritations et les rougeurs.<br \/>\n\u2705 <strong>Peaux \u00e0 tendance acn\u00e9ique ou sujettes aux imperfections<\/strong> : Aide \u00e0 purifier la peau gr\u00e2ce \u00e0 ses propri\u00e9t\u00e9s antibact\u00e9riennes.<br \/>\n\u2705 <strong>Peaux s\u00e8ches<\/strong> : Nourrit et prot\u00e8ge les couches profondes de la peau.<\/p>\n<p>Ecocertification \/ Vegan \/ 100% d\u2019ingr\u00e9dients d\u2019origine naturelle<br \/>\n\u267b Packaging en rPET recycl\u00e9 et recyclable<br \/>\nMade in France \ud83c\uddeb\ud83c\uddf7<\/p>\n","protected":false},"excerpt":{"rendered":"<p>Le savon d\u2019<strong>Alep 40%<\/strong> Najel est un savon <strong>d\u2019exception<\/strong>, fabriqu\u00e9 selon la <strong>m\u00e9thode traditionnelle de saponification \u00e0 chaud avec 100% d\u2019huiles v\u00e9g\u00e9tales d\u2019olive et de baies de laurier<\/strong>. Tr\u00e8s riche en huile de baies de laurier, il est sp\u00e9cialement con\u00e7u pour <strong>apaiser<\/strong> et <strong>traiter les peaux sensibles<\/strong>, r\u00e9actives et <strong>sujettes \u00e0 des irritations<\/strong>. Ce savon est reconnu pour ses vertus <strong>hydratantes<\/strong> et <strong>r\u00e9paratrices<\/strong>, offrant un soin naturel et doux pour votre peau.<\/p>\n","protected":false},"featured_media":2337,"template":"","meta":{"_acf_changed":false},"product_brand":[24],"product_cat":[16,59,53,21],"product_tag":[],"class_list":{"0":"post-1072","1":"product","2":"type-product","3":"status-publish","4":"has-post-thumbnail","6":"product_brand-najel","7":"product_cat-corps","8":"product_cat-gel-douche-et-savon","9":"product_cat-nettoyants-visage","10":"product_cat-visage","12":"first","13":"outofstock","14":"purchasable","15":"product-type-simple"},"acf":[],"_links":{"self":[{"href":"https:\/\/maisonmathilde.mu\/en\/wp-json\/wp\/v2\/product\/1072","targetHints":{"allow":["GET"]}}],"collection":[{"href":"https:\/\/maisonmathilde.mu\/en\/wp-json\/wp\/v2\/product"}],"about":[{"href":"https:\/\/maisonmathilde.mu\/en\/wp-json\/wp\/v2\/types\/product"}],"version-history":[{"count":4,"href":"https:\/\/maisonmathilde.mu\/en\/wp-json\/wp\/v2\/product\/1072\/revisions"}],"predecessor-version":[{"id":2680,"href":"https:\/\/maisonmathilde.mu\/en\/wp-json\/wp\/v2\/product\/1072\/revisions\/2680"}],"wp:featuredmedia":[{"embeddable":true,"href":"https:\/\/maisonmathilde.mu\/en\/wp-json\/wp\/v2\/media\/2337"}],"wp:attachment":[{"href":"https:\/\/maisonmathilde.mu\/en\/wp-json\/wp\/v2\/media?parent=1072"}],"wp:term":[{"taxonomy":"product_brand","embeddable":true,"href":"https:\/\/maisonmathilde.mu\/en\/wp-json\/wp\/v2\/product_brand?post=1072"},{"taxonomy":"product_cat","embeddable":true,"href":"https:\/\/maisonmathilde.mu\/en\/wp-json\/wp\/v2\/product_cat?post=1072"},{"taxonomy":"product_tag","embeddable":true,"href":"https:\/\/maisonmathilde.mu\/en\/wp-json\/wp\/v2\/product_tag?post=1072"}],"curies":[{"name":"wp","href":"https:\/\/api.w.org\/{rel}","templated":true}]}}