{"id":1070,"date":"2025-03-08T14:35:05","date_gmt":"2025-03-08T14:35:05","guid":{"rendered":"https:\/\/maisonmathilde.artover.fr\/produit\/savon-solide-jasmin\/"},"modified":"2026-03-31T12:02:52","modified_gmt":"2026-03-31T08:02:52","slug":"savon-solide-jasmin","status":"publish","type":"product","link":"https:\/\/maisonmathilde.mu\/en\/produit\/savon-solide-jasmin\/","title":{"rendered":"Savon solide jasmin"},"content":{"rendered":"<p>Offrez \u00e0 votre peau un <strong>soin d\u00e9licat et parfum\u00e9<\/strong> avec notre savon solide d\u2019Alep parfum jasmin. Fait \u00e0 partir d\u2019ingr\u00e9dients <strong>100 % naturels<\/strong>, ce savon <strong>hydrate<\/strong>, <strong>nourrit<\/strong> et <strong>apaise<\/strong> en douceur. Son parfum <strong>floral de jasmin<\/strong> vous enveloppe dans une sensation de <strong>bien-\u00eatre<\/strong>, faisant de chaque lavage un moment de luxe.<\/p>\n<p><span style=\"text-decoration: underline;\">Types de peaux :<\/span><\/p>\n<p>\u2705 Peaux s\u00e8ches : Pour une hydratation durable.<br \/>\n\u2705 Peaux sensibles : Apaisant et doux.<br \/>\n\u2705 Peaux normales : Un nettoyage \u00e9quilibr\u00e9 et nourrissant.<\/p>\n<p>Ecocertification \/ vegan 100% d\u2019ingr\u00e9dients d\u2019origine naturelle<br \/>\n\u267b Packaging en rPET recycl\u00e9 et recyclable<br \/>\nMade in France<\/p>\n","protected":false},"excerpt":{"rendered":"<p>Offrez \u00e0 votre peau un <strong>soin d\u00e9licat et parfum\u00e9<\/strong> avec notre savon solide d\u2019Alep parfum jasmin. Fait \u00e0 partir d\u2019ingr\u00e9dients <strong>100 % naturels<\/strong>, ce savon <strong>hydrate<\/strong>, <strong>nourrit<\/strong> et <strong>apaise<\/strong> en douceur. Son parfum <strong>floral de jasmin<\/strong> vous enveloppe dans une sensation de <strong>bien-\u00eatre<\/strong>, faisant de chaque lavage un moment de luxe.<\/p>\n","protected":false},"featured_media":1361,"template":"","meta":{"_acf_changed":false},"product_brand":[24],"product_cat":[16,59],"product_tag":[],"class_list":{"0":"post-1070","1":"product","2":"type-product","3":"status-publish","4":"has-post-thumbnail","6":"product_brand-najel","7":"product_cat-corps","8":"product_cat-gel-douche-et-savon","10":"first","11":"outofstock","12":"purchasable","13":"product-type-simple"},"acf":[],"_links":{"self":[{"href":"https:\/\/maisonmathilde.mu\/en\/wp-json\/wp\/v2\/product\/1070","targetHints":{"allow":["GET"]}}],"collection":[{"href":"https:\/\/maisonmathilde.mu\/en\/wp-json\/wp\/v2\/product"}],"about":[{"href":"https:\/\/maisonmathilde.mu\/en\/wp-json\/wp\/v2\/types\/product"}],"version-history":[{"count":5,"href":"https:\/\/maisonmathilde.mu\/en\/wp-json\/wp\/v2\/product\/1070\/revisions"}],"predecessor-version":[{"id":2677,"href":"https:\/\/maisonmathilde.mu\/en\/wp-json\/wp\/v2\/product\/1070\/revisions\/2677"}],"wp:featuredmedia":[{"embeddable":true,"href":"https:\/\/maisonmathilde.mu\/en\/wp-json\/wp\/v2\/media\/1361"}],"wp:attachment":[{"href":"https:\/\/maisonmathilde.mu\/en\/wp-json\/wp\/v2\/media?parent=1070"}],"wp:term":[{"taxonomy":"product_brand","embeddable":true,"href":"https:\/\/maisonmathilde.mu\/en\/wp-json\/wp\/v2\/product_brand?post=1070"},{"taxonomy":"product_cat","embeddable":true,"href":"https:\/\/maisonmathilde.mu\/en\/wp-json\/wp\/v2\/product_cat?post=1070"},{"taxonomy":"product_tag","embeddable":true,"href":"https:\/\/maisonmathilde.mu\/en\/wp-json\/wp\/v2\/product_tag?post=1070"}],"curies":[{"name":"wp","href":"https:\/\/api.w.org\/{rel}","templated":true}]}}