{"id":1068,"date":"2025-03-08T14:35:05","date_gmt":"2025-03-08T14:35:05","guid":{"rendered":"https:\/\/maisonmathilde.artover.fr\/produit\/savon-solide-ambre-et-oud\/"},"modified":"2026-03-18T13:15:32","modified_gmt":"2026-03-18T09:15:32","slug":"savon-solide-ambre-et-oud","status":"publish","type":"product","link":"https:\/\/maisonmathilde.mu\/en\/produit\/savon-solide-ambre-et-oud\/","title":{"rendered":"Savon solide ambre et oud"},"content":{"rendered":"<p>Un savon d\u2019Alep au <strong>parfum envo\u00fbtant !<\/strong><\/p>\n<p>Plongez dans un <strong>rituel sensoriel unique<\/strong> avec le savon solide Ambre &amp; Oud de Najel. Alliant le <strong>savoir-faire ancestral du savon d\u2019Alep<\/strong> aux notes profondes et bois\u00e9es de l\u2019ambre et de l\u2019oud, ce savon est \u00e0 la fois un <strong>soin quotidien<\/strong> et un <strong>objet de raffinement<\/strong>.<\/p>\n<p>Son <strong>ornement \u00e9l\u00e9gant<\/strong> en fait un savon aussi <strong>d\u00e9coratif<\/strong> qu\u2019utile, parfait pour <strong>offrir<\/strong> ou <strong>embellir<\/strong> votre salle de bain.<\/p>\n<p>\u2705 Fabriqu\u00e9 selon la tradition du savon d\u2019Alep<br \/>\n\u2705 Parfum intense et naturel d\u2019ambre et d\u2019oud<br \/>\n\u2705 Convient \u00e0 tous les types de peau<br \/>\n\u2705 Nettoie visage, corps et cheveux<\/p>\n<p>Pourquoi choisir ce savon ?<\/p>\n<p>\u2714 <strong>Une exp\u00e9rience sensorielle unique<\/strong> : Le parfum enivrant de l\u2019ambre et de l\u2019oud sublime votre rituel de soin.<br \/>\n\u2714 <strong>Un savon naturel et doux<\/strong> : Gr\u00e2ce \u00e0 ses huiles v\u00e9g\u00e9tales, il nettoie sans agresser la peau.<br \/>\n\u2714 <strong>Multi-usages<\/strong> : Un seul produit pour le visage, le corps et les cheveux.<br \/>\n\u2714 <strong>Convient \u00e0 tous les types de peau<\/strong> : Id\u00e9al pour les peaux normales \u00e0 s\u00e8ches gr\u00e2ce \u00e0 son pouvoir nourrissant.<br \/>\n\u2714 <strong>Un design raffin\u00e9<\/strong> : Son aspect ornemental en fait un savon aussi esth\u00e9tique qu\u2019utile.<\/p>\n<p>Ecocertification \/ Vegan \/ 100% d\u2019ingr\u00e9dients d\u2019origine naturelle<br \/>\n\u267b Packaging en rPET recycl\u00e9 et recyclable<br \/>\nMade in France \ud83c\uddeb\ud83c\uddf7<\/p>\n","protected":false},"excerpt":{"rendered":"<p>Un savon d\u2019Alep au <strong>parfum envo\u00fbtant !<\/strong><\/p>\n<p>Plongez dans un <strong>rituel sensoriel unique<\/strong> avec le savon solide Ambre &amp; Oud de Najel. Alliant le <strong>savoir-faire ancestral du savon d\u2019Alep<\/strong> aux notes profondes et bois\u00e9es de l\u2019ambre et de l\u2019oud, ce savon est \u00e0 la fois un <strong>soin quotidien<\/strong> et un <strong>objet de raffinement<\/strong>.<\/p>\n<p>Son <strong>ornement \u00e9l\u00e9gant<\/strong> en fait un savon aussi <strong>d\u00e9coratif<\/strong> qu\u2019utile, parfait pour <strong>offrir<\/strong> ou <strong>embellir<\/strong> votre salle de bain.<\/p>\n<p>\u2705 Fabriqu\u00e9 selon la tradition du savon d\u2019Alep<br \/>\n\u2705 Parfum intense et naturel d\u2019ambre et d\u2019oud<br \/>\n\u2705 Convient \u00e0 tous les types de peau<br \/>\n\u2705 Nettoie visage, corps et cheveux<\/p>\n","protected":false},"featured_media":1358,"template":"","meta":{"_acf_changed":false},"product_brand":[24],"product_cat":[37,16,59],"product_tag":[],"class_list":{"0":"post-1068","1":"product","2":"type-product","3":"status-publish","4":"has-post-thumbnail","6":"product_brand-najel","7":"product_cat-coffrets-et-accessoires","8":"product_cat-corps","9":"product_cat-gel-douche-et-savon","11":"first","12":"outofstock","13":"purchasable","14":"product-type-simple"},"acf":[],"_links":{"self":[{"href":"https:\/\/maisonmathilde.mu\/en\/wp-json\/wp\/v2\/product\/1068","targetHints":{"allow":["GET"]}}],"collection":[{"href":"https:\/\/maisonmathilde.mu\/en\/wp-json\/wp\/v2\/product"}],"about":[{"href":"https:\/\/maisonmathilde.mu\/en\/wp-json\/wp\/v2\/types\/product"}],"version-history":[{"count":6,"href":"https:\/\/maisonmathilde.mu\/en\/wp-json\/wp\/v2\/product\/1068\/revisions"}],"predecessor-version":[{"id":3009,"href":"https:\/\/maisonmathilde.mu\/en\/wp-json\/wp\/v2\/product\/1068\/revisions\/3009"}],"wp:featuredmedia":[{"embeddable":true,"href":"https:\/\/maisonmathilde.mu\/en\/wp-json\/wp\/v2\/media\/1358"}],"wp:attachment":[{"href":"https:\/\/maisonmathilde.mu\/en\/wp-json\/wp\/v2\/media?parent=1068"}],"wp:term":[{"taxonomy":"product_brand","embeddable":true,"href":"https:\/\/maisonmathilde.mu\/en\/wp-json\/wp\/v2\/product_brand?post=1068"},{"taxonomy":"product_cat","embeddable":true,"href":"https:\/\/maisonmathilde.mu\/en\/wp-json\/wp\/v2\/product_cat?post=1068"},{"taxonomy":"product_tag","embeddable":true,"href":"https:\/\/maisonmathilde.mu\/en\/wp-json\/wp\/v2\/product_tag?post=1068"}],"curies":[{"name":"wp","href":"https:\/\/api.w.org\/{rel}","templated":true}]}}