{"id":1062,"date":"2025-03-08T14:35:05","date_gmt":"2025-03-08T14:35:05","guid":{"rendered":"https:\/\/maisonmathilde.artover.fr\/produit\/shampoing-au-savon-dalep\/"},"modified":"2026-05-02T12:03:35","modified_gmt":"2026-05-02T08:03:35","slug":"shampoing-au-savon-dalep","status":"publish","type":"product","link":"https:\/\/maisonmathilde.mu\/en\/produit\/shampoing-au-savon-dalep\/","title":{"rendered":"Shampoing au savon d&#8217;Alep"},"content":{"rendered":"<p>Un shampoing qui allie <strong>douceur<\/strong> et volupt\u00e9 ! Il s&#8217;adapte \u00e0 tout type de cheveux. Id\u00e9al pour les <strong>cuirs chevelus irrit\u00e9s<\/strong>.<\/p>\n<p>\u2705 Apaise le cuir chevelu avec l\u2019hydrolat de camomille<br \/>\n\u2705 D\u00e9m\u00eale sans alourdir gr\u00e2ce \u00e0 un agent d\u00e9m\u00ealant doux<br \/>\n\u2705 99% d\u2019ingr\u00e9dients d\u2019origine naturelle<br \/>\n\u2705 Certifi\u00e9 Cosmos Organic par Ecocert<\/p>\n<p><span style=\"text-decoration: underline;\">Pour quel type de cheveux ?<\/span><\/p>\n<p>\u2705 Cheveux normaux<br \/>\n\u2705 Cuirs chevelus sensibles ou irrit\u00e9s<br \/>\n\u2705 Cheveux en manque de souplesse et de douceur<\/p>\n<p>Ecocertification \/ Vegan<br \/>\n\u267b Packaging en rPET recycl\u00e9 et recyclable<br \/>\nMade in France \ud83c\uddeb\ud83c\uddf7<\/p>\n","protected":false},"excerpt":{"rendered":"<p>Un shampoing qui allie <strong>douceur<\/strong> et volupt\u00e9 ! Il s&#8217;adapte \u00e0 tout type de cheveux. Id\u00e9al pour les <strong>cuirs chevelus irrit\u00e9s<\/strong>.<\/p>\n<p>\u2705 Apaise le cuir chevelu avec l\u2019hydrolat de camomille<br \/>\n\u2705 D\u00e9m\u00eale sans alourdir gr\u00e2ce \u00e0 un agent d\u00e9m\u00ealant doux<br \/>\n\u2705 99% d\u2019ingr\u00e9dients d\u2019origine naturelle<br \/>\n\u2705 Certifi\u00e9 Cosmos Organic par Ecocert<\/p>\n","protected":false},"featured_media":909,"template":"","meta":{"_acf_changed":false},"product_brand":[24],"product_cat":[20,68],"product_tag":[],"class_list":{"0":"post-1062","1":"product","2":"type-product","3":"status-publish","4":"has-post-thumbnail","6":"product_brand-najel","7":"product_cat-cheveux","8":"product_cat-shampoing","10":"first","11":"instock","12":"purchasable","13":"product-type-simple"},"acf":[],"_links":{"self":[{"href":"https:\/\/maisonmathilde.mu\/en\/wp-json\/wp\/v2\/product\/1062","targetHints":{"allow":["GET"]}}],"collection":[{"href":"https:\/\/maisonmathilde.mu\/en\/wp-json\/wp\/v2\/product"}],"about":[{"href":"https:\/\/maisonmathilde.mu\/en\/wp-json\/wp\/v2\/types\/product"}],"version-history":[{"count":3,"href":"https:\/\/maisonmathilde.mu\/en\/wp-json\/wp\/v2\/product\/1062\/revisions"}],"predecessor-version":[{"id":2318,"href":"https:\/\/maisonmathilde.mu\/en\/wp-json\/wp\/v2\/product\/1062\/revisions\/2318"}],"wp:featuredmedia":[{"embeddable":true,"href":"https:\/\/maisonmathilde.mu\/en\/wp-json\/wp\/v2\/media\/909"}],"wp:attachment":[{"href":"https:\/\/maisonmathilde.mu\/en\/wp-json\/wp\/v2\/media?parent=1062"}],"wp:term":[{"taxonomy":"product_brand","embeddable":true,"href":"https:\/\/maisonmathilde.mu\/en\/wp-json\/wp\/v2\/product_brand?post=1062"},{"taxonomy":"product_cat","embeddable":true,"href":"https:\/\/maisonmathilde.mu\/en\/wp-json\/wp\/v2\/product_cat?post=1062"},{"taxonomy":"product_tag","embeddable":true,"href":"https:\/\/maisonmathilde.mu\/en\/wp-json\/wp\/v2\/product_tag?post=1062"}],"curies":[{"name":"wp","href":"https:\/\/api.w.org\/{rel}","templated":true}]}}