{"id":1034,"date":"2025-03-08T14:34:54","date_gmt":"2025-03-08T14:34:54","guid":{"rendered":"https:\/\/maisonmathilde.artover.fr\/produit\/argile-blanche\/"},"modified":"2026-04-03T11:08:03","modified_gmt":"2026-04-03T07:08:03","slug":"argile-blanche","status":"publish","type":"product","link":"https:\/\/maisonmathilde.mu\/en\/produit\/argile-blanche\/","title":{"rendered":"Argile blanche\u00a0"},"content":{"rendered":"<p>Extraite d\u2019une <strong>carri\u00e8re en Bretagne (France)<\/strong>, l\u2019argile blanche est <strong>100 % naturelle<\/strong>. Riche en <strong>sels min\u00e9raux<\/strong> (fer, magn\u00e9sium, silice), elle est reconnue pour ses <strong>propri\u00e9t\u00e9s nettoyantes<\/strong>, <strong>adoucissantes<\/strong> et <strong>purifiantes<\/strong>.<\/p>\n<p>Polyvalente, elle s\u2019utilise en <strong>masque pour le visage et les cheveux<\/strong>, en cataplasme sur la peau ou encore dans la formulation de cosm\u00e9tiques maison.<\/p>\n<p><span style=\"text-decoration: underline;\">Pourquoi l\u2019adopter ?<\/span><\/p>\n<p>\u2705 Purifie en douceur sans irriter la peau.<br \/>\n\u2705 Apaise et r\u00e9pare les peaux sujettes aux rougeurs et sensibilit\u00e9s.<br \/>\n\u2705 Convient aussi aux cheveux, en masque apaisant pour le cuir chevelu.<br \/>\n\u2705 Polyvalente : masque visage, soin capillaire, cataplasme, cosm\u00e9tique DIY.<\/p>\n<p>\u2714 Id\u00e9ale pour les <strong>peaux s\u00e8ches, sensibles et d\u00e9licates<\/strong> gr\u00e2ce \u00e0 ses propri\u00e9t\u00e9s adoucissantes et r\u00e9paratrices.<br \/>\n\u2714 Convient aussi aux <strong>peaux normales<\/strong> en qu\u00eate d\u2019un soin purifiant doux.<br \/>\n\u2714 Peut \u00eatre utilis\u00e9e par les peaux <strong>mixtes \u00e0 grasses<\/strong>, notamment en association avec une argile plus absorbante (argile verte).<\/p>\n<p>Ecocertification \/ Vegan \/ 100% d\u2019ingr\u00e9dients d\u2019origine naturelle<br \/>\n\u267b Packaging en rPET recycl\u00e9 et recyclable<br \/>\nMade in France \ud83c\uddeb\ud83c\uddf7<\/p>\n","protected":false},"excerpt":{"rendered":"<p>Extraite d\u2019une <strong>carri\u00e8re en Bretagne (France)<\/strong>, l\u2019argile blanche est <strong>100 % naturelle<\/strong>. Riche en <strong>sels min\u00e9raux<\/strong> (fer, magn\u00e9sium, silice), elle est reconnue pour ses <strong>propri\u00e9t\u00e9s nettoyantes<\/strong>, <strong>adoucissantes<\/strong> et <strong>purifiantes<\/strong>.<\/p>\n<p>Polyvalente, elle s\u2019utilise en <strong>masque pour le visage et les cheveux<\/strong>, en cataplasme sur la peau ou encore dans la formulation de cosm\u00e9tiques maison.<\/p>\n<p><span style=\"text-decoration: underline;\">Pourquoi l\u2019adopter ?<\/span><\/p>\n<p>\u2705 Purifie en douceur sans irriter la peau.<br \/>\n\u2705 Apaise et r\u00e9pare les peaux sujettes aux rougeurs et sensibilit\u00e9s.<br \/>\n\u2705 Convient aussi aux cheveux, en masque apaisant pour le cuir chevelu.<br \/>\n\u2705 Polyvalente : masque visage, soin capillaire, cataplasme, cosm\u00e9tique DIY.<\/p>\n","protected":false},"featured_media":862,"template":"","meta":{"_acf_changed":false},"product_brand":[24],"product_cat":[69,20,54,21],"product_tag":[],"class_list":{"0":"post-1034","1":"product","2":"type-product","3":"status-publish","4":"has-post-thumbnail","6":"product_brand-najel","7":"product_cat-apres-shampoing-et-masques","8":"product_cat-cheveux","9":"product_cat-masques-et-gommages","10":"product_cat-visage","12":"first","13":"instock","14":"sale","15":"purchasable","16":"product-type-simple"},"acf":[],"_links":{"self":[{"href":"https:\/\/maisonmathilde.mu\/en\/wp-json\/wp\/v2\/product\/1034","targetHints":{"allow":["GET"]}}],"collection":[{"href":"https:\/\/maisonmathilde.mu\/en\/wp-json\/wp\/v2\/product"}],"about":[{"href":"https:\/\/maisonmathilde.mu\/en\/wp-json\/wp\/v2\/types\/product"}],"version-history":[{"count":3,"href":"https:\/\/maisonmathilde.mu\/en\/wp-json\/wp\/v2\/product\/1034\/revisions"}],"predecessor-version":[{"id":2383,"href":"https:\/\/maisonmathilde.mu\/en\/wp-json\/wp\/v2\/product\/1034\/revisions\/2383"}],"wp:featuredmedia":[{"embeddable":true,"href":"https:\/\/maisonmathilde.mu\/en\/wp-json\/wp\/v2\/media\/862"}],"wp:attachment":[{"href":"https:\/\/maisonmathilde.mu\/en\/wp-json\/wp\/v2\/media?parent=1034"}],"wp:term":[{"taxonomy":"product_brand","embeddable":true,"href":"https:\/\/maisonmathilde.mu\/en\/wp-json\/wp\/v2\/product_brand?post=1034"},{"taxonomy":"product_cat","embeddable":true,"href":"https:\/\/maisonmathilde.mu\/en\/wp-json\/wp\/v2\/product_cat?post=1034"},{"taxonomy":"product_tag","embeddable":true,"href":"https:\/\/maisonmathilde.mu\/en\/wp-json\/wp\/v2\/product_tag?post=1034"}],"curies":[{"name":"wp","href":"https:\/\/api.w.org\/{rel}","templated":true}]}}