{"id":1024,"date":"2025-03-08T14:34:54","date_gmt":"2025-03-08T14:34:54","guid":{"rendered":"https:\/\/maisonmathilde.artover.fr\/produit\/beurre-de-karite\/"},"modified":"2026-05-02T12:09:42","modified_gmt":"2026-05-02T08:09:42","slug":"beurre-de-karite","status":"publish","type":"product","link":"https:\/\/maisonmathilde.mu\/en\/produit\/beurre-de-karite\/","title":{"rendered":"Beurre de karit\u00e9"},"content":{"rendered":"<p>D\u00e9couvrez le <strong>beurre de karit\u00e9 bio<\/strong>, un soin <strong>100 % naturel et brut<\/strong>, issu du commerce <strong>\u00e9quitable<\/strong> et <strong>certifi\u00e9 bio<\/strong>. Riche en <strong>vitamines A, D, E et F<\/strong>, il est reconnu pour <strong>ses propri\u00e9t\u00e9s ultra-nourrissantes<\/strong>, <strong>r\u00e9paratrices et protectrices<\/strong>. Id\u00e9al pour les <strong>peaux s\u00e8ches<\/strong> et <strong>sensibles<\/strong>, il <strong>restaure l\u2019\u00e9lasticit\u00e9<\/strong> et <strong>hydrate<\/strong> en profondeur. V\u00e9ritable <strong>alli\u00e9 capillaire<\/strong>, il nourrit et <strong>renforce les cheveux ab\u00eem\u00e9s et cassants<\/strong>, leur redonnant souplesse et brillance.<\/p>\n<p>Ce soin polyvalent est parfait pour une <strong>routine beaut\u00e9 minimaliste<\/strong>, adapt\u00e9 au visage, corps, cheveux, mains et pieds. <strong>Il agit comme un hydratant apaisant apr\u00e8s-soleil.<\/strong><\/p>\n<p>\u2705 Peaux s\u00e8ches et tr\u00e8s s\u00e8ches<br \/>\n\u2705 Peaux sensibles et r\u00e9actives<br \/>\n\u2705 Peaux matures<br \/>\n\u2705 Peaux sujettes aux rougeurs et aux irritations<br \/>\n\u2705 Cheveux secs, boucl\u00e9s, cr\u00e9pus ou ab\u00eem\u00e9s<\/p>\n<p>Ecocertification \/ Vegan \/ 100% d\u2019ingr\u00e9dients d\u2019origine naturelle<br \/>\n\u267b Packaging en rPET recycl\u00e9 et recyclable<br \/>\nMade in France<\/p>\n","protected":false},"excerpt":{"rendered":"<p>D\u00e9couvrez le <strong>beurre de karit\u00e9 bio<\/strong>, un soin <strong>100 % naturel et brut<\/strong>, issu du commerce <strong>\u00e9quitable<\/strong> et <strong>certifi\u00e9 bio<\/strong>. Riche en <strong>vitamines A, D, E et F<\/strong>, il est reconnu pour <strong>ses propri\u00e9t\u00e9s ultra-nourrissantes<\/strong>, <strong>r\u00e9paratrices et protectrices<\/strong>. Id\u00e9al pour les <strong>peaux s\u00e8ches<\/strong> et <strong>sensibles<\/strong>, il <strong>restaure l\u2019\u00e9lasticit\u00e9<\/strong> et <strong>hydrate<\/strong> en profondeur. V\u00e9ritable <strong>alli\u00e9 capillaire<\/strong>, il nourrit et <strong>renforce les cheveux ab\u00eem\u00e9s et cassants<\/strong>, leur redonnant souplesse et brillance.<\/p>\n","protected":false},"featured_media":1376,"template":"","meta":{"_acf_changed":false},"product_brand":[24],"product_cat":[20,16,58,70],"product_tag":[],"class_list":{"0":"post-1024","1":"product","2":"type-product","3":"status-publish","4":"has-post-thumbnail","6":"product_brand-najel","7":"product_cat-cheveux","8":"product_cat-corps","9":"product_cat-huiles-et-cremes","10":"product_cat-serums-et-huiles","12":"first","13":"instock","14":"purchasable","15":"product-type-simple"},"acf":[],"_links":{"self":[{"href":"https:\/\/maisonmathilde.mu\/en\/wp-json\/wp\/v2\/product\/1024","targetHints":{"allow":["GET"]}}],"collection":[{"href":"https:\/\/maisonmathilde.mu\/en\/wp-json\/wp\/v2\/product"}],"about":[{"href":"https:\/\/maisonmathilde.mu\/en\/wp-json\/wp\/v2\/types\/product"}],"version-history":[{"count":5,"href":"https:\/\/maisonmathilde.mu\/en\/wp-json\/wp\/v2\/product\/1024\/revisions"}],"predecessor-version":[{"id":2724,"href":"https:\/\/maisonmathilde.mu\/en\/wp-json\/wp\/v2\/product\/1024\/revisions\/2724"}],"wp:featuredmedia":[{"embeddable":true,"href":"https:\/\/maisonmathilde.mu\/en\/wp-json\/wp\/v2\/media\/1376"}],"wp:attachment":[{"href":"https:\/\/maisonmathilde.mu\/en\/wp-json\/wp\/v2\/media?parent=1024"}],"wp:term":[{"taxonomy":"product_brand","embeddable":true,"href":"https:\/\/maisonmathilde.mu\/en\/wp-json\/wp\/v2\/product_brand?post=1024"},{"taxonomy":"product_cat","embeddable":true,"href":"https:\/\/maisonmathilde.mu\/en\/wp-json\/wp\/v2\/product_cat?post=1024"},{"taxonomy":"product_tag","embeddable":true,"href":"https:\/\/maisonmathilde.mu\/en\/wp-json\/wp\/v2\/product_tag?post=1024"}],"curies":[{"name":"wp","href":"https:\/\/api.w.org\/{rel}","templated":true}]}}