{"id":1020,"date":"2025-03-08T14:34:54","date_gmt":"2025-03-08T14:34:54","guid":{"rendered":"https:\/\/maisonmathilde.artover.fr\/produit\/elixir-aux-trois-huiles\/"},"modified":"2026-05-02T12:08:59","modified_gmt":"2026-05-02T08:08:59","slug":"elixir-aux-trois-huiles","status":"publish","type":"product","link":"https:\/\/maisonmathilde.mu\/en\/produit\/elixir-aux-trois-huiles\/","title":{"rendered":"Elixir aux trois huiles"},"content":{"rendered":"<p>L\u2019\u00e9lixir aux trois huiles bio Najel est une <strong>synergie pr\u00e9cieuse d\u2019huile d\u2019olive, d\u2019huile de nigelle et d\u2019huile d\u2019amande douce<\/strong>, enrichie d\u2019un d\u00e9licat parfum de fleur d\u2019oranger. V\u00e9ritable <strong>soin multi-usages<\/strong>, il <strong>nourrit<\/strong>, <strong>apaise<\/strong> et <strong>illumine<\/strong> la peau tout en <strong>renfor\u00e7ant<\/strong> et <strong>assouplissant<\/strong> les cheveux. Sa <strong>texture fluide<\/strong> p\u00e9n\u00e8tre rapidement sans effet gras, laissant la peau douce et satin\u00e9e.<\/p>\n<p><span style=\"text-decoration: underline;\">Types de peaux<\/span><\/p>\n<p>\u2705 Peaux s\u00e8ches et d\u00e9shydrat\u00e9es<br \/>\n\u2705 Peaux sensibles et r\u00e9actives<br \/>\n\u2705 Peaux ternes et fatigu\u00e9es<br \/>\n\u2705 Peaux matures<\/p>\n<p>Ecocertification \/ Vegan \/ 100% d\u2019ingr\u00e9dients d\u2019origine naturelle<br \/>\n\u267b Packaging en rPET recycl\u00e9 et recyclable<br \/>\nMade in France \ud83c\uddeb\ud83c\uddf7<\/p>\n","protected":false},"excerpt":{"rendered":"<p>L\u2019\u00e9lixir aux trois huiles bio Najel est une <strong>synergie pr\u00e9cieuse d\u2019huile d\u2019olive, d\u2019huile de nigelle et d\u2019huile d\u2019amande douce<\/strong>, enrichie d\u2019un d\u00e9licat parfum de fleur d\u2019oranger. V\u00e9ritable <strong>soin multi-usages<\/strong>, il <strong>nourrit<\/strong>, <strong>apaise<\/strong> et <strong>illumine<\/strong> la peau tout en <strong>renfor\u00e7ant<\/strong> et <strong>assouplissant<\/strong> les cheveux. Sa <strong>texture fluide<\/strong> p\u00e9n\u00e8tre rapidement sans effet gras, laissant la peau douce et satin\u00e9e.<\/p>\n","protected":false},"featured_media":875,"template":"","meta":{"_acf_changed":false},"product_brand":[24],"product_cat":[20,16,21],"product_tag":[],"class_list":{"0":"post-1020","1":"product","2":"type-product","3":"status-publish","4":"has-post-thumbnail","6":"product_brand-najel","7":"product_cat-cheveux","8":"product_cat-corps","9":"product_cat-visage","11":"first","12":"instock","13":"purchasable","14":"product-type-simple"},"acf":[],"_links":{"self":[{"href":"https:\/\/maisonmathilde.mu\/en\/wp-json\/wp\/v2\/product\/1020","targetHints":{"allow":["GET"]}}],"collection":[{"href":"https:\/\/maisonmathilde.mu\/en\/wp-json\/wp\/v2\/product"}],"about":[{"href":"https:\/\/maisonmathilde.mu\/en\/wp-json\/wp\/v2\/types\/product"}],"version-history":[{"count":3,"href":"https:\/\/maisonmathilde.mu\/en\/wp-json\/wp\/v2\/product\/1020\/revisions"}],"predecessor-version":[{"id":2369,"href":"https:\/\/maisonmathilde.mu\/en\/wp-json\/wp\/v2\/product\/1020\/revisions\/2369"}],"wp:featuredmedia":[{"embeddable":true,"href":"https:\/\/maisonmathilde.mu\/en\/wp-json\/wp\/v2\/media\/875"}],"wp:attachment":[{"href":"https:\/\/maisonmathilde.mu\/en\/wp-json\/wp\/v2\/media?parent=1020"}],"wp:term":[{"taxonomy":"product_brand","embeddable":true,"href":"https:\/\/maisonmathilde.mu\/en\/wp-json\/wp\/v2\/product_brand?post=1020"},{"taxonomy":"product_cat","embeddable":true,"href":"https:\/\/maisonmathilde.mu\/en\/wp-json\/wp\/v2\/product_cat?post=1020"},{"taxonomy":"product_tag","embeddable":true,"href":"https:\/\/maisonmathilde.mu\/en\/wp-json\/wp\/v2\/product_tag?post=1020"}],"curies":[{"name":"wp","href":"https:\/\/api.w.org\/{rel}","templated":true}]}}