{"id":1018,"date":"2025-03-08T14:34:54","date_gmt":"2025-03-08T14:34:54","guid":{"rendered":"https:\/\/maisonmathilde.artover.fr\/produit\/huile-de-ricin\/"},"modified":"2026-05-02T12:08:33","modified_gmt":"2026-05-02T08:08:33","slug":"huile-de-ricin","status":"publish","type":"product","link":"https:\/\/maisonmathilde.mu\/en\/produit\/huile-de-ricin\/","title":{"rendered":"Huile de ricin\u00a0"},"content":{"rendered":"<p>D\u00e9couvrez l\u2019indispensable huile de ricin bio de Najel, le secret naturel pour <strong>sublimer vos cheveux<\/strong>, <strong>cils<\/strong>, et <strong>ongles<\/strong>. Cette huile <strong>fortifiante<\/strong>, connue pour son <strong>efficacit\u00e9<\/strong> exceptionnelle, r\u00e9pare les <strong>cheveux secs, cassants et ab\u00eem\u00e9s<\/strong> tout en <strong>stimulant leur pousse<\/strong>. Gr\u00e2ce \u00e0 sa richesse en acides ricinol\u00e9iques, elle nourrit et r\u00e9g\u00e9n\u00e8re intens\u00e9ment, faisant d\u2019elle une alli\u00e9e pr\u00e9cieuse pour les peaux sensibles, sujettes aux imperfections ou aux taches brunes.<\/p>\n<p>Id\u00e9ale pour les routines beaut\u00e9, elle <strong>hydrate en profondeur<\/strong> et <strong>lutte contre les ger\u00e7ures<\/strong>, tout en offrant une <strong>brillance<\/strong> et une <strong>vitalit\u00e9 incomparables<\/strong>. Que ce soit pour <strong>revitaliser<\/strong> des cheveux d\u00e9vitalis\u00e9s ou <strong>renforcer<\/strong> des cils et des ongles fragiles, l\u2019huile de ricin Najel est votre alli\u00e9e naturelle pour des <strong>r\u00e9sultats visibles et durables<\/strong>. Ajoutez ce soin incontournable \u00e0 votre routine et r\u00e9v\u00e9lez tout votre \u00e9clat au naturel.<\/p>\n<p>Ecocertification \/ vegan 100% d\u2019ingr\u00e9dients d\u2019origine naturelle<br \/>\n\u267b Packaging en rPET recycl\u00e9 et recyclable<br \/>\nMade in India<\/p>\n","protected":false},"excerpt":{"rendered":"<p>D\u00e9couvrez l\u2019indispensable huile de ricin bio de Najel, le secret naturel pour <strong>sublimer vos cheveux<\/strong>, <strong>cils<\/strong>, et <strong>ongles<\/strong>. Cette huile <strong>fortifiante<\/strong>, connue pour son <strong>efficacit\u00e9<\/strong> exceptionnelle, r\u00e9pare les <strong>cheveux secs, cassants et ab\u00eem\u00e9s<\/strong> tout en <strong>stimulant leur pousse<\/strong>. Gr\u00e2ce \u00e0 sa richesse en acides ricinol\u00e9iques, elle nourrit et r\u00e9g\u00e9n\u00e8re intens\u00e9ment, faisant d\u2019elle une alli\u00e9e pr\u00e9cieuse pour les peaux sensibles, sujettes aux imperfections ou aux taches brunes.<\/p>\n","protected":false},"featured_media":1374,"template":"","meta":{"_acf_changed":false},"product_brand":[24],"product_cat":[20,16,58,70,57,55,21],"product_tag":[],"class_list":{"0":"post-1018","1":"product","2":"type-product","3":"status-publish","4":"has-post-thumbnail","6":"product_brand-najel","7":"product_cat-cheveux","8":"product_cat-corps","9":"product_cat-huiles-et-cremes","10":"product_cat-serums-et-huiles","11":"product_cat-soin-des-mains","12":"product_cat-soin-des-yeux","13":"product_cat-visage","15":"first","16":"instock","17":"purchasable","18":"product-type-simple"},"acf":[],"_links":{"self":[{"href":"https:\/\/maisonmathilde.mu\/en\/wp-json\/wp\/v2\/product\/1018","targetHints":{"allow":["GET"]}}],"collection":[{"href":"https:\/\/maisonmathilde.mu\/en\/wp-json\/wp\/v2\/product"}],"about":[{"href":"https:\/\/maisonmathilde.mu\/en\/wp-json\/wp\/v2\/types\/product"}],"version-history":[{"count":4,"href":"https:\/\/maisonmathilde.mu\/en\/wp-json\/wp\/v2\/product\/1018\/revisions"}],"predecessor-version":[{"id":2367,"href":"https:\/\/maisonmathilde.mu\/en\/wp-json\/wp\/v2\/product\/1018\/revisions\/2367"}],"wp:featuredmedia":[{"embeddable":true,"href":"https:\/\/maisonmathilde.mu\/en\/wp-json\/wp\/v2\/media\/1374"}],"wp:attachment":[{"href":"https:\/\/maisonmathilde.mu\/en\/wp-json\/wp\/v2\/media?parent=1018"}],"wp:term":[{"taxonomy":"product_brand","embeddable":true,"href":"https:\/\/maisonmathilde.mu\/en\/wp-json\/wp\/v2\/product_brand?post=1018"},{"taxonomy":"product_cat","embeddable":true,"href":"https:\/\/maisonmathilde.mu\/en\/wp-json\/wp\/v2\/product_cat?post=1018"},{"taxonomy":"product_tag","embeddable":true,"href":"https:\/\/maisonmathilde.mu\/en\/wp-json\/wp\/v2\/product_tag?post=1018"}],"curies":[{"name":"wp","href":"https:\/\/api.w.org\/{rel}","templated":true}]}}