{"id":1016,"date":"2025-03-08T14:34:54","date_gmt":"2025-03-08T14:34:54","guid":{"rendered":"https:\/\/maisonmathilde.artover.fr\/produit\/huile-dabricot\/"},"modified":"2026-05-02T12:08:22","modified_gmt":"2026-05-02T08:08:22","slug":"huile-dabricot","status":"publish","type":"product","link":"https:\/\/maisonmathilde.mu\/en\/produit\/huile-dabricot\/","title":{"rendered":"Huile d\u2019abricot\u00a0"},"content":{"rendered":"<p>L\u2019huile d\u2019abricot bio Najel est une<strong> huile illuminatrice 100 % naturelle<\/strong>, id\u00e9ale pour <strong>sublimer<\/strong> le teint, <strong>nourrir<\/strong> la peau en profondeur et <strong>raviver<\/strong> les peaux ternes et fatigu\u00e9es. Gr\u00e2ce \u00e0 sa richesse en <strong>vitamines A et E<\/strong>, elle poss\u00e8de des <strong>propri\u00e9t\u00e9s anti-\u00e2ge<\/strong>, <strong>r\u00e9g\u00e9n\u00e9rantes<\/strong> et <strong>assouplissantes<\/strong>. Son <strong>fini satin\u00e9<\/strong> et <strong>non collant<\/strong> en fait une alli\u00e9e pr\u00e9cieuse pour une <strong>peau douce<\/strong>, <strong>lumineuse<\/strong> et <strong>revitalis\u00e9e<\/strong>.<\/p>\n<p><span style=\"text-decoration: underline;\">Types de peaux<\/span><\/p>\n<p>\u2705 Peaux ternes et fatigu\u00e9es<br \/>\n\u2705 Peaux mixtes \u00e0 s\u00e8ches<br \/>\n\u2705 Peaux matures et sensibles<br \/>\n\u2705 Peaux irrit\u00e9es ou sujettes aux rougeurs<\/p>\n<p>Ecocertification \/ Vegan \/ 100% d\u2019ingr\u00e9dients d\u2019origine naturelle<br \/>\n\u267b Packaging en rPET recycl\u00e9 et recyclable<br \/>\nMade in Turkey<\/p>\n","protected":false},"excerpt":{"rendered":"<p>L\u2019huile d\u2019abricot bio Najel est une<strong> huile illuminatrice 100 % naturelle<\/strong>, id\u00e9ale pour <strong>sublimer<\/strong> le teint, <strong>nourrir<\/strong> la peau en profondeur et <strong>raviver<\/strong> les peaux ternes et fatigu\u00e9es. Gr\u00e2ce \u00e0 sa richesse en <strong>vitamines A et E<\/strong>, elle poss\u00e8de des <strong>propri\u00e9t\u00e9s anti-\u00e2ge<\/strong>, <strong>r\u00e9g\u00e9n\u00e9rantes<\/strong> et <strong>assouplissantes<\/strong>. Son <strong>fini satin\u00e9<\/strong> et <strong>non collant<\/strong> en fait une alli\u00e9e pr\u00e9cieuse pour une <strong>peau douce<\/strong>, <strong>lumineuse<\/strong> et <strong>revitalis\u00e9e<\/strong>.<\/p>\n","protected":false},"featured_media":881,"template":"","meta":{"_acf_changed":false},"product_brand":[24],"product_cat":[20,16,22,58,70,21],"product_tag":[],"class_list":{"0":"post-1016","1":"product","2":"type-product","3":"status-publish","4":"has-post-thumbnail","6":"product_brand-najel","7":"product_cat-cheveux","8":"product_cat-corps","9":"product_cat-huiles-visage","10":"product_cat-huiles-et-cremes","11":"product_cat-serums-et-huiles","12":"product_cat-visage","14":"first","15":"instock","16":"purchasable","17":"product-type-simple"},"acf":[],"_links":{"self":[{"href":"https:\/\/maisonmathilde.mu\/en\/wp-json\/wp\/v2\/product\/1016","targetHints":{"allow":["GET"]}}],"collection":[{"href":"https:\/\/maisonmathilde.mu\/en\/wp-json\/wp\/v2\/product"}],"about":[{"href":"https:\/\/maisonmathilde.mu\/en\/wp-json\/wp\/v2\/types\/product"}],"version-history":[{"count":4,"href":"https:\/\/maisonmathilde.mu\/en\/wp-json\/wp\/v2\/product\/1016\/revisions"}],"predecessor-version":[{"id":2711,"href":"https:\/\/maisonmathilde.mu\/en\/wp-json\/wp\/v2\/product\/1016\/revisions\/2711"}],"wp:featuredmedia":[{"embeddable":true,"href":"https:\/\/maisonmathilde.mu\/en\/wp-json\/wp\/v2\/media\/881"}],"wp:attachment":[{"href":"https:\/\/maisonmathilde.mu\/en\/wp-json\/wp\/v2\/media?parent=1016"}],"wp:term":[{"taxonomy":"product_brand","embeddable":true,"href":"https:\/\/maisonmathilde.mu\/en\/wp-json\/wp\/v2\/product_brand?post=1016"},{"taxonomy":"product_cat","embeddable":true,"href":"https:\/\/maisonmathilde.mu\/en\/wp-json\/wp\/v2\/product_cat?post=1016"},{"taxonomy":"product_tag","embeddable":true,"href":"https:\/\/maisonmathilde.mu\/en\/wp-json\/wp\/v2\/product_tag?post=1016"}],"curies":[{"name":"wp","href":"https:\/\/api.w.org\/{rel}","templated":true}]}}