{"id":2823,"date":"2025-02-18T04:59:30","date_gmt":"2025-02-18T00:59:30","guid":{"rendered":"https:\/\/test.maisonmathilde.mu\/politique-de-confidentialite\/"},"modified":"2025-03-28T07:18:31","modified_gmt":"2025-03-28T03:18:31","slug":"privacy-policy","status":"publish","type":"page","link":"https:\/\/maisonmathilde.mu\/en\/privacy-policy\/","title":{"rendered":"Privacy Policy"},"content":{"rendered":"\t\t<div data-elementor-type=\"wp-page\" data-elementor-id=\"2823\" class=\"elementor elementor-2823 elementor-3\" data-elementor-post-type=\"page\">\n\t\t\t\t<div class=\"elementor-element elementor-element-bbc16cc e-flex e-con-boxed e-con e-parent\" data-id=\"bbc16cc\" data-element_type=\"container\" data-e-type=\"container\" data-settings=\"{&quot;background_background&quot;:&quot;classic&quot;}\">\n\t\t\t\t\t<div class=\"e-con-inner\">\n\t\t\t\t<div class=\"elementor-element elementor-element-bfe8375 elementor-widget elementor-widget-heading\" data-id=\"bfe8375\" data-element_type=\"widget\" data-e-type=\"widget\" data-widget_type=\"heading.default\">\n\t\t\t\t<div class=\"elementor-widget-container\">\n\t\t\t\t\t<h2 class=\"elementor-heading-title elementor-size-default\">Privacy Policy<\/h2>\t\t\t\t<\/div>\n\t\t\t\t<\/div>\n\t\t\t\t\t<\/div>\n\t\t\t\t<\/div>\n\t\t<div class=\"elementor-element elementor-element-f462259 e-flex e-con-boxed e-con e-parent\" data-id=\"f462259\" data-element_type=\"container\" data-e-type=\"container\">\n\t\t\t\t\t<div class=\"e-con-inner\">\n\t\t\t\t<div class=\"elementor-element elementor-element-f1dc343 elementor-widget elementor-widget-text-editor\" data-id=\"f1dc343\" data-element_type=\"widget\" data-e-type=\"widget\" data-widget_type=\"text-editor.default\">\n\t\t\t\t<div class=\"elementor-widget-container\">\n\t\t\t\t\t\t\t\t\t<p>D\u00e9claration relative \u00e0 la protection des donn\u00e9es \u00e0 caract\u00e8re personnel<\/p>\t\t\t\t\t\t\t\t<\/div>\n\t\t\t\t<\/div>\n\t\t\t\t\t<\/div>\n\t\t\t\t<\/div>\n\t\t<div class=\"elementor-element elementor-element-bdb3a69 e-flex e-con-boxed e-con e-parent\" data-id=\"bdb3a69\" data-element_type=\"container\" data-e-type=\"container\">\n\t\t\t\t\t<div class=\"e-con-inner\">\n\t\t\t\t<div class=\"elementor-element elementor-element-2be2236 elementor-widget elementor-widget-heading\" data-id=\"2be2236\" data-element_type=\"widget\" data-e-type=\"widget\" data-widget_type=\"heading.default\">\n\t\t\t\t<div class=\"elementor-widget-container\">\n\t\t\t\t\t<h2 class=\"elementor-heading-title elementor-size-default\">Collecte et utilisation g\u00e9n\u00e9rale des donn\u00e9es<\/h2>\t\t\t\t<\/div>\n\t\t\t\t<\/div>\n\t\t\t\t<div class=\"elementor-element elementor-element-a55d644 elementor-widget elementor-widget-text-editor\" data-id=\"a55d644\" data-element_type=\"widget\" data-e-type=\"widget\" data-widget_type=\"text-editor.default\">\n\t\t\t\t<div class=\"elementor-widget-container\">\n\t\t\t\t\t\t\t\t\t<p><span style=\"text-decoration: underline;\"><strong>a. Commande :<\/strong><\/span> Lors de votre commande, nous sommes amen\u00e9s \u00e0 enregistrer vos donn\u00e9es afin de traiter au mieux votre commande et de proc\u00e9der \u00e0 l\u2019exp\u00e9dition des produits achet\u00e9s. Ces informations sont \u00e9galement conserv\u00e9es \u00e0 des fins de s\u00e9curit\u00e9, afin de respecter les obligations l\u00e9gales et r\u00e9glementaires, ainsi que pour nous permettre d\u2019am\u00e9liorer et personnaliser nos offres. Gr\u00e2ce \u00e0 votre adresse e-mail nous pourrons vous envoyer une confirmation de commande et communiquer avec vous si n\u00e9cessaire. Votre adresse e-mail permet \u00e9galement votre identification lors de la connexion \u00e0 votre compte d\u2019utilisateur. Les donn\u00e9es \u00e0 caract\u00e8re personnel collect\u00e9es sur www.maisonmathilde.mu sont exclusivement r\u00e9serv\u00e9es \u00e0 la soci\u00e9t\u00e9 Maison Mathilde LTD.<\/p>\n<p><span style=\"text-decoration: underline;\"><strong>b. Connexion \u00e0 votre compte d\u2019utilisateur :<\/strong><\/span> Quand vous passez commande sur notre site, nous vous proposons un acc\u00e8s \u00e0 votre \u00ab Compte Utilisateur \u00bb prot\u00e9g\u00e9 par un mot de passe. Cela vous permet d\u2019avoir acc\u00e8s aux informations relatives \u00e0 vos commandes pass\u00e9es et de corriger vos informations personnelles si besoin. Il est important de ne pas divulguer \u00e0 des tiers les donn\u00e9es d\u2019acc\u00e8s \u00e0 votre \u00ab Compte Utilisateur \u00bb dont l\u2019usage est strictement personnel.<\/p>\n<p><span style=\"text-decoration: underline;\"><strong>c. Publicit\u00e9 :<\/strong><\/span> Nous utilisons les donn\u00e9es vous concernant pour vous envoyer des informations sur nos produits et vous recommander des produits en vente sur notre site qui pourraient vous int\u00e9resser. Nous avons recours \u00e0 la publicit\u00e9 par email uniquement dans les limites d\u00e9finies par la loi.<\/p>\n<p><span style=\"text-decoration: underline;\"><strong>d. Abonnement \u00e0 la newsletter :<\/strong><\/span> Si vous d\u00e9cidez de vous abonner \u00e0 notre newsletter, vous recevrez des informations sur des offres avantageuses dont vous pourrez interrompre la r\u00e9ception \u00e0 tout moment en cliquant sur le lien pr\u00e9vu \u00e0 cet effet sur chacune des newsletters. Les informations collect\u00e9es dans le cadre de l\u2019inscription \u00e0 notre newsletter nous permettent de vous faire des offres commerciales plus pertinentes.<\/p>\n<p><span style=\"text-decoration: underline;\"><strong>e. Consultation de sites Web :<\/strong><\/span> Pour des raisons de s\u00e9curit\u00e9, lors de vos visites sur notre site les donn\u00e9es suivantes peuvent \u00eatre recueillies et enregistr\u00e9es de mani\u00e8re temporaire : nom de domaine ou adresse IP, code r\u00e9ponse http, le nombre d\u2019octets transf\u00e9r\u00e9s, l\u2019adresse du site internet par lequel l\u2019utilisateur est arriv\u00e9. Ces donn\u00e9es sont recueillies de mani\u00e8re totalement anonyme (nous collectons les donn\u00e9es mais nous ne les associons pas \u00e0 une identit\u00e9) et nous permettent de proposer des offres plus pertinentes \u00e0 nos utilisateurs.<\/p>\t\t\t\t\t\t\t\t<\/div>\n\t\t\t\t<\/div>\n\t\t\t\t\t<\/div>\n\t\t\t\t<\/div>\n\t\t<div class=\"elementor-element elementor-element-010a456 e-flex e-con-boxed e-con e-parent\" data-id=\"010a456\" data-element_type=\"container\" data-e-type=\"container\">\n\t\t\t\t\t<div class=\"e-con-inner\">\n\t\t\t\t<div class=\"elementor-element elementor-element-8de21cb elementor-widget elementor-widget-heading\" data-id=\"8de21cb\" data-element_type=\"widget\" data-e-type=\"widget\" data-widget_type=\"heading.default\">\n\t\t\t\t<div class=\"elementor-widget-container\">\n\t\t\t\t\t<h2 class=\"elementor-heading-title elementor-size-default\">Enregistrement de donn\u00e9es au moyen de cookies<\/h2>\t\t\t\t<\/div>\n\t\t\t\t<\/div>\n\t\t\t\t<div class=\"elementor-element elementor-element-b524eba elementor-widget elementor-widget-text-editor\" data-id=\"b524eba\" data-element_type=\"widget\" data-e-type=\"widget\" data-widget_type=\"text-editor.default\">\n\t\t\t\t<div class=\"elementor-widget-container\">\n\t\t\t\t\t\t\t\t\t<p>Un cookie est un petit fichier enregistr\u00e9 sur l\u2019ordinateur. Il contient des informations sur la navigation effectu\u00e9e sur les pages de notre site. Il permet de faciliter l\u2019utilisation ult\u00e9rieure du site par la m\u00eame personne et de reprendre les pr\u00e9f\u00e9rences choisies par un utilisateur lors de la visite. Il vous est possible de limiter l\u2019usage de cookies en configurant votre navigateur, ceci limitant n\u00e9anmoins l\u2019utilisation de certains services que nous offrons sur notre site. Vous avez \u00e9galement la possibilit\u00e9 d\u2019effacer les cookies manuellement.<\/p>\n<p>Google Analytics Nous utilisons Google Analytics, un service de la soci\u00e9t\u00e9 Google Inc. (\u00ab Google \u00bb) pour comprendre comment les utilisateurs interagissent avec notre site. Google Analytics utilise des cookies. Les informations obtenues \u00e0 l&#8217;aide des cookies sur vos habitudes d\u2019utilisation du site www.maisonmathilde.mu (y compris votre adresse IP) sont transf\u00e9r\u00e9es \u00e0 un serveur de Google o\u00f9 elles sont enregistr\u00e9es. Les conditions d&#8217;utilisation de Google Analytics, auxquelles Maison Mathilde LTD a adh\u00e9r\u00e9es, interdisent la transmission \u00e0 Google Analytics d&#8217;informations personnelles permettant d\u2019identifier un individu, y compris (sans s&#8217;y limiter) les noms, les adresses e-mail ou les informations bancaires. Google utilise les informations collect\u00e9es afin de conna\u00eetre vos habitudes d\u2019utilisation de notre site internet ainsi que d\u2019autres services en rapport avec l\u2019utilisation de notre site internet. Il vous est possible de limiter l\u2019usage de cookies en configurant votre navigateur, ceci limitant n\u00e9anmoins l\u2019utilisation de certains services que nous offrons sur notre site. Les cookies peuvent \u00e9galement s\u2019effacer manuellement. Si vous ne voulez pas que votre navigateur utilise Google Analytics, vous pouvez installer le module compl\u00e9mentaire de navigateur pour la d\u00e9sactivation de Google Analytics : https:\/\/ tools.google.com\/dlpage\/gaoptout<\/p>\n<p>En naviguant sur notre site internet vous acceptez que les donn\u00e9es vous concernant soient manipul\u00e9es par Google avec les finalit\u00e9s d\u00e9crites ci-dessus.<\/p>\t\t\t\t\t\t\t\t<\/div>\n\t\t\t\t<\/div>\n\t\t\t\t\t<\/div>\n\t\t\t\t<\/div>\n\t\t<div class=\"elementor-element elementor-element-cc0dac3 e-flex e-con-boxed e-con e-parent\" data-id=\"cc0dac3\" data-element_type=\"container\" data-e-type=\"container\">\n\t\t\t\t\t<div class=\"e-con-inner\">\n\t\t\t\t<div class=\"elementor-element elementor-element-304746a elementor-widget elementor-widget-heading\" data-id=\"304746a\" data-element_type=\"widget\" data-e-type=\"widget\" data-widget_type=\"heading.default\">\n\t\t\t\t<div class=\"elementor-widget-container\">\n\t\t\t\t\t<h2 class=\"elementor-heading-title elementor-size-default\">Vos droits<\/h2>\t\t\t\t<\/div>\n\t\t\t\t<\/div>\n\t\t\t\t<div class=\"elementor-element elementor-element-45cec53 elementor-widget elementor-widget-text-editor\" data-id=\"45cec53\" data-element_type=\"widget\" data-e-type=\"widget\" data-widget_type=\"text-editor.default\">\n\t\t\t\t<div class=\"elementor-widget-container\">\n\t\t\t\t\t\t\t\t\t<p>Droits d\u2019acc\u00e8s et de rectification : Conform\u00e9ment \u00e0 loi \u00ab informatique et libert\u00e9s \u00bb n\u00b078-17 du 6 janvier 1978 modifi\u00e9e, vous disposez d\u2019un droit d\u2019acc\u00e8s, de modification, de rectification et de suppression des donn\u00e9es qui vous concernent. Pour toute demande relative au traitement de vos donn\u00e9es personnelles ou pour exercer vos droits, nous vous invitons \u00e0 nous \u00e9crire, en indiquant vos coordonn\u00e9es, \u00e0 : Maison Mathilde, Robinson Lane 3, Phoenix, Mauritius \u2013 info@maisonmathilde.mu.<\/p>\n<p>Droit d\u2019opposition : Vous pouvez, pour des motifs l\u00e9gitimes, vous opposer \u00e0 tout moment, de mani\u00e8re s\u00e9lective ou globale, \u00e0 l\u2019utilisation de vos donn\u00e9es personnelles \u00e0 des fins publicitaires ou pour des \u00e9tudes. A cette fin, une simple notification \u00e9crite de votre demande est suffisante par email ou courrier \u00e0 l\u2019adresse cit\u00e9e ci-dessus.<\/p>\t\t\t\t\t\t\t\t<\/div>\n\t\t\t\t<\/div>\n\t\t\t\t\t<\/div>\n\t\t\t\t<\/div>\n\t\t<div class=\"elementor-element elementor-element-c205e7c e-flex e-con-boxed e-con e-parent\" data-id=\"c205e7c\" data-element_type=\"container\" data-e-type=\"container\">\n\t\t\t\t\t<div class=\"e-con-inner\">\n\t\t\t\t<div class=\"elementor-element elementor-element-6fd5115 elementor-widget elementor-widget-heading\" data-id=\"6fd5115\" data-element_type=\"widget\" data-e-type=\"widget\" data-widget_type=\"heading.default\">\n\t\t\t\t<div class=\"elementor-widget-container\">\n\t\t\t\t\t<h2 class=\"elementor-heading-title elementor-size-default\">D\u00e9claration Relative aux Cookies<\/h2>\t\t\t\t<\/div>\n\t\t\t\t<\/div>\n\t\t\t\t<div class=\"elementor-element elementor-element-0b9fff0 elementor-widget elementor-widget-text-editor\" data-id=\"0b9fff0\" data-element_type=\"widget\" data-e-type=\"widget\" data-widget_type=\"text-editor.default\">\n\t\t\t\t<div class=\"elementor-widget-container\">\n\t\t\t\t\t\t\t\t\t<p>Votre utilisation du site Internet www.maisonmathilde.mu (ci-apr\u00e8s le \u00ab Site \u00bb) est soumise \u00e0 la pr\u00e9sente D\u00e9claration relative aux cookies, int\u00e9gr\u00e9e aux Modalit\u00e9s et conditions de ce Site, ainsi qu&#8217;aux modalit\u00e9s et conditions sp\u00e9cifiques pr\u00e9cis\u00e9es sur les diff\u00e9rentes pages de ce Site (collectivement, les \u00ab Modalit\u00e9s et conditions \u00bb).<\/p>\n<p>Veuillez lire attentivement la pr\u00e9sente d\u00e9claration relative aux cookies avant d&#8217;utiliser ou de vous procurer tout contenu, information, produit ou service par le biais de ce Site. En acc\u00e9dant \u00e0 ce site vous acceptez, sans restriction ou qualification, l&#8217;int\u00e9gralit\u00e9 de la pr\u00e9sente d\u00e9claration relative aux cookies.<\/p>\t\t\t\t\t\t\t\t<\/div>\n\t\t\t\t<\/div>\n\t\t\t\t\t<\/div>\n\t\t\t\t<\/div>\n\t\t<div class=\"elementor-element elementor-element-8868997 e-flex e-con-boxed e-con e-parent\" data-id=\"8868997\" data-element_type=\"container\" data-e-type=\"container\">\n\t\t\t\t\t<div class=\"e-con-inner\">\n\t\t\t\t<div class=\"elementor-element elementor-element-f8de1e7 elementor-widget elementor-widget-heading\" data-id=\"f8de1e7\" data-element_type=\"widget\" data-e-type=\"widget\" data-widget_type=\"heading.default\">\n\t\t\t\t<div class=\"elementor-widget-container\">\n\t\t\t\t\t<h2 class=\"elementor-heading-title elementor-size-default\">D\u00e9finition<\/h2>\t\t\t\t<\/div>\n\t\t\t\t<\/div>\n\t\t\t\t<div class=\"elementor-element elementor-element-b3a441c elementor-widget elementor-widget-text-editor\" data-id=\"b3a441c\" data-element_type=\"widget\" data-e-type=\"widget\" data-widget_type=\"text-editor.default\">\n\t\t\t\t<div class=\"elementor-widget-container\">\n\t\t\t\t\t\t\t\t\t<p>Un cookie est un fichier texte qui contient une petite quantit\u00e9 d&#8217;informations t\u00e9l\u00e9charg\u00e9es sur votre ordinateur ou appareil mobile lorsque vous visitez un site Web. Un cookie est ensuite renvoy\u00e9 au site Web d&#8217;origine lorsque vous le visitez \u00e0 nouveau ou \u00e0 un autre site capable de reconna\u00eetre le cookie donn\u00e9. Les cookies sont utiles, car ils permettent \u00e0 un site Web de reconna\u00eetre l&#8217;appareil de l&#8217;utilisateur. Pour en savoir plus sur les cookies, consultez : www.allaboutcookies.org. <\/p>\t\t\t\t\t\t\t\t<\/div>\n\t\t\t\t<\/div>\n\t\t\t\t\t<\/div>\n\t\t\t\t<\/div>\n\t\t<div class=\"elementor-element elementor-element-63fd53f e-flex e-con-boxed e-con e-parent\" data-id=\"63fd53f\" data-element_type=\"container\" data-e-type=\"container\">\n\t\t\t\t\t<div class=\"e-con-inner\">\n\t\t\t\t<div class=\"elementor-element elementor-element-bd0bb38 elementor-widget elementor-widget-heading\" data-id=\"bd0bb38\" data-element_type=\"widget\" data-e-type=\"widget\" data-widget_type=\"heading.default\">\n\t\t\t\t<div class=\"elementor-widget-container\">\n\t\t\t\t\t<h2 class=\"elementor-heading-title elementor-size-default\">Les Cookies sur ce Site<\/h2>\t\t\t\t<\/div>\n\t\t\t\t<\/div>\n\t\t\t\t<div class=\"elementor-element elementor-element-517e3df elementor-widget elementor-widget-text-editor\" data-id=\"517e3df\" data-element_type=\"widget\" data-e-type=\"widget\" data-widget_type=\"text-editor.default\">\n\t\t\t\t<div class=\"elementor-widget-container\">\n\t\t\t\t\t\t\t\t\t<p>Afin de faciliter Votre navigation sur le Site, Maison Mathilde utilise des t\u00e9moins de connexions ou syst\u00e8mes similaires. Ces Cookies vous offrent une meilleure qualit\u00e9 de service en enregistrant des informations relatives \u00e0 Votre Navigation.<\/p>\n<p>Ces Cookies ne permettent pas de vous identifier individuellement.<\/p>\n<p>Sur ce Site, les cookies ont plusieurs fonctions. Ils vous permettent de naviguer efficacement entre les pages, de garder vos pr\u00e9f\u00e9rences en m\u00e9moire et, de fa\u00e7on g\u00e9n\u00e9rale, d&#8217;am\u00e9liorer votre exp\u00e9rience sur le Site. Ils contribuent \u00e9galement \u00e0 ce que les publicit\u00e9s en ligne soient plus adapt\u00e9es \u00e0 vous et \u00e0 vos int\u00e9r\u00eats.<\/p>\n<p>Les cookies utilis\u00e9s sur ce Site peuvent \u00eatre class\u00e9s selon quatre cat\u00e9gories : (1) les cookies strictement n\u00e9cessaires ; (2) les cookies contribuant \u00e0 la performance du Site ; (3) les cookies enregistrant les demandes fonctionnelles; et (4) les cookies cibl\u00e9s. Vous trouverez ci dessous la description de chacun de ces types de cookie.<\/p>\n<p><span style=\"text-decoration: underline;\">&#8211; Cookies strictement n\u00e9cessaires :<\/span> Ces cookies sont essentiels ; ils vous permettent de naviguer sur le Site et d&#8217;utiliser ses fonctionnalit\u00e9s, notamment d&#8217;acc\u00e9der \u00e0 des zones s\u00e9curis\u00e9es sur le Site. Sans ces cookies, les services que vous demandez, si vous r\u00e9servez une chambre d&#8217;h\u00f4tel en ligne par exemple, ne peuvent pas \u00eatre fournis. Ces cookies ne rassemblent pas d&#8217;informations pouvant \u00eatre utilis\u00e9es \u00e0 des fins marketing. En utilisant ce Site, vous acceptez que nous placions ce type de cookies sur votre appareil.<\/p>\n<p><span style=\"text-decoration: underline;\">&#8211; Cookies de performance :<\/span> Ces cookies rassemblent des informations sur la fa\u00e7on dont vous utilisez ce Site. Par exemple, ils peuvent r\u00e9colter des informations sur les pages que vous consultez le plus souvent et enregistrer si vous avez re\u00e7u un message d&#8217;erreur sur l&#8217;une des pages de ce Site. Ces cookies ne r\u00e9coltent pas directement d&#8217;informations permettant de\u00a0 vous identifier. Lorsque vous fournissez des informations permettant de vous identifier, nous pouvons utiliser ces cookies pour adapter le Site en fonction des informations que vous nous avez fournies et de vos activit\u00e9s sur le Site. En utilisant ce Site, vous acceptez que nous placions ce type de cookies sur votre appareil.<\/p>\n<p><span style=\"text-decoration: underline;\">&#8211; Cookies fonctionnels :<\/span> Ces cookies permettent au Site de se souvenir des choix que vous avez faits : nom d&#8217;utilisateur, pr\u00e9f\u00e9rences de langue, r\u00e9gion par exemple. Le Site utilise ensuite ces informations pour vous proposer des fonctionnalit\u00e9s am\u00e9lior\u00e9es. Ces cookies peuvent \u00e9galement \u00eatre utilis\u00e9s pour se souvenir des modifications que vous avez r\u00e9alis\u00e9es, par exemple sur la taille et la police du texte, ainsi que sur d&#8217;autres parties du Site que vous pouvez personnaliser. Si les informations collect\u00e9es par ces cookies sont anonymes, les cookies peuvent vous identifier lorsque leurs informations sont combin\u00e9es avec d&#8217;autres donn\u00e9es, car ils surveillent certaines informations relatives \u00e0 votre fournisseur d&#8217;acc\u00e8s \u00e0 Internet. Ils ne collectent aucune information qui pourrait \u00eatre utilis\u00e9e \u00e0 des fins publicitaires ni pour savoir o\u00f9 vous \u00eates all\u00e9 sur Internet. Lorsque vous choisissez de modifier les options ou les param\u00e8tres du Site, vous acceptez que Maison Mathilde place des<br \/>cookies fonctionnels sur votre appareil. En utilisant ce Site, vous acceptez que nous placions ce type de cookies sur votre appareil.<\/p>\n<p><span style=\"text-decoration: underline;\">&#8211; Cookies cibl\u00e9s :<\/span> Ces cookies rassemblent des informations sur vos habitudes de navigation. Ils ont deux usages diff\u00e9rents.<\/p>\n<p><span style=\"text-decoration: underline;\">1. Fonction Analytique :<\/span> Ces cookies permettre \u00e0 Maison Mathilde de comprendre les habitudes de navigation des utilisateurs. Ce qui est fait gr\u00e2ce \u00e0 Google Analytics : mais les donn\u00e9es sont agr\u00e9g\u00e9es et donc pas personnelles.<\/p>\n<p><span style=\"text-decoration: underline;\">2. Fonction Commerciale :<\/span> Ces cookies sont g\u00e9n\u00e9ralement plac\u00e9s par des r\u00e9seaux publicitaires &#8211; dans le cas de Maison Mathilde seulement par Facebook &#8211; qui enregistrent ce que vous avez consult\u00e9 sur le Site et partagent cette information avec d&#8217;autres organisations, notamment des annonceurs. Cela permet que les publicit\u00e9s en ligne soient plus adapt\u00e9es \u00e0 vous et \u00e0 vos int\u00e9r\u00eats. M\u00eame si ces cookies peuvent suivre vos visites sur des sites Web, ils ne savent g\u00e9n\u00e9ralement pas qui vous \u00eates. Sans ces cookies, les publicit\u00e9s en ligne seront moins adapt\u00e9es \u00e0 vos centres d&#8217;int\u00e9r\u00eats.<\/p>\n<p>En utilisant ce Site, vous acceptez que ces cookies soient plac\u00e9s sur votre appareil.<\/p>\t\t\t\t\t\t\t\t<\/div>\n\t\t\t\t<\/div>\n\t\t\t\t\t<\/div>\n\t\t\t\t<\/div>\n\t\t<div class=\"elementor-element elementor-element-9a9bf0f e-flex e-con-boxed e-con e-parent\" data-id=\"9a9bf0f\" data-element_type=\"container\" data-e-type=\"container\">\n\t\t\t\t\t<div class=\"e-con-inner\">\n\t\t\t\t<div class=\"elementor-element elementor-element-21b48a5 elementor-widget elementor-widget-heading\" data-id=\"21b48a5\" data-element_type=\"widget\" data-e-type=\"widget\" data-widget_type=\"heading.default\">\n\t\t\t\t<div class=\"elementor-widget-container\">\n\t\t\t\t\t<h2 class=\"elementor-heading-title elementor-size-default\">Possibilit\u00e9 de restreindre ou bloquer les cookies<\/h2>\t\t\t\t<\/div>\n\t\t\t\t<\/div>\n\t\t\t\t<div class=\"elementor-element elementor-element-0619bfc elementor-widget elementor-widget-text-editor\" data-id=\"0619bfc\" data-element_type=\"widget\" data-e-type=\"widget\" data-widget_type=\"text-editor.default\">\n\t\t\t\t<div class=\"elementor-widget-container\">\n\t\t\t\t\t\t\t\t\t<p>Vous pouvez vous opposer au d\u00e9p\u00f4t de l\u2019ensemble des cookies via le bandeau cookies qui s\u2019affiche sur votre \u00e9cran lorsque vous naviguez sur le Site.<\/p>\n<p>Vous pouvez \u00e9galement configurer les param\u00e8tres de votre navigateur afin de restreindre ou de bloquer les cookies du Site (ou de tout autre site Web). Votre navigateur peut contenir des informations sur la fa\u00e7on de r\u00e9gler vos param\u00e8tres.<\/p>\n<p>Vous pouvez \u00e9galement consulter www.allaboutcookies.org pour obtenir des informations g\u00e9n\u00e9rales sur les cookies et sur la fa\u00e7on de r\u00e9gler les param\u00e8tres des cookies dans divers navigateurs. Ce Site explique \u00e9galement comment supprimer les cookies de votre ordinateur. Vous pouvez \u00e9galement refuser les cookies cibl\u00e9s de certains fournisseurs en utilisant le processus de refus pr\u00e9sent\u00e9 par www.youronlinechoices.eu.<\/p>\n<p>Veuillez noter que restreindre les cookies peut avoir un impact sur la fonctionnalit\u00e9 du Site. <\/p>\t\t\t\t\t\t\t\t<\/div>\n\t\t\t\t<\/div>\n\t\t\t\t\t<\/div>\n\t\t\t\t<\/div>\n\t\t\t\t<\/div>\n\t\t","protected":false},"excerpt":{"rendered":"<p>Privacy Policy D\u00e9claration relative \u00e0 la protection des donn\u00e9es \u00e0 caract\u00e8re personnel Collecte et utilisation g\u00e9n\u00e9rale des donn\u00e9es a. Commande : Lors de votre commande, nous sommes amen\u00e9s \u00e0 enregistrer vos donn\u00e9es afin de traiter au mieux votre commande et de proc\u00e9der \u00e0 l\u2019exp\u00e9dition des produits achet\u00e9s. Ces informations sont \u00e9galement conserv\u00e9es \u00e0 des fins [&hellip;]<\/p>\n","protected":false},"author":1,"featured_media":0,"parent":0,"menu_order":0,"comment_status":"closed","ping_status":"closed","template":"elementor_header_footer","meta":{"_acf_changed":false,"footnotes":""},"class_list":["post-2823","page","type-page","status-publish","hentry"],"acf":[],"_links":{"self":[{"href":"https:\/\/maisonmathilde.mu\/en\/wp-json\/wp\/v2\/pages\/2823","targetHints":{"allow":["GET"]}}],"collection":[{"href":"https:\/\/maisonmathilde.mu\/en\/wp-json\/wp\/v2\/pages"}],"about":[{"href":"https:\/\/maisonmathilde.mu\/en\/wp-json\/wp\/v2\/types\/page"}],"author":[{"embeddable":true,"href":"https:\/\/maisonmathilde.mu\/en\/wp-json\/wp\/v2\/users\/1"}],"replies":[{"embeddable":true,"href":"https:\/\/maisonmathilde.mu\/en\/wp-json\/wp\/v2\/comments?post=2823"}],"version-history":[{"count":4,"href":"https:\/\/maisonmathilde.mu\/en\/wp-json\/wp\/v2\/pages\/2823\/revisions"}],"predecessor-version":[{"id":2827,"href":"https:\/\/maisonmathilde.mu\/en\/wp-json\/wp\/v2\/pages\/2823\/revisions\/2827"}],"wp:attachment":[{"href":"https:\/\/maisonmathilde.mu\/en\/wp-json\/wp\/v2\/media?parent=2823"}],"curies":[{"name":"wp","href":"https:\/\/api.w.org\/{rel}","templated":true}]}}