{"id":2815,"date":"2025-02-20T05:55:08","date_gmt":"2025-02-20T01:55:08","guid":{"rendered":"https:\/\/test.maisonmathilde.mu\/livraison-et-retour\/"},"modified":"2025-03-28T07:15:51","modified_gmt":"2025-03-28T03:15:51","slug":"delivery-and-return","status":"publish","type":"page","link":"https:\/\/maisonmathilde.mu\/en\/delivery-and-return\/","title":{"rendered":"Delivery and Return"},"content":{"rendered":"\t\t<div data-elementor-type=\"wp-page\" data-elementor-id=\"2815\" class=\"elementor elementor-2815 elementor-513\" data-elementor-post-type=\"page\">\n\t\t\t\t<div class=\"elementor-element elementor-element-f2ffc31 e-flex e-con-boxed e-con e-parent\" data-id=\"f2ffc31\" data-element_type=\"container\" data-e-type=\"container\" data-settings=\"{&quot;background_background&quot;:&quot;classic&quot;}\">\n\t\t\t\t\t<div class=\"e-con-inner\">\n\t\t\t\t<div class=\"elementor-element elementor-element-a067c44 elementor-widget elementor-widget-heading\" data-id=\"a067c44\" data-element_type=\"widget\" data-e-type=\"widget\" data-widget_type=\"heading.default\">\n\t\t\t\t<div class=\"elementor-widget-container\">\n\t\t\t\t\t<h2 class=\"elementor-heading-title elementor-size-default\">Delivery and Return<\/h2>\t\t\t\t<\/div>\n\t\t\t\t<\/div>\n\t\t\t\t\t<\/div>\n\t\t\t\t<\/div>\n\t\t<div class=\"elementor-element elementor-element-c264272 e-flex e-con-boxed e-con e-parent\" data-id=\"c264272\" data-element_type=\"container\" data-e-type=\"container\">\n\t\t\t\t\t<div class=\"e-con-inner\">\n\t\t\t\t<div class=\"elementor-element elementor-element-0221b1c elementor-widget elementor-widget-heading\" data-id=\"0221b1c\" data-element_type=\"widget\" data-e-type=\"widget\" data-widget_type=\"heading.default\">\n\t\t\t\t<div class=\"elementor-widget-container\">\n\t\t\t\t\t<h2 class=\"elementor-heading-title elementor-size-default\">Informations relatives \u00e0 une commande :<\/h2>\t\t\t\t<\/div>\n\t\t\t\t<\/div>\n\t\t\t\t<div class=\"elementor-element elementor-element-c5df6cb elementor-widget elementor-widget-text-editor\" data-id=\"c5df6cb\" data-element_type=\"widget\" data-e-type=\"widget\" data-widget_type=\"text-editor.default\">\n\t\t\t\t<div class=\"elementor-widget-container\">\n\t\t\t\t\t\t\t\t\t<p>Votre commande est valid\u00e9e une fois que <strong>votre paiement a \u00e9t\u00e9 accept\u00e9 de notre c\u00f4t\u00e9<\/strong>.\u00a0 Maison Mathilde LTD se r\u00e9serve le droit de refuser une commande si le Client pr\u00e9sente d\u00e9j\u00e0 un litige avec la soci\u00e9t\u00e9 ou si Maison Mathilde estime que le Client comporte un risque de d\u00e9faut de paiement.<\/p><p><strong>Nous nous r\u00e9servons<\/strong> alors le droit de demander au Client des informations compl\u00e9mentaires <strong>si nous l&#8217;estimons n\u00e9cessaire<\/strong>, telles qu\u2019une pi\u00e8ce d&#8217;identit\u00e9 ou un justificatif de domicile. Sans r\u00e9ponse du Client dans un d\u00e9lai de 5 jours suivant la commande, <strong>votre commande et le paiement seront annul\u00e9s. Nous nous engageons<\/strong> \u00e0 honorer les commandes re\u00e7ues, uniquement dans la limite des stocks disponibles.<\/p><p><span style=\"text-decoration: underline;\"><strong>Besoin d&#8217;aide ?<\/strong><\/span> Une question concernant votre commande ? Contactez nos experts \u00e0 l&#8217;adresse info@maisonmathilde.mu ou par WhatsApp +230 5509 3057<\/p>\t\t\t\t\t\t\t\t<\/div>\n\t\t\t\t<\/div>\n\t\t\t\t\t<\/div>\n\t\t\t\t<\/div>\n\t\t<div class=\"elementor-element elementor-element-fa9a721 e-flex e-con-boxed e-con e-parent\" data-id=\"fa9a721\" data-element_type=\"container\" data-e-type=\"container\">\n\t\t\t\t\t<div class=\"e-con-inner\">\n\t\t\t\t<div class=\"elementor-element elementor-element-6218733 elementor-widget elementor-widget-heading\" data-id=\"6218733\" data-element_type=\"widget\" data-e-type=\"widget\" data-widget_type=\"heading.default\">\n\t\t\t\t<div class=\"elementor-widget-container\">\n\t\t\t\t\t<h2 class=\"elementor-heading-title elementor-size-default\">Livraison a Maurice<\/h2>\t\t\t\t<\/div>\n\t\t\t\t<\/div>\n\t\t\t\t<div class=\"elementor-element elementor-element-934b3fb elementor-widget elementor-widget-text-editor\" data-id=\"934b3fb\" data-element_type=\"widget\" data-e-type=\"widget\" data-widget_type=\"text-editor.default\">\n\t\t\t\t<div class=\"elementor-widget-container\">\n\t\t\t\t\t\t\t\t\t<p>Plusieurs mode de livraison vous sont propos\u00e9s :<\/p><ul><li><strong>La Poste<\/strong> : Livraison sous 3 \u00e0 4 jours- Livraison gratuite \u00e0 Maurice\u00a0<\/li><li><strong>Click and collecte<\/strong> : Livraison Gratuite sous 48h \u00e0 la poste de Tribecca<\/li><li><strong>En express<\/strong> : Sous 48h (Rs 200)<\/li><\/ul>\t\t\t\t\t\t\t\t<\/div>\n\t\t\t\t<\/div>\n\t\t\t\t\t<\/div>\n\t\t\t\t<\/div>\n\t\t<div class=\"elementor-element elementor-element-778cc6e e-flex e-con-boxed e-con e-parent\" data-id=\"778cc6e\" data-element_type=\"container\" data-e-type=\"container\">\n\t\t\t\t\t<div class=\"e-con-inner\">\n\t\t\t\t<div class=\"elementor-element elementor-element-ae9998c elementor-widget elementor-widget-heading\" data-id=\"ae9998c\" data-element_type=\"widget\" data-e-type=\"widget\" data-widget_type=\"heading.default\">\n\t\t\t\t<div class=\"elementor-widget-container\">\n\t\t\t\t\t<h2 class=\"elementor-heading-title elementor-size-default\">LIVRAISON INTERNATIONAL<\/h2>\t\t\t\t<\/div>\n\t\t\t\t<\/div>\n\t\t\t\t<div class=\"elementor-element elementor-element-ab46270 elementor-widget elementor-widget-text-editor\" data-id=\"ab46270\" data-element_type=\"widget\" data-e-type=\"widget\" data-widget_type=\"text-editor.default\">\n\t\t\t\t<div class=\"elementor-widget-container\">\n\t\t\t\t\t\t\t\t\t<p>Toutes commandes plac\u00e9es \u00e0 l\u2019internationale sera livr\u00e9 par DHL sous 4 \u00e0 10 jours. Les frais de transports seront calcul\u00e9s automatiquement \u00e0 la fin de votre commande d\u00e9pendamment du pays de livraison et du colisage de votre commande. Des taxes de douane ou d&#8217;importation peuvent s&#8217;ajouter au prix de nos produits et restent \u00e0 la charge du Client. Il est donc du ressort du Client de s&#8217;informer de leur montant aupr\u00e8s de son bureau de douane local.<\/p>\t\t\t\t\t\t\t\t<\/div>\n\t\t\t\t<\/div>\n\t\t\t\t\t<\/div>\n\t\t\t\t<\/div>\n\t\t<div class=\"elementor-element elementor-element-502b3eb e-flex e-con-boxed e-con e-parent\" data-id=\"502b3eb\" data-element_type=\"container\" data-e-type=\"container\">\n\t\t\t\t\t<div class=\"e-con-inner\">\n\t\t\t\t<div class=\"elementor-element elementor-element-b7a4811 elementor-widget elementor-widget-heading\" data-id=\"b7a4811\" data-element_type=\"widget\" data-e-type=\"widget\" data-widget_type=\"heading.default\">\n\t\t\t\t<div class=\"elementor-widget-container\">\n\t\t\t\t\t<h2 class=\"elementor-heading-title elementor-size-default\">RETOURS ET ECHANGES<\/h2>\t\t\t\t<\/div>\n\t\t\t\t<\/div>\n\t\t\t\t<div class=\"elementor-element elementor-element-08e8e3f elementor-widget elementor-widget-text-editor\" data-id=\"08e8e3f\" data-element_type=\"widget\" data-e-type=\"widget\" data-widget_type=\"text-editor.default\">\n\t\t\t\t<div class=\"elementor-widget-container\">\n\t\t\t\t\t\t\t\t\t<p><strong>Vous souhaitez nous retourner un produit ?<\/strong> <br \/>Pas de soucis ! Pour tout retour, veuillez nous envoyer un petit mail \u00e0 l&#8217;adresse info@maisonmathilde.mu afin de nous pr\u00e9venir. Merci d&#8217;y pr\u00e9ciser : le num\u00e9ro de votre commande, le(s) les produit(s) retourn\u00e9(s), la (les) raison(s) du retour ainsi qu&#8217;une demande d&#8217;\u00e9change, de bon d&#8217;achat ou de remboursement. Ainsi vous serez assur\u00e9 du bon traitement de votre demande et d&#8217;une plus grande rapidit\u00e9 dans sa gestion.<\/p><p>Tout Client peut demander l&#8217;\u00e9change de son article dans un d\u00e9lai de 14 jours \u00e0 compter de la date de la commande \u00e0 conditions que les produits ne soit ni ouvert ni endomag\u00e9s. Les retours des commandes exp\u00e9di\u00e9es hors Maurice sont \u00e0 la charge du Client.<\/p><p>Le produit pour lequel le Client demande un \u00e9change doit \u00eatre intact, non ouvert et dans son emballage d&#8217;origine.<\/p><p><span style=\"text-decoration: underline;\">L&#8217;adresse de retour est la suivante :<\/span><br \/><br \/><strong>Maison Mathilde<\/strong><br \/>Robinson Lane 3<br \/>Pont Fer<br \/>Phoenix 73745<br \/>Maurice<\/p><p>Merci de joindre votre facture dans le colis.<\/p><p>De plus, afin que votre retour soit trait\u00e9 dans les plus brefs d\u00e9lais, nous vous conseillons de le signaler l\u2019envoie de votre retour et son num\u00e9ro de suivit par email \u00e0 info@maisonmathilde.mu. Si l&#8217;article est refus\u00e9 par Maison Mathilde LTD, celui-ci est renvoy\u00e9 au Client aux frais de Maison Mathilde LTD sans que le Client ne puisse exiger quelque compensation que ce soit.<\/p><p>Si le retour n&#8217;a pas \u00e9t\u00e9 annonc\u00e9 par le client, un bon achat est automatiquement cr\u00e9\u00e9 et envoy\u00e9 au client.<br \/>(voir nos CGV pour plus de d\u00e9tails). <\/p>\t\t\t\t\t\t\t\t<\/div>\n\t\t\t\t<\/div>\n\t\t\t\t\t<\/div>\n\t\t\t\t<\/div>\n\t\t\t\t<\/div>\n\t\t","protected":false},"excerpt":{"rendered":"<p>Delivery and Return Informations relatives \u00e0 une commande : Votre commande est valid\u00e9e une fois que votre paiement a \u00e9t\u00e9 accept\u00e9 de notre c\u00f4t\u00e9.\u00a0 Maison Mathilde LTD se r\u00e9serve le droit de refuser une commande si le Client pr\u00e9sente d\u00e9j\u00e0 un litige avec la soci\u00e9t\u00e9 ou si Maison Mathilde estime que le Client comporte un [&hellip;]<\/p>\n","protected":false},"author":1,"featured_media":0,"parent":0,"menu_order":0,"comment_status":"closed","ping_status":"closed","template":"elementor_header_footer","meta":{"_acf_changed":false,"footnotes":""},"class_list":["post-2815","page","type-page","status-publish","hentry"],"acf":[],"_links":{"self":[{"href":"https:\/\/maisonmathilde.mu\/en\/wp-json\/wp\/v2\/pages\/2815","targetHints":{"allow":["GET"]}}],"collection":[{"href":"https:\/\/maisonmathilde.mu\/en\/wp-json\/wp\/v2\/pages"}],"about":[{"href":"https:\/\/maisonmathilde.mu\/en\/wp-json\/wp\/v2\/types\/page"}],"author":[{"embeddable":true,"href":"https:\/\/maisonmathilde.mu\/en\/wp-json\/wp\/v2\/users\/1"}],"replies":[{"embeddable":true,"href":"https:\/\/maisonmathilde.mu\/en\/wp-json\/wp\/v2\/comments?post=2815"}],"version-history":[{"count":4,"href":"https:\/\/maisonmathilde.mu\/en\/wp-json\/wp\/v2\/pages\/2815\/revisions"}],"predecessor-version":[{"id":2820,"href":"https:\/\/maisonmathilde.mu\/en\/wp-json\/wp\/v2\/pages\/2815\/revisions\/2820"}],"wp:attachment":[{"href":"https:\/\/maisonmathilde.mu\/en\/wp-json\/wp\/v2\/media?parent=2815"}],"curies":[{"name":"wp","href":"https:\/\/api.w.org\/{rel}","templated":true}]}}